{"id":86721,"date":"2025-02-26T11:39:05","date_gmt":"2025-02-26T10:39:05","guid":{"rendered":"https:\/\/martehelgetun.no\/?post_type=product&#038;p=86721"},"modified":"2026-04-22T13:31:47","modified_gmt":"2026-04-22T11:31:47","slug":"varlett-slipover","status":"publish","type":"product","link":"https:\/\/martehelgetun.no\/en\/product\/varlett-slipover\/","title":{"rendered":"V\u00e5rlett slipover"},"content":{"rendered":"<p><strong>St\u00f8rrelser og m\u00e5l<\/strong><b><span class=\"Apple-converted-space\"><br \/>\n<\/span><\/b>St\u00f8rrelser: XS-S (M-L) XL-XXL<br \/>\nOvervidde:\u00a0110 (128) 146 cm<i><br \/>\n<\/i>Hel lengde: 50 (55) 60 m\u00e5lt midt bak<\/p>\n<p>&nbsp;<\/p>\n<p><strong>Garn og garnforbruk<\/strong><br \/>\n<b><\/b>3 x Lett by Marte Helgetun<br \/>\n9 (10) 12 n\u00f8ster nr. 04 Cappuccino<br \/>\nJakken strikkes med 3 tr\u00e5der Lett samtidig.<\/p>\n<p>&nbsp;<\/p>\n<p><strong>Tilbeh\u00f8r<\/strong><br \/>\n<b><\/b>4 kokosknapper 18 mm i diameter<\/p>\n<p>&nbsp;<\/p>\n<p><strong>Pinner og strikkefasthet<br \/>\n<\/strong>80 cm rundpinne nr. 4,5 og 3,5<br \/>\n18 masker glattstrikk med 3 tr\u00e5der Lett p\u00e5 pinne nr. 4,5 = 10 cm<\/p>\n","protected":false},"excerpt":{"rendered":"<p>En lett og luftig slipover, perfekt for den nordiske v\u00e5ren som gjerne byr p\u00e5 fire \u00e5rstider p\u00e5 en \u00e5 samme dag. Strikket med tre tr\u00e5der Lett sammen fra toppen og ned, passer den like godt over sommerkjolen som her over en enkel singlet.<span class=\"Apple-converted-space\">\u00a0<\/span><\/p>\n<p>Et stilig og anvendelig plagg som gir et ekstra lag varme uten \u00e5 f\u00f8les tungt.<\/p>\n<p>&nbsp;<\/p>\n<p>&nbsp;<\/p>\n<p><strong>Norsk og Engelsk oppskrift.<\/strong> Du f\u00e5r tilgang til alle spr\u00e5k som pdf fil ved kj\u00f8p.<\/p>\n<hr \/>\n<p data-start=\"0\" data-end=\"250\">A light and airy slipover, perfect for the Nordic spring, which often brings four seasons in a single day. Knitted top-down using three strands of Lett held together, it looks just as beautiful over a summer dress as it does over a simple tank top.<\/p>\n<p data-start=\"252\" data-end=\"341\">A stylish and versatile piece that adds an extra layer of warmth without feeling heavy.<\/p>\n<p data-start=\"343\" data-end=\"451\" data-is-last-node=\"\" data-is-only-node=\"\"><strong>Norwegian and English pattern included.<\/strong> You will receive access to all languages as PDF files upon purchase.<\/p>\n","protected":false},"featured_media":86744,"template":"","meta":{"_acf_changed":false,"_relevanssi_hide_post":"","_relevanssi_hide_content":"","_relevanssi_pin_for_all":"","_relevanssi_pin_keywords":"","_relevanssi_unpin_keywords":"","_relevanssi_related_keywords":"","_relevanssi_related_include_ids":"","_relevanssi_related_exclude_ids":"","_relevanssi_related_no_append":"","_relevanssi_related_not_related":"","_relevanssi_related_posts":"","_relevanssi_noindex_reason":""},"product_brand":[],"product_cat":[60,208,734,279],"product_tag":[128,37,134,263,136,808],"class_list":{"0":"post-86721","1":"product","2":"type-product","3":"status-publish","4":"has-post-thumbnail","6":"product_cat-strikkeoppskrifter","7":"product_cat-jakke","8":"product_cat-sommerstrikk","9":"product_cat-topp","10":"product_tag-design-by-marte-helgetun","11":"product_tag-lett","12":"product_tag-marte-helgetun","13":"product_tag-slipover","14":"product_tag-strikkeoppskrift","15":"product_tag-varlett-slipover","17":"first","18":"instock","19":"downloadable","20":"taxable","21":"shipping-taxable","22":"purchasable","23":"product-type-mht_bundle"},"acf":[],"_links":{"self":[{"href":"https:\/\/martehelgetun.no\/en\/wp-json\/wp\/v2\/product\/86721","targetHints":{"allow":["GET"]}}],"collection":[{"href":"https:\/\/martehelgetun.no\/en\/wp-json\/wp\/v2\/product"}],"about":[{"href":"https:\/\/martehelgetun.no\/en\/wp-json\/wp\/v2\/types\/product"}],"wp:featuredmedia":[{"embeddable":true,"href":"https:\/\/martehelgetun.no\/en\/wp-json\/wp\/v2\/media\/86744"}],"wp:attachment":[{"href":"https:\/\/martehelgetun.no\/en\/wp-json\/wp\/v2\/media?parent=86721"}],"wp:term":[{"taxonomy":"product_brand","embeddable":true,"href":"https:\/\/martehelgetun.no\/en\/wp-json\/wp\/v2\/product_brand?post=86721"},{"taxonomy":"product_cat","embeddable":true,"href":"https:\/\/martehelgetun.no\/en\/wp-json\/wp\/v2\/product_cat?post=86721"},{"taxonomy":"product_tag","embeddable":true,"href":"https:\/\/martehelgetun.no\/en\/wp-json\/wp\/v2\/product_tag?post=86721"}],"curies":[{"name":"wp","href":"https:\/\/api.w.org\/{rel}","templated":true}]}}