{"id":86293,"date":"2025-02-14T12:18:39","date_gmt":"2025-02-14T11:18:39","guid":{"rendered":"https:\/\/martehelgetun.no\/?post_type=product&#038;p=86293"},"modified":"2026-04-22T12:26:32","modified_gmt":"2026-04-22T10:26:32","slug":"en-drom-av-mohair","status":"publish","type":"product","link":"https:\/\/martehelgetun.no\/en\/product\/en-drom-av-mohair\/","title":{"rendered":"En dr\u00f8m av mohair"},"content":{"rendered":"<p><b>St\u00f8rrelser og m\u00e5l<br \/>\n<\/b>St\u00f8rrelser: XS-S (M-L) XL-XXL<br \/>\nOvervidde: 120 (150) 180<br \/>\nHel lengde: 60 (70) 80 m\u00e5lt midt bak med halskanten opp som en spiss<\/p>\n<p>&nbsp;<\/p>\n<p><b>Garn og garnforbruk<br \/>\n<\/b><b><\/b>3 x Lett by Marte Helgetun<br \/>\n10 (12) 15 n\u00f8ster nr. 17 Sand<br \/>\nJakken strikkes med 3 tr\u00e5der Lett samtidig.<\/p>\n<p>&nbsp;<\/p>\n<p><strong>Pinner og strikkefasthet<br \/>\n<\/strong>80 og 40 cm rundpinne nr. 4,5<br \/>\nB\u00e5de patenten og vrangborden strikkes p\u00e5 samme pinnetykkelse.<br \/>\n16 masker patentstrikk med 3 tr\u00e5der Lett p\u00e5 pinne nr. 4,5 = 10 cm<\/p>\n","protected":false},"excerpt":{"rendered":"<p>Denne dr\u00f8mmen av en patentstrikket jakke har en litt annerledes konstruksjon enn du kanskje er vant til, men byr p\u00e5 en morsom utfordring du vil elske! Den er like fin til hverdags som til fest.<\/p>\n<p>Jakken strikkes med tre tr\u00e5der Lett p\u00e5 pinne nr. 4,5. Du starter med \u00e5 strikke et skjerf, som deretter danner grunnlaget for bakstykket og ermekantene.<\/p>\n<p>&nbsp;<\/p>\n<p>&nbsp;<\/p>\n<p><strong>Norsk og Engelsk oppskrift.<\/strong> Du f\u00e5r tilgang til alle spr\u00e5k som pdf fil ved kj\u00f8p.<\/p>\n<hr \/>\n<p>&nbsp;<\/p>\n<p data-start=\"0\" data-end=\"221\">This dreamy brioche-knit cardigan features a slightly different construction than you may be used to, offering a fun challenge you\u2019re sure to enjoy! It\u2019s just as perfect for everyday wear as it is for special occasions.<\/p>\n<p data-start=\"223\" data-end=\"399\">The cardigan is knitted using three strands of Lett on 4.5 mm needles. You begin by knitting a scarf, which then forms the foundation for the back piece and the sleeve edges.<\/p>\n<p data-start=\"401\" data-end=\"509\" data-is-last-node=\"\" data-is-only-node=\"\"><strong>Norwegian and English pattern included.<\/strong> You will receive access to all languages as PDF files upon purchase.<\/p>\n","protected":false},"featured_media":93294,"template":"","meta":{"_acf_changed":false,"_relevanssi_hide_post":"","_relevanssi_hide_content":"","_relevanssi_pin_for_all":"","_relevanssi_pin_keywords":"","_relevanssi_unpin_keywords":"","_relevanssi_related_keywords":"","_relevanssi_related_include_ids":"","_relevanssi_related_exclude_ids":"","_relevanssi_related_no_append":"","_relevanssi_related_not_related":"","_relevanssi_related_posts":"","_relevanssi_noindex_reason":""},"product_brand":[],"product_cat":[60,208,81],"product_tag":[128,807,37,134,136],"class_list":{"0":"post-86293","1":"product","2":"type-product","3":"status-publish","4":"has-post-thumbnail","6":"product_cat-strikkeoppskrifter","7":"product_cat-jakke","8":"product_cat-skjerf-sjal-hals","9":"product_tag-design-by-marte-helgetun","10":"product_tag-en-drom-av-mohair","11":"product_tag-lett","12":"product_tag-marte-helgetun","13":"product_tag-strikkeoppskrift","15":"first","16":"instock","17":"downloadable","18":"taxable","19":"shipping-taxable","20":"purchasable","21":"product-type-mht_bundle"},"acf":[],"_links":{"self":[{"href":"https:\/\/martehelgetun.no\/en\/wp-json\/wp\/v2\/product\/86293","targetHints":{"allow":["GET"]}}],"collection":[{"href":"https:\/\/martehelgetun.no\/en\/wp-json\/wp\/v2\/product"}],"about":[{"href":"https:\/\/martehelgetun.no\/en\/wp-json\/wp\/v2\/types\/product"}],"wp:featuredmedia":[{"embeddable":true,"href":"https:\/\/martehelgetun.no\/en\/wp-json\/wp\/v2\/media\/93294"}],"wp:attachment":[{"href":"https:\/\/martehelgetun.no\/en\/wp-json\/wp\/v2\/media?parent=86293"}],"wp:term":[{"taxonomy":"product_brand","embeddable":true,"href":"https:\/\/martehelgetun.no\/en\/wp-json\/wp\/v2\/product_brand?post=86293"},{"taxonomy":"product_cat","embeddable":true,"href":"https:\/\/martehelgetun.no\/en\/wp-json\/wp\/v2\/product_cat?post=86293"},{"taxonomy":"product_tag","embeddable":true,"href":"https:\/\/martehelgetun.no\/en\/wp-json\/wp\/v2\/product_tag?post=86293"}],"curies":[{"name":"wp","href":"https:\/\/api.w.org\/{rel}","templated":true}]}}