{"id":85961,"date":"2025-02-06T13:56:05","date_gmt":"2025-02-06T12:56:05","guid":{"rendered":"https:\/\/martehelgetun.no\/?post_type=product&#038;p=85961"},"modified":"2026-04-22T12:32:46","modified_gmt":"2026-04-22T10:32:46","slug":"krystallsjal","status":"publish","type":"product","link":"https:\/\/martehelgetun.no\/en\/produkt\/krystallsjal\/","title":{"rendered":"Krystallsjal"},"content":{"rendered":"<p><strong>ST\u00d8RRELSER OG M\u00c5L<br \/>\n<\/strong>St\u00f8rrelser: Lite (Stort)<br \/>\nVidde: ca 120 (160) cm<br \/>\nH\u00f8yde: ca 45 (72) cm<\/p>\n<p>&nbsp;<\/p>\n<p><strong>GARN OG GARNFORBRUK<br \/>\n<\/strong>Lett x 2 by Marte Helgetun<br \/>\nLite sjal: 2 n\u00f8ster Lett i fargen 06 Skifer<br \/>\nStort sjal: 4 n\u00f8ster Lett i fargen 01 Kitt<\/p>\n<p>&nbsp;<\/p>\n<p><strong>PINNER OG STRIKKEFASTHET<br \/>\n<\/strong>80 cm rundpinne nr. 6<br \/>\n15 masker strukturstrikk p\u00e5 pinne nr. 6 = 10 cm i bredden<\/p>\n","protected":false},"excerpt":{"rendered":"<p>Krystallsjalet er en videreutvikling av storfavoritten Sn\u00f8krystallsjalet som er strikket i det fargegraderte garnet Lunt fargespill. Denne gangen \u00f8nsket jeg \u00e5 skape et luftig og lett Krystallsjal ved \u00e5 kombinere to tr\u00e5der av garnet Lett \u2013 en kombinasjon som gir et lett, silkemykt uttrykk.<\/p>\n<p>Du starter med noen f\u00e5 masker nederst p\u00e5 spissen og strikker deg oppover. De enkle \u00f8kningene i kantene ser nesten ut som i-cord, men er faktisk glattstrikk, noe som gir et rent og stilfullt preg. For \u00e5 fullf\u00f8re sjalet har jeg valgt en i-cord-felling, som s\u00f8rger for at alle tre kantene blir nesten like.<\/p>\n<div class=\"woocommerce-product-details__short-description\">\n<p><strong>Norsk og Engelsk oppskrift.<\/strong> Du f\u00e5r tilgang til alle spr\u00e5k som pdf fil ved kj\u00f8p.<\/p>\n<hr \/>\n<p data-start=\"0\" data-end=\"269\">The Crystal Shawl is a further development of the popular Snow Crystal Shawl, originally knitted in the gradient yarn Lunt Fargespill. This time, I wanted to create a light and airy version by combining two strands of Lett \u2013 a pairing that gives a soft, silky finish.<\/p>\n<p data-start=\"271\" data-end=\"584\">You begin with just a few stitches at the tip and work your way upward. The simple edge increases almost resemble i-cord, but are actually worked in stockinette stitch, creating a clean and elegant look. To finish the shawl, I\u2019ve chosen an i-cord bind-off, ensuring that all three edges appear nearly identical.<\/p>\n<p data-start=\"586\" data-end=\"694\" data-is-last-node=\"\" data-is-only-node=\"\">Norwegian and English pattern included. You will receive access to all languages as PDF files upon purchase.<\/p>\n<\/div>\n","protected":false},"featured_media":92562,"template":"","meta":{"_acf_changed":false,"_relevanssi_hide_post":"","_relevanssi_hide_content":"","_relevanssi_pin_for_all":"","_relevanssi_pin_keywords":"","_relevanssi_unpin_keywords":"","_relevanssi_related_keywords":"","_relevanssi_related_include_ids":"","_relevanssi_related_exclude_ids":"","_relevanssi_related_no_append":"","_relevanssi_related_not_related":"","_relevanssi_related_posts":"","_relevanssi_noindex_reason":""},"product_cat":[60,734,81],"product_tag":[128,773,83,37,134,40,194,188,136],"class_list":{"0":"post-85961","1":"product","2":"type-product","3":"status-publish","4":"has-post-thumbnail","6":"product_cat-strikkeoppskrifter","7":"product_cat-sommerstrikk","8":"product_cat-skjerf-sjal-hals","9":"product_tag-design-by-marte-helgetun","10":"product_tag-en-klem-av-mohair","11":"product_tag-hals","12":"product_tag-lett","13":"product_tag-marte-helgetun","14":"product_tag-silkmohair","15":"product_tag-skjerf","16":"product_tag-skuldervarmer","17":"product_tag-strikkeoppskrift","19":"first","20":"instock","21":"downloadable","22":"taxable","23":"shipping-taxable","24":"purchasable","25":"product-type-mht_bundle"},"acf":[],"_links":{"self":[{"href":"https:\/\/martehelgetun.no\/en\/wp-json\/wp\/v2\/product\/85961","targetHints":{"allow":["GET"]}}],"collection":[{"href":"https:\/\/martehelgetun.no\/en\/wp-json\/wp\/v2\/product"}],"about":[{"href":"https:\/\/martehelgetun.no\/en\/wp-json\/wp\/v2\/types\/product"}],"wp:featuredmedia":[{"embeddable":true,"href":"https:\/\/martehelgetun.no\/en\/wp-json\/wp\/v2\/media\/92562"}],"wp:attachment":[{"href":"https:\/\/martehelgetun.no\/en\/wp-json\/wp\/v2\/media?parent=85961"}],"wp:term":[{"taxonomy":"product_cat","embeddable":true,"href":"https:\/\/martehelgetun.no\/en\/wp-json\/wp\/v2\/product_cat?post=85961"},{"taxonomy":"product_tag","embeddable":true,"href":"https:\/\/martehelgetun.no\/en\/wp-json\/wp\/v2\/product_tag?post=85961"}],"curies":[{"name":"wp","href":"https:\/\/api.w.org\/{rel}","templated":true}]}}