{"id":85625,"date":"2025-01-28T13:12:14","date_gmt":"2025-01-28T12:12:14","guid":{"rendered":"https:\/\/martehelgetun.no\/?post_type=product&#038;p=85625"},"modified":"2025-06-10T13:22:12","modified_gmt":"2025-06-10T11:22:12","slug":"meander-genser","status":"publish","type":"product","link":"https:\/\/martehelgetun.no\/en\/produkt\/meander-genser\/","title":{"rendered":"Meander Genser"},"content":{"rendered":"<p><b>St\u00f8rrelser og m\u00e5l<br \/>\n<\/b>St\u00f8rrelser: XS-S (M-L) XL-XXL<br \/>\nOvervidde: 110 (128) 145 cm<br \/>\nHel lengde: 58 (60) 62cm<br \/>\nErmlengde: 40 (42) 44 cm<\/p>\n<p>&nbsp;<\/p>\n<p><b>Garn og garnforbruk<br \/>\n<\/b><b><\/b>Luftig + Lett by Marte Helgetun<br \/>\n4 (4) 5 n\u00f8ster Luftig nr. 16 Svart<br \/>\n4 (4) 5 n\u00f8ster Lett nr. 16 Svart<br \/>\n1 (1) 1 n\u00f8ste Luftig nr. 03 Sand<br \/>\n1 (1) 1 n\u00f8ste Lett nr. 17 Sand<br \/>\nGenseren strikkes med en tr\u00e5d av hver kvalitet sammen.<br \/>\nGenseren i lys utgave er strikket med Kitt som bunnfarge og Leire p\u00e5 stripene.<\/p>\n<p>&nbsp;<\/p>\n<p><b>Pinner og Strikkefasthet<\/b><br \/>\n80 lang rundpinne nr. 5,5 og 4,5<br \/>\n40 cm lang rundpinne 5,5 og 4,5<br \/>\n18 masker glattstrikk med 1 tr\u00e5d av hver kvalitet p\u00e5 pinne nr. 5,5 = 10 cm<\/p>\n","protected":false},"excerpt":{"rendered":"<p>En tidl\u00f8s, litt boxy genser som strikkes ovenfra og ned, og starter med noen f\u00e5 masker bak i nakken. Den unike garnkombinasjonen Luftig + Lett gir genseren et luftig og mykt uttrykk, til tross for at den strikkes p\u00e5 tykke pinner. Resultatet er et lett, behagelig hverdagsplagg som raskt blir en favoritt i garderoben din.<\/p>\n<p>&nbsp;<\/p>\n<p>&nbsp;<\/p>\n<p><strong>Norsk og Engelsk oppskrift.<\/strong> Du f\u00e5r tilgang til alle spr\u00e5k som pdf fil ved kj\u00f8p.<\/p>\n","protected":false},"featured_media":85634,"template":"","meta":{"_acf_changed":false,"_relevanssi_hide_post":"","_relevanssi_hide_content":"","_relevanssi_pin_for_all":"","_relevanssi_pin_keywords":"","_relevanssi_unpin_keywords":"","_relevanssi_related_keywords":"","_relevanssi_related_include_ids":"","_relevanssi_related_exclude_ids":"","_relevanssi_related_no_append":"","_relevanssi_related_not_related":"","_relevanssi_related_posts":"","_relevanssi_noindex_reason":""},"product_cat":[60,76],"product_tag":[128,37,36,134,136,272],"class_list":{"0":"post-85625","1":"product","2":"type-product","3":"status-publish","4":"has-post-thumbnail","6":"product_cat-strikkeoppskrifter","7":"product_cat-genser","8":"product_tag-design-by-marte-helgetun","9":"product_tag-lett","10":"product_tag-luftig","11":"product_tag-marte-helgetun","12":"product_tag-strikkeoppskrift","13":"product_tag-strikket-genser","15":"first","16":"instock","17":"downloadable","18":"taxable","19":"shipping-taxable","20":"purchasable","21":"product-type-mht_bundle"},"acf":[],"_links":{"self":[{"href":"https:\/\/martehelgetun.no\/en\/wp-json\/wp\/v2\/product\/85625","targetHints":{"allow":["GET"]}}],"collection":[{"href":"https:\/\/martehelgetun.no\/en\/wp-json\/wp\/v2\/product"}],"about":[{"href":"https:\/\/martehelgetun.no\/en\/wp-json\/wp\/v2\/types\/product"}],"wp:featuredmedia":[{"embeddable":true,"href":"https:\/\/martehelgetun.no\/en\/wp-json\/wp\/v2\/media\/85634"}],"wp:attachment":[{"href":"https:\/\/martehelgetun.no\/en\/wp-json\/wp\/v2\/media?parent=85625"}],"wp:term":[{"taxonomy":"product_cat","embeddable":true,"href":"https:\/\/martehelgetun.no\/en\/wp-json\/wp\/v2\/product_cat?post=85625"},{"taxonomy":"product_tag","embeddable":true,"href":"https:\/\/martehelgetun.no\/en\/wp-json\/wp\/v2\/product_tag?post=85625"}],"curies":[{"name":"wp","href":"https:\/\/api.w.org\/{rel}","templated":true}]}}