{"id":85073,"date":"2025-01-10T11:46:25","date_gmt":"2025-01-10T10:46:25","guid":{"rendered":"https:\/\/martehelgetun.no\/?post_type=product&#038;p=85073"},"modified":"2025-06-10T13:52:22","modified_gmt":"2025-06-10T11:52:22","slug":"happyhands-originalen-mini","status":"publish","type":"product","link":"https:\/\/martehelgetun.no\/en\/product\/happyhands-originalen-mini\/","title":{"rendered":"HappyHands Originalen Mini"},"content":{"rendered":"<p><strong>ST\u00d8RRELSER<br \/>\n<\/strong>1 (2) 4 (6) 8 (10) 12 (14) \u00e5r<\/p>\n<p>&nbsp;<\/p>\n<p><strong>GARN OG GARNFORBRUK<br \/>\n<\/strong>Lunt + Lett by Marte Helgetun<br \/>\n1 n\u00f8ste Lunt nr. 14 Kl\u00f8ver<br \/>\n1 n\u00f8ste Lett nr. 14 kl\u00f8ver<br \/>\nVottene strikkes med en tr\u00e5d av hver kvalitet sammen.<\/p>\n<p><strong><br \/>\nTILBEH\u00d8R<br \/>\n<\/strong>2 skinnlapper<\/p>\n<p><strong><br \/>\nPINNER OG STRIKKEFASTHET<br \/>\n<\/strong>80 cm lang rundpinne nr. 4<br \/>\nBruker du rundpinner med utskiftbare tupper anbefaler<br \/>\nvi \u00e5 bruke en tupp nr. 4 og en tupp nr. 3,5<br \/>\nEn pinne nr. 3 til I-cordkanten, rundpinne eller str\u00f8mpepinne<br \/>\n24 masker glattstrikk med en tr\u00e5d av hver kvalitet p\u00e5 pinne nr. 4 = 10 cm<\/p>\n","protected":false},"excerpt":{"rendered":"<p>Dette er votter som jeg blir glad av \u00e5 strikke, fordi teknikkene, som tyrkisk opplegg og magic loop er s\u00e5 morsomme. De sitter s\u00e5 godt p\u00e5 h\u00e5nden, og passer perfekt b\u00e5de til aktiv lek og finbruk. Du starter ved fingertuppene og strikker deg oppover.<\/p>\n<p>&nbsp;<\/p>\n<p>&nbsp;<\/p>\n<p><strong>Norsk og Engelsk oppskrift.<\/strong> Du f\u00e5r tilgang til alle spr\u00e5k som pdf fil ved kj\u00f8p.<\/p>\n","protected":false},"featured_media":85077,"template":"","meta":{"_acf_changed":false,"_relevanssi_hide_post":"","_relevanssi_hide_content":"","_relevanssi_pin_for_all":"","_relevanssi_pin_keywords":"","_relevanssi_unpin_keywords":"","_relevanssi_related_keywords":"","_relevanssi_related_include_ids":"","_relevanssi_related_exclude_ids":"","_relevanssi_related_no_append":"","_relevanssi_related_not_related":"","_relevanssi_related_posts":"","_relevanssi_noindex_reason":""},"product_brand":[],"product_cat":[60,402],"product_tag":[801,800,181,398],"class_list":{"0":"post-85073","1":"product","2":"type-product","3":"status-publish","4":"has-post-thumbnail","6":"product_cat-strikkeoppskrifter","7":"product_cat-votter","8":"product_tag-happyhands-mini","9":"product_tag-happyhands-original-mini","10":"product_tag-votter","11":"product_tag-votter-barn","13":"first","14":"instock","15":"downloadable","16":"taxable","17":"shipping-taxable","18":"purchasable","19":"product-type-mht_bundle"},"acf":[],"_links":{"self":[{"href":"https:\/\/martehelgetun.no\/en\/wp-json\/wp\/v2\/product\/85073","targetHints":{"allow":["GET"]}}],"collection":[{"href":"https:\/\/martehelgetun.no\/en\/wp-json\/wp\/v2\/product"}],"about":[{"href":"https:\/\/martehelgetun.no\/en\/wp-json\/wp\/v2\/types\/product"}],"wp:featuredmedia":[{"embeddable":true,"href":"https:\/\/martehelgetun.no\/en\/wp-json\/wp\/v2\/media\/85077"}],"wp:attachment":[{"href":"https:\/\/martehelgetun.no\/en\/wp-json\/wp\/v2\/media?parent=85073"}],"wp:term":[{"taxonomy":"product_brand","embeddable":true,"href":"https:\/\/martehelgetun.no\/en\/wp-json\/wp\/v2\/product_brand?post=85073"},{"taxonomy":"product_cat","embeddable":true,"href":"https:\/\/martehelgetun.no\/en\/wp-json\/wp\/v2\/product_cat?post=85073"},{"taxonomy":"product_tag","embeddable":true,"href":"https:\/\/martehelgetun.no\/en\/wp-json\/wp\/v2\/product_tag?post=85073"}],"curies":[{"name":"wp","href":"https:\/\/api.w.org\/{rel}","templated":true}]}}