{"id":84763,"date":"2025-01-03T13:19:41","date_gmt":"2025-01-03T12:19:41","guid":{"rendered":"https:\/\/martehelgetun.no\/?post_type=product&#038;p=84763"},"modified":"2025-06-10T13:22:16","modified_gmt":"2025-06-10T11:22:16","slug":"vinterland-genser","status":"publish","type":"product","link":"https:\/\/martehelgetun.no\/en\/produkt\/vinterland-genser\/","title":{"rendered":"Vinterland Genser"},"content":{"rendered":"<p><b>St\u00f8rrelser og m\u00e5l<span class=\"Apple-converted-space\"><br \/>\n<\/span><\/b>St\u00f8rrelser: XS-S (M-L) XL-XXL<br \/>\nOvervidde: 85 (113) 141 cm<br \/>\nHel lengde: 54 (56) 58 cm<br \/>\nErmlengde: 40 (42) 44 cm<\/p>\n<p>&nbsp;<\/p>\n<p><b>Garn og garnforbruk<br \/>\n<\/b>Luftig + Lett by Marte Helgetun<br \/>\n4 (4) 5 n\u00f8ster Luftig nr. 01 Kitt<br \/>\n4 (4) 5 n\u00f8ster Lett nr. 01 Kitt<br \/>\nGenseren strikkes med en tr\u00e5d av hver kvalitet.<\/p>\n<p>&nbsp;<\/p>\n<p><b>PINNER OG STRIKKEFASTHET<\/b><br \/>\n80 lang rundpinne nr. 5,5<span class=\"Apple-converted-space\">\u00a0 <\/span>og 4,5<br \/>\n40 cm lang rundpinne 5,5<br \/>\nSettpinner 4,5<br \/>\n17 masker strukturstrikk med 1 tr\u00e5d av hver kvalitet p\u00e5 pinne nr. 5,5 = 10 cm.<span class=\"Apple-converted-space\">\u00a0<\/span><\/p>\n","protected":false},"excerpt":{"rendered":"<p>Vinterland genseren er en luftig og lett hvit dr\u00f8m av en genser du fint kan bruke hele \u00e5ret. Det repeterende hullm\u00f8nsteret er hentet fra den fine vinterlandserien med tilbeh\u00f8r vi lanserte tidligere i vinter.<span class=\"Apple-converted-space\">\u00a0<\/span><\/p>\n<p>Du starter med noen f\u00e5 masker bak i nakken og strikker deg nedover. Genseren er strikket i garnkombinasjonen Luftig + Lett<\/p>\n<p>&nbsp;<\/p>\n<div class=\"woocommerce-product-details__short-description\">\n<p>&nbsp;<\/p>\n<p>&nbsp;<\/p>\n<p><strong>Norsk og Engelsk oppskrift.<\/strong> Du f\u00e5r tilgang til alle spr\u00e5k som pdf fil ved kj\u00f8p.<\/p>\n<\/div>\n","protected":false},"featured_media":84782,"template":"","meta":{"_acf_changed":false,"_relevanssi_hide_post":"","_relevanssi_hide_content":"","_relevanssi_pin_for_all":"","_relevanssi_pin_keywords":"","_relevanssi_unpin_keywords":"","_relevanssi_related_keywords":"","_relevanssi_related_include_ids":"","_relevanssi_related_exclude_ids":"","_relevanssi_related_no_append":"","_relevanssi_related_not_related":"","_relevanssi_related_posts":"","_relevanssi_noindex_reason":""},"product_cat":[60,76],"product_tag":[128,37,36,134,136,272],"class_list":{"0":"post-84763","1":"product","2":"type-product","3":"status-publish","4":"has-post-thumbnail","6":"product_cat-strikkeoppskrifter","7":"product_cat-genser","8":"product_tag-design-by-marte-helgetun","9":"product_tag-lett","10":"product_tag-luftig","11":"product_tag-marte-helgetun","12":"product_tag-strikkeoppskrift","13":"product_tag-strikket-genser","15":"first","16":"instock","17":"downloadable","18":"taxable","19":"shipping-taxable","20":"purchasable","21":"product-type-mht_bundle"},"acf":[],"_links":{"self":[{"href":"https:\/\/martehelgetun.no\/en\/wp-json\/wp\/v2\/product\/84763","targetHints":{"allow":["GET"]}}],"collection":[{"href":"https:\/\/martehelgetun.no\/en\/wp-json\/wp\/v2\/product"}],"about":[{"href":"https:\/\/martehelgetun.no\/en\/wp-json\/wp\/v2\/types\/product"}],"wp:featuredmedia":[{"embeddable":true,"href":"https:\/\/martehelgetun.no\/en\/wp-json\/wp\/v2\/media\/84782"}],"wp:attachment":[{"href":"https:\/\/martehelgetun.no\/en\/wp-json\/wp\/v2\/media?parent=84763"}],"wp:term":[{"taxonomy":"product_cat","embeddable":true,"href":"https:\/\/martehelgetun.no\/en\/wp-json\/wp\/v2\/product_cat?post=84763"},{"taxonomy":"product_tag","embeddable":true,"href":"https:\/\/martehelgetun.no\/en\/wp-json\/wp\/v2\/product_tag?post=84763"}],"curies":[{"name":"wp","href":"https:\/\/api.w.org\/{rel}","templated":true}]}}