{"id":84020,"date":"2024-12-11T08:43:56","date_gmt":"2024-12-11T07:43:56","guid":{"rendered":"https:\/\/martehelgetun.no\/?post_type=product&#038;p=84020"},"modified":"2026-04-09T11:04:37","modified_gmt":"2026-04-09T09:04:37","slug":"vinterland-votter","status":"publish","type":"product","link":"https:\/\/martehelgetun.no\/en\/product\/vinterland-votter\/","title":{"rendered":"Vinterland Votter"},"content":{"rendered":"<p><strong>ST\u00d8RRELSER<br \/>\n<\/strong>En st\u00f8rrelse<\/p>\n<p><strong>GARN OG GARNFORBRUK<br \/>\n<\/strong>Luftig + Lett by Marte Helgetun<br \/>\n1 n\u00f8ste Luftig nr. 05 Leire<br \/>\n1 n\u00f8ste Lett nr. 05 Leire<\/p>\n<p>Vottene strikkes med en tr\u00e5d av hver kvalitet.<\/p>\n<p><strong>PINNER OG STRIKKEFASTHET<br \/>\n<\/strong>80 cm lang rundpinne nr. 4,5<br \/>\neller settpinner hvis du heller foretrekker det.<\/p>\n<p>21 masker glattstrikk med 1 tr\u00e5d av hver kvalitet p\u00e5 pinne nr. 4,5 = 10 cm.<\/p>\n","protected":false},"excerpt":{"rendered":"<p>Et par skikkelig gode og myke votter blir aldri feil.\u00a0Du starter ved h\u00e5ndleddet med en dobbel ribbestrikket kant og strikker deg nedover.<\/p>\n<p>&nbsp;<\/p>\n<p>&nbsp;<\/p>\n<p><strong>Norsk og Engelsk oppskrift.<\/strong> Du f\u00e5r tilgang til alle spr\u00e5k som pdf fil ved kj\u00f8p.<\/p>\n","protected":false},"featured_media":84025,"template":"","meta":{"_acf_changed":false,"_relevanssi_hide_post":"","_relevanssi_hide_content":"","_relevanssi_pin_for_all":"","_relevanssi_pin_keywords":"","_relevanssi_unpin_keywords":"","_relevanssi_related_keywords":"","_relevanssi_related_include_ids":"","_relevanssi_related_exclude_ids":"","_relevanssi_related_no_append":"","_relevanssi_related_not_related":"","_relevanssi_related_posts":"","_relevanssi_noindex_reason":""},"product_brand":[],"product_cat":[60,402],"product_tag":[128,37,36,134,136,84,792,793,181],"class_list":{"0":"post-84020","1":"product","2":"type-product","3":"status-publish","4":"has-post-thumbnail","6":"product_cat-strikkeoppskrifter","7":"product_cat-votter","8":"product_tag-design-by-marte-helgetun","9":"product_tag-lett","10":"product_tag-luftig","11":"product_tag-marte-helgetun","12":"product_tag-strikkeoppskrift","13":"product_tag-tilbehor","14":"product_tag-vinterland","15":"product_tag-vinterland-votter","16":"product_tag-votter","18":"first","19":"instock","20":"downloadable","21":"taxable","22":"shipping-taxable","23":"purchasable","24":"product-type-mht_bundle"},"acf":[],"_links":{"self":[{"href":"https:\/\/martehelgetun.no\/en\/wp-json\/wp\/v2\/product\/84020","targetHints":{"allow":["GET"]}}],"collection":[{"href":"https:\/\/martehelgetun.no\/en\/wp-json\/wp\/v2\/product"}],"about":[{"href":"https:\/\/martehelgetun.no\/en\/wp-json\/wp\/v2\/types\/product"}],"wp:featuredmedia":[{"embeddable":true,"href":"https:\/\/martehelgetun.no\/en\/wp-json\/wp\/v2\/media\/84025"}],"wp:attachment":[{"href":"https:\/\/martehelgetun.no\/en\/wp-json\/wp\/v2\/media?parent=84020"}],"wp:term":[{"taxonomy":"product_brand","embeddable":true,"href":"https:\/\/martehelgetun.no\/en\/wp-json\/wp\/v2\/product_brand?post=84020"},{"taxonomy":"product_cat","embeddable":true,"href":"https:\/\/martehelgetun.no\/en\/wp-json\/wp\/v2\/product_cat?post=84020"},{"taxonomy":"product_tag","embeddable":true,"href":"https:\/\/martehelgetun.no\/en\/wp-json\/wp\/v2\/product_tag?post=84020"}],"curies":[{"name":"wp","href":"https:\/\/api.w.org\/{rel}","templated":true}]}}