{"id":83999,"date":"2024-12-11T08:33:00","date_gmt":"2024-12-11T07:33:00","guid":{"rendered":"https:\/\/martehelgetun.no\/?post_type=product&#038;p=83999"},"modified":"2026-04-09T11:04:32","modified_gmt":"2026-04-09T09:04:32","slug":"vinterland-lue","status":"publish","type":"product","link":"https:\/\/martehelgetun.no\/en\/produkt\/vinterland-lue\/","title":{"rendered":"Vinterland Lue"},"content":{"rendered":"<div class=\"page\" title=\"Page 4\">\n<div class=\"section\">\n<div class=\"layoutArea\">\n<div class=\"column\">\n<p><strong>ST\u00d8RRELSER<br \/>\n<\/strong>skolebarn (dame) herre<\/p>\n<p><strong>GARN OG GARNFORBRUK<br \/>\n<\/strong>Luftig + Lett by Marte Helgetun<br \/>\n1 n\u00f8ste Luftig nr. 05 Leire<br \/>\n1 n\u00f8ste Lett nr. 05 Leire<\/p>\n<p>Luen strikkes med 1 tr\u00e5d Lett og 1 tr\u00e5d Luftig sammen.<\/p>\n<p><strong>PINNER OG STRIKKEFASTHET<br \/>\n<\/strong>Liten rundpinne nr. 4,5<br \/>\nca. 21 masker glattstrikk med en tr\u00e5d av hver kvalitet p\u00e5 pinne nr. 4,5 = 10 cm.<\/p>\n<\/div>\n<\/div>\n<\/div>\n<\/div>\n","protected":false},"excerpt":{"rendered":"<div class=\"page\" title=\"Page 4\">\n<div class=\"section\">\n<div class=\"layoutArea\">\n<div class=\"column\">\n<p>N\u00e5r den f\u00f8rste sn\u00f8en daler ned, skjer det noe magisk med oss. Dagen blir lysere,\u00a0luften klarere, og alle lydene dempes. Da er det godt \u00e5 ha en lun og god lue.\u00a0Her starter du med vrangborden\u00a0nederst ved ansiktet og strikker deg oppover.<\/p>\n<p>&nbsp;<\/p>\n<p>&nbsp;<\/p>\n<p><strong>Norsk og Engelsk oppskrift.<\/strong> Du f\u00e5r tilgang til alle spr\u00e5k som pdf fil ved kj\u00f8p.<\/p>\n<p>&nbsp;<\/p>\n<\/div>\n<\/div>\n<\/div>\n<\/div>\n","protected":false},"featured_media":84015,"template":"","meta":{"_acf_changed":false,"_relevanssi_hide_post":"","_relevanssi_hide_content":"","_relevanssi_pin_for_all":"","_relevanssi_pin_keywords":"","_relevanssi_unpin_keywords":"","_relevanssi_related_keywords":"","_relevanssi_related_include_ids":"","_relevanssi_related_exclude_ids":"","_relevanssi_related_no_append":"","_relevanssi_related_not_related":"","_relevanssi_related_posts":"","_relevanssi_noindex_reason":""},"product_cat":[60,401],"product_tag":[128,37,171,36,134,136,84,792,791],"class_list":{"0":"post-83999","1":"product","2":"type-product","3":"status-publish","4":"has-post-thumbnail","6":"product_cat-strikkeoppskrifter","7":"product_cat-lue-panneband","8":"product_tag-design-by-marte-helgetun","9":"product_tag-lett","10":"product_tag-lue","11":"product_tag-luftig","12":"product_tag-marte-helgetun","13":"product_tag-strikkeoppskrift","14":"product_tag-tilbehor","15":"product_tag-vinterland","16":"product_tag-vinterland-lue","18":"first","19":"instock","20":"downloadable","21":"taxable","22":"shipping-taxable","23":"purchasable","24":"product-type-mht_bundle"},"acf":[],"_links":{"self":[{"href":"https:\/\/martehelgetun.no\/en\/wp-json\/wp\/v2\/product\/83999","targetHints":{"allow":["GET"]}}],"collection":[{"href":"https:\/\/martehelgetun.no\/en\/wp-json\/wp\/v2\/product"}],"about":[{"href":"https:\/\/martehelgetun.no\/en\/wp-json\/wp\/v2\/types\/product"}],"wp:featuredmedia":[{"embeddable":true,"href":"https:\/\/martehelgetun.no\/en\/wp-json\/wp\/v2\/media\/84015"}],"wp:attachment":[{"href":"https:\/\/martehelgetun.no\/en\/wp-json\/wp\/v2\/media?parent=83999"}],"wp:term":[{"taxonomy":"product_cat","embeddable":true,"href":"https:\/\/martehelgetun.no\/en\/wp-json\/wp\/v2\/product_cat?post=83999"},{"taxonomy":"product_tag","embeddable":true,"href":"https:\/\/martehelgetun.no\/en\/wp-json\/wp\/v2\/product_tag?post=83999"}],"curies":[{"name":"wp","href":"https:\/\/api.w.org\/{rel}","templated":true}]}}