{"id":83776,"date":"2024-12-05T14:50:39","date_gmt":"2024-12-05T13:50:39","guid":{"rendered":"https:\/\/martehelgetun.no\/?post_type=product&#038;p=83776"},"modified":"2025-06-10T13:43:27","modified_gmt":"2025-06-10T11:43:27","slug":"vinterland-hals","status":"publish","type":"product","link":"https:\/\/martehelgetun.no\/en\/produkt\/vinterland-hals\/","title":{"rendered":"Vinterland hals"},"content":{"rendered":"<div class=\"page\" title=\"Page 4\">\n<div class=\"section\">\n<div class=\"layoutArea\">\n<div class=\"column\">\n<p><b>St\u00f8rrelser<span class=\"Apple-converted-space\"><br \/>\n<\/span><\/b>Skolebarn (dame)<\/p>\n<p><b><br \/>\nGarn og garnforbruk<br \/>\n<\/b>Luftig + Lett by Marte Helgetun<br \/>\n1 n\u00f8ste Luftig nr. 06 Skifer<br \/>\n1 n\u00f8ste Lett nr. 06 Skifer<br \/>\nHalsen strikkes med 1 tr\u00e5d Lett og 1 tr\u00e5d Luftig sammen.<\/p>\n<p>&nbsp;<\/p>\n<p><b>Pinner og strikkefasthet<br \/>\n<\/b>Liten rundpinne nr. 5 og 5,5<br \/>\nca. 18 masker strukturstrikk med en tr\u00e5d av hver kvalitet p\u00e5 pinne nr. 5,5 = 10 cm.<\/p>\n<\/div>\n<\/div>\n<\/div>\n<\/div>\n","protected":false},"excerpt":{"rendered":"<div class=\"page\" title=\"Page 4\">\n<div class=\"section\">\n<div class=\"layoutArea\">\n<div class=\"column\">\n<p>N\u00e5r den f\u00f8rste sn\u00f8en daler ned, skjer det noe magisk med oss. Dagen blir lysere, luften klarere, og alle lydene dempes. Da er det godt \u00e5 ha en lun og god hals. Her starter du \u00f8verst og strikker deg nedover.<\/p>\n<p>&nbsp;<\/p>\n<\/div>\n<\/div>\n<\/div>\n<\/div>\n","protected":false},"featured_media":83777,"template":"","meta":{"_acf_changed":false,"_relevanssi_hide_post":"","_relevanssi_hide_content":"","_relevanssi_pin_for_all":"","_relevanssi_pin_keywords":"","_relevanssi_unpin_keywords":"","_relevanssi_related_keywords":"","_relevanssi_related_include_ids":"","_relevanssi_related_exclude_ids":"","_relevanssi_related_no_append":"","_relevanssi_related_not_related":"","_relevanssi_related_posts":"","_relevanssi_noindex_reason":""},"product_cat":[60,81],"product_tag":[128,37,36,134,188,136],"acf":[],"_links":{"self":[{"href":"https:\/\/martehelgetun.no\/en\/wp-json\/wp\/v2\/product\/83776"}],"collection":[{"href":"https:\/\/martehelgetun.no\/en\/wp-json\/wp\/v2\/product"}],"about":[{"href":"https:\/\/martehelgetun.no\/en\/wp-json\/wp\/v2\/types\/product"}],"wp:featuredmedia":[{"embeddable":true,"href":"https:\/\/martehelgetun.no\/en\/wp-json\/wp\/v2\/media\/83777"}],"wp:attachment":[{"href":"https:\/\/martehelgetun.no\/en\/wp-json\/wp\/v2\/media?parent=83776"}],"wp:term":[{"taxonomy":"product_cat","embeddable":true,"href":"https:\/\/martehelgetun.no\/en\/wp-json\/wp\/v2\/product_cat?post=83776"},{"taxonomy":"product_tag","embeddable":true,"href":"https:\/\/martehelgetun.no\/en\/wp-json\/wp\/v2\/product_tag?post=83776"}],"curies":[{"name":"wp","href":"https:\/\/api.w.org\/{rel}","templated":true}]}}