{"id":83489,"date":"2024-11-28T14:08:26","date_gmt":"2024-11-28T13:08:26","guid":{"rendered":"https:\/\/martehelgetun.no\/?post_type=product&#038;p=83489"},"modified":"2025-06-10T13:43:24","modified_gmt":"2025-06-10T11:43:24","slug":"vinterland-mini-skjerf","status":"publish","type":"product","link":"https:\/\/martehelgetun.no\/en\/produkt\/vinterland-mini-skjerf\/","title":{"rendered":"Vinterland Mini Skjerf"},"content":{"rendered":"<div class=\"page\" title=\"Page 4\">\n<div class=\"section\">\n<div class=\"layoutArea\">\n<div class=\"column\">\n<p><strong>ST\u00d8RRELSER OG MA\u030aL<br \/>\n<\/strong>St\u00f8rrelser: Mini skjerf<br \/>\nBredde: 11 cm<br \/>\nLengde: 140 cm<\/p>\n<p>&nbsp;<\/p>\n<p><strong>GARN OG GARNFORBRUK<\/strong><br \/>\nLuftig + Lett by Marte Helgetun<br \/>\n1 n\u00f8ste Luftig nr. 01 Kitt<br \/>\n1 n\u00f8ste Lett nr. 01 Kitt<br \/>\nSkjerfet strikkes av 1 tra\u030ad Lett og 1 tra\u030ad Luftig sammen.<\/p>\n<p>&nbsp;<\/p>\n<p><strong>PINNER OG STRIKKEFASTHET<\/strong><br \/>\nValgfri rundpinne nr. 5,5<br \/>\nca. 22 masker strukturstrikk med 2 tra\u030ader sammen pa\u030a pinne nr. 5,5 = 10 cm.<\/p>\n<\/div>\n<\/div>\n<\/div>\n<\/div>\n","protected":false},"excerpt":{"rendered":"<div class=\"page\" title=\"Page 4\">\n<div class=\"section\">\n<div class=\"layoutArea\">\n<div class=\"column\">\n<p>Na\u030ar den f\u00f8rste sn\u00f8en daler ned, skjer det noe magisk med oss. Dagen blir lysere, luften klarere, og alle lydene dempes. Da er det godt a\u030a ha et lite men lunt og varmt skjerf som dette rundt halsen.<br \/>\nDet er i de sm\u00e5 detaljene magien skjer med dette skjerfet, men du kommer fort inn i det sa\u030a fort du starter a\u030a strikke.<\/p>\n<p>Det finnes ogs\u00e5 et st\u00f8rre skjerf i Vinterlandserien. <a href=\"https:\/\/martehelgetun.no\/produkt\/vinterland-maxi-skjerf\/\">Vinterland Maxi Skjerf<\/a><\/p>\n<p>&nbsp;<\/p>\n<p>&nbsp;<\/p>\n<p><strong>Norsk og Engelsk oppskrift.<\/strong> Du f\u00e5r tilgang til alle spr\u00e5k som pdf fil ved kj\u00f8p.<\/p>\n<\/div>\n<\/div>\n<\/div>\n<\/div>\n","protected":false},"featured_media":83200,"template":"","meta":{"_acf_changed":false,"_relevanssi_hide_post":"","_relevanssi_hide_content":"","_relevanssi_pin_for_all":"","_relevanssi_pin_keywords":"","_relevanssi_unpin_keywords":"","_relevanssi_related_keywords":"","_relevanssi_related_include_ids":"","_relevanssi_related_exclude_ids":"","_relevanssi_related_no_append":"","_relevanssi_related_not_related":"","_relevanssi_related_posts":"","_relevanssi_noindex_reason":""},"product_cat":[60,81],"product_tag":[128,37,36,134,188,136],"class_list":{"0":"post-83489","1":"product","2":"type-product","3":"status-publish","4":"has-post-thumbnail","6":"product_cat-strikkeoppskrifter","7":"product_cat-skjerf-sjal-hals","8":"product_tag-design-by-marte-helgetun","9":"product_tag-lett","10":"product_tag-luftig","11":"product_tag-marte-helgetun","12":"product_tag-skuldervarmer","13":"product_tag-strikkeoppskrift","15":"first","16":"instock","17":"downloadable","18":"taxable","19":"shipping-taxable","20":"purchasable","21":"product-type-mht_bundle"},"acf":[],"_links":{"self":[{"href":"https:\/\/martehelgetun.no\/en\/wp-json\/wp\/v2\/product\/83489","targetHints":{"allow":["GET"]}}],"collection":[{"href":"https:\/\/martehelgetun.no\/en\/wp-json\/wp\/v2\/product"}],"about":[{"href":"https:\/\/martehelgetun.no\/en\/wp-json\/wp\/v2\/types\/product"}],"wp:featuredmedia":[{"embeddable":true,"href":"https:\/\/martehelgetun.no\/en\/wp-json\/wp\/v2\/media\/83200"}],"wp:attachment":[{"href":"https:\/\/martehelgetun.no\/en\/wp-json\/wp\/v2\/media?parent=83489"}],"wp:term":[{"taxonomy":"product_cat","embeddable":true,"href":"https:\/\/martehelgetun.no\/en\/wp-json\/wp\/v2\/product_cat?post=83489"},{"taxonomy":"product_tag","embeddable":true,"href":"https:\/\/martehelgetun.no\/en\/wp-json\/wp\/v2\/product_tag?post=83489"}],"curies":[{"name":"wp","href":"https:\/\/api.w.org\/{rel}","templated":true}]}}