{"id":83257,"date":"2024-11-21T14:55:47","date_gmt":"2024-11-21T13:55:47","guid":{"rendered":"https:\/\/martehelgetun.no\/?post_type=product&#038;p=83257"},"modified":"2025-06-10T13:30:37","modified_gmt":"2025-06-10T11:30:37","slug":"x-mas-cardigan","status":"publish","type":"product","link":"https:\/\/martehelgetun.no\/en\/produkt\/x-mas-cardigan\/","title":{"rendered":"X-mas Cardigan"},"content":{"rendered":"<div class=\"page\" title=\"Page 4\">\n<div class=\"section\">\n<div class=\"layoutArea\">\n<div class=\"column\">\n<p><strong>ST\u00d8RRELSER OG MA\u030aL<br \/>\n<\/strong>St\u00f8rrelser: 1 (2) 4 (6) a\u030ar<br \/>\nOvervidde: 55 (62) 70 (77) cm<br \/>\nHel lengde: 28 (32) 36 (40) cm<br \/>\nErmlengde: 20 (23) 26 (29) cm<\/p>\n<p>&nbsp;<\/p>\n<p><strong>GARN OG GARNFORBRUK<br \/>\n<\/strong>Lunt + Lett by Marte Helgetun<br \/>\n2 (3) 4 (5) n\u00f8ster Lunt nr. 01 Kitt<br \/>\n2 (3) 3 (4) n\u00f8ster Lett nr. 01 Kitt<\/p>\n<p>Til brodering brukte jeg en liten rest Lunt nr. 05 Leire og<br \/>\nLunt nr. 20 Ta\u030akerosa til snuten.<\/p>\n<p>&nbsp;<\/p>\n<p><strong>TILBEH\u00d8R<\/strong><br \/>\n5 (6) 6 (7) sma\u030a kokosknapper 15 mm.<\/p>\n<p>&nbsp;<\/p>\n<p><strong>PINNER OG STRIKKEFASTHET<\/strong><br \/>\n80 cm rundpinne nr. 3,5 og 4<br \/>\nSettpinner nr. 3,5 og 4 hvis du ikke bruker magic loop.<br \/>\n22 masker glattstrikk med en tra\u030ad av hver kvalitet pa\u030a pinne nr. 4 = 10 cm<\/p>\n<\/div>\n<\/div>\n<\/div>\n<\/div>\n","protected":false},"excerpt":{"rendered":"<div class=\"woocommerce-product-details__short-description\">\n<p><span style=\"font-size: large;\">Lag deg en magisk f\u00f8rjulstid med hjemmestrikket cardigan med et sjarmerende julemotiv p\u00e5 ryggen. Jakken strikkes ovenfra og ned og motivet broderes p\u00e5 til slutt.<\/span><\/p>\n<p>&nbsp;<\/p>\n<p>&nbsp;<\/p>\n<p><strong>Norsk og Engelsk oppskrift.<\/strong> Du f\u00e5r tilgang til alle spr\u00e5k som pdf fil ved kj\u00f8p.<\/p>\n<\/div>\n","protected":false},"featured_media":83264,"template":"","meta":{"_acf_changed":false,"_relevanssi_hide_post":"","_relevanssi_hide_content":"","_relevanssi_pin_for_all":"","_relevanssi_pin_keywords":"","_relevanssi_unpin_keywords":"","_relevanssi_related_keywords":"","_relevanssi_related_include_ids":"","_relevanssi_related_exclude_ids":"","_relevanssi_related_no_append":"","_relevanssi_related_not_related":"","_relevanssi_related_posts":"","_relevanssi_noindex_reason":""},"product_cat":[60,246,208],"product_tag":[128,395,37,33,134,136],"acf":[],"_links":{"self":[{"href":"https:\/\/martehelgetun.no\/en\/wp-json\/wp\/v2\/product\/83257"}],"collection":[{"href":"https:\/\/martehelgetun.no\/en\/wp-json\/wp\/v2\/product"}],"about":[{"href":"https:\/\/martehelgetun.no\/en\/wp-json\/wp\/v2\/types\/product"}],"wp:featuredmedia":[{"embeddable":true,"href":"https:\/\/martehelgetun.no\/en\/wp-json\/wp\/v2\/media\/83264"}],"wp:attachment":[{"href":"https:\/\/martehelgetun.no\/en\/wp-json\/wp\/v2\/media?parent=83257"}],"wp:term":[{"taxonomy":"product_cat","embeddable":true,"href":"https:\/\/martehelgetun.no\/en\/wp-json\/wp\/v2\/product_cat?post=83257"},{"taxonomy":"product_tag","embeddable":true,"href":"https:\/\/martehelgetun.no\/en\/wp-json\/wp\/v2\/product_tag?post=83257"}],"curies":[{"name":"wp","href":"https:\/\/api.w.org\/{rel}","templated":true}]}}