{"id":83195,"date":"2024-11-20T14:30:30","date_gmt":"2024-11-20T13:30:30","guid":{"rendered":"https:\/\/martehelgetun.no\/?post_type=product&#038;p=83195"},"modified":"2025-06-10T13:43:21","modified_gmt":"2025-06-10T11:43:21","slug":"vinterland-maxi-skjerf","status":"publish","type":"product","link":"https:\/\/martehelgetun.no\/en\/produkt\/vinterland-maxi-skjerf\/","title":{"rendered":"Vinterland Maxi Skjerf"},"content":{"rendered":"<div class=\"page\" title=\"Page 4\">\n<div class=\"section\">\n<div class=\"layoutArea\">\n<div class=\"column\">\n<p><strong>ST\u00d8RRELSER OG MA\u030aL<br \/>\n<\/strong>St\u00f8rrelser: Maxi skjerf<br \/>\nBredde: 22 cm Lengde: 190 cm<\/p>\n<p>&nbsp;<\/p>\n<p><strong>GARN OG GARNFORBRUK<\/strong><br \/>\nLuftig + Lett by Marte Helgetun<br \/>\n2 n\u00f8ster Luftig nr. 04 Cappuccino<br \/>\n2 n\u00f8ster Lett nr. 04 Cappuccino<br \/>\nSkjerfet strikkes av 1 tra\u030ad Lett og 1 tra\u030ad Luftig sammen.<\/p>\n<p>&nbsp;<\/p>\n<p><strong>PINNER OG STRIKKEFASTHET<\/strong><br \/>\nValgfri rundpinne nr. 5,5<br \/>\nca. 22 masker strukturstrikk med 2 tra\u030ader sammen pa\u030a pinne nr. 5,5 = 10 cm.<\/p>\n<\/div>\n<\/div>\n<\/div>\n<\/div>\n","protected":false},"excerpt":{"rendered":"<div class=\"page\" title=\"Page 4\">\n<div class=\"section\">\n<div class=\"layoutArea\">\n<div class=\"column\">\n<p>Na\u030ar den f\u00f8rste sn\u00f8en daler ned, skjer det noe magisk med oss. Dagen blir lysere, luften klarere, og alle lydene dempes. Da er det godt a\u030a ha et lunt og varmt skjerf som dette rundt halsen.<br \/>\nDet er i detaljene magien skjer med dette skjerfet, men du kommer fort inn i det sa\u030a fort du starter a\u030a strikke.<\/p>\n<p>&nbsp;<\/p>\n<p>&nbsp;<\/p>\n<p><strong>Norsk og Engelsk oppskrift.<\/strong> Du f\u00e5r tilgang til alle spr\u00e5k som pdf fil ved kj\u00f8p.<\/p>\n<\/div>\n<\/div>\n<\/div>\n<\/div>\n","protected":false},"featured_media":83202,"template":"","meta":{"_acf_changed":false,"_relevanssi_hide_post":"","_relevanssi_hide_content":"","_relevanssi_pin_for_all":"","_relevanssi_pin_keywords":"","_relevanssi_unpin_keywords":"","_relevanssi_related_keywords":"","_relevanssi_related_include_ids":"","_relevanssi_related_exclude_ids":"","_relevanssi_related_no_append":"","_relevanssi_related_not_related":"","_relevanssi_related_posts":"","_relevanssi_noindex_reason":""},"product_cat":[60,81],"product_tag":[128,37,36,134,188,136],"acf":[],"_links":{"self":[{"href":"https:\/\/martehelgetun.no\/en\/wp-json\/wp\/v2\/product\/83195"}],"collection":[{"href":"https:\/\/martehelgetun.no\/en\/wp-json\/wp\/v2\/product"}],"about":[{"href":"https:\/\/martehelgetun.no\/en\/wp-json\/wp\/v2\/types\/product"}],"wp:featuredmedia":[{"embeddable":true,"href":"https:\/\/martehelgetun.no\/en\/wp-json\/wp\/v2\/media\/83202"}],"wp:attachment":[{"href":"https:\/\/martehelgetun.no\/en\/wp-json\/wp\/v2\/media?parent=83195"}],"wp:term":[{"taxonomy":"product_cat","embeddable":true,"href":"https:\/\/martehelgetun.no\/en\/wp-json\/wp\/v2\/product_cat?post=83195"},{"taxonomy":"product_tag","embeddable":true,"href":"https:\/\/martehelgetun.no\/en\/wp-json\/wp\/v2\/product_tag?post=83195"}],"curies":[{"name":"wp","href":"https:\/\/api.w.org\/{rel}","templated":true}]}}