{"id":83055,"date":"2024-11-15T15:52:21","date_gmt":"2024-11-15T14:52:21","guid":{"rendered":"https:\/\/martehelgetun.no\/?post_type=product&#038;p=83055"},"modified":"2026-04-22T15:31:40","modified_gmt":"2026-04-22T13:31:40","slug":"x-mas-seleskjort-lunt-lett","status":"publish","type":"product","link":"https:\/\/martehelgetun.no\/en\/product\/x-mas-seleskjort-lunt-lett\/","title":{"rendered":"X-mas Seleskj\u00f8rt &#8211; Lunt + Lett"},"content":{"rendered":"<p><strong>ST\u00d8RRELSER OG M\u00c5L<br \/>\n<\/strong>St\u00f8rrelse: 1 (2) 4 (6) \u00e5r<br \/>\nVidde: 60 (63) 67 (70) cm<br \/>\nHel lengde: 43 (49) 56 (66) cm<\/p>\n<p><strong><br \/>\nGARN OG GARNFORBRUK<br \/>\n<\/strong>Lunt + Lett by Marte Helgetun<br \/>\n1 (1) 2 (2) 150 g n\u00f8ster Fargespill Mono nr. 11 Leire<br \/>\n2 (3) 3 (4) n\u00f8ster Lett nr. 05 Leire<\/p>\n<p>Eller<\/p>\n<p>2 (3) 4 (5) n\u00f8ster Lunt nr. 05 Leire<br \/>\n2 (3) 3 (4) n\u00f8ster Lett nr. 05 Leire<\/p>\n<p>Til brodering brukte jeg en liten rest<br \/>\nLunt nr. 01 Kitt og<br \/>\nLunt nr. 20 T\u00e5kerosa til snuten.<\/p>\n<p><strong><br \/>\nTILBEH\u00d8R<br \/>\n<\/strong>4 kokosknapper 15 mm i diameter<\/p>\n<p>&nbsp;<\/p>\n<p><strong>PINNER OG STRIKKEFASTHET<br \/>\n<\/strong>40 og 60 cm lang rundpinne nr. 3,5 og 4<br \/>\n22 masker glattstrikk med en tr\u00e5d av hver kvalitet\u00a0p\u00e5 pinne nr. 4 = 10 cm<\/p>\n","protected":false},"excerpt":{"rendered":"<div class=\"woocommerce-product-details__short-description\">\n<p><span style=\"font-size: large;\">Lag deg en magisk f\u00f8rjulstid med hjemmestrikket Seleskj\u00f8rt med et sjarmerende julemotiv. Skj\u00f8rt strikkes nedenfra og opp og motivet broderes p\u00e5 til slutt. Skj\u00f8rt p\u00e5 bildene er strikket med 1 tr\u00e5d Fargespill Mono + 1 tr\u00e5d Lett.<\/span><\/p>\n<p><span style=\"font-size: large;\">Du kan ogs\u00e5 benytte Lunt + Lett og dermed f\u00e5r du\u00a0flere farger \u00e5 velge\u00a0mellom<i>, <\/i>bestill da egen garnpakke. Begge garnpakkene innholder samme oppskrift.<\/span><\/p>\n<\/div>\n<div class=\"price-cart-wrapper\">\n<p>&nbsp;<\/p>\n<p>&nbsp;<\/p>\n<p><strong>Norsk og Engelsk oppskrift.<\/strong> Du f\u00e5r tilgang til alle spr\u00e5k som pdf fil ved kj\u00f8p.<\/p>\n<hr \/>\n<p data-start=\"0\" data-end=\"288\">Create a magical pre-Christmas season with a handmade pinafore skirt featuring a charming holiday motif. The skirt is worked from the bottom up, and the motif is embroidered at the end. The skirt shown in the photos is knitted using one strand of Fargespill Mono and one strand of Lett.<\/p>\n<p data-start=\"290\" data-end=\"447\">You can also use Lunt together with Lett, giving you even more color options \u2013 simply order the separate yarn kit. Both yarn kits include the same pattern.<\/p>\n<p data-start=\"449\" data-end=\"557\" data-is-last-node=\"\" data-is-only-node=\"\"><strong>Norwegian and English pattern included.<\/strong> You will receive access to all languages as PDF files upon purchase.<\/p>\n<\/div>\n","protected":false},"featured_media":83030,"template":"","meta":{"_acf_changed":false,"_relevanssi_hide_post":"","_relevanssi_hide_content":"","_relevanssi_pin_for_all":"","_relevanssi_pin_keywords":"","_relevanssi_unpin_keywords":"","_relevanssi_related_keywords":"","_relevanssi_related_include_ids":"","_relevanssi_related_exclude_ids":"","_relevanssi_related_no_append":"","_relevanssi_related_not_related":"","_relevanssi_related_posts":"","_relevanssi_noindex_reason":""},"product_brand":[],"product_cat":[60,201,246],"product_tag":[128,397,395,37,33,134,136],"class_list":{"0":"post-83055","1":"product","2":"type-product","3":"status-publish","4":"has-post-thumbnail","6":"product_cat-strikkeoppskrifter","7":"product_cat-kjoler-og-skjort","8":"product_cat-tullemor-lillebror","9":"product_tag-design-by-marte-helgetun","10":"product_tag-happy-hands-x-mas-mini","11":"product_tag-happy-x-mas","12":"product_tag-lett","13":"product_tag-lunt","14":"product_tag-marte-helgetun","15":"product_tag-strikkeoppskrift","17":"first","18":"instock","19":"downloadable","20":"taxable","21":"shipping-taxable","22":"purchasable","23":"product-type-mht_bundle"},"acf":[],"_links":{"self":[{"href":"https:\/\/martehelgetun.no\/en\/wp-json\/wp\/v2\/product\/83055","targetHints":{"allow":["GET"]}}],"collection":[{"href":"https:\/\/martehelgetun.no\/en\/wp-json\/wp\/v2\/product"}],"about":[{"href":"https:\/\/martehelgetun.no\/en\/wp-json\/wp\/v2\/types\/product"}],"wp:featuredmedia":[{"embeddable":true,"href":"https:\/\/martehelgetun.no\/en\/wp-json\/wp\/v2\/media\/83030"}],"wp:attachment":[{"href":"https:\/\/martehelgetun.no\/en\/wp-json\/wp\/v2\/media?parent=83055"}],"wp:term":[{"taxonomy":"product_brand","embeddable":true,"href":"https:\/\/martehelgetun.no\/en\/wp-json\/wp\/v2\/product_brand?post=83055"},{"taxonomy":"product_cat","embeddable":true,"href":"https:\/\/martehelgetun.no\/en\/wp-json\/wp\/v2\/product_cat?post=83055"},{"taxonomy":"product_tag","embeddable":true,"href":"https:\/\/martehelgetun.no\/en\/wp-json\/wp\/v2\/product_tag?post=83055"}],"curies":[{"name":"wp","href":"https:\/\/api.w.org\/{rel}","templated":true}]}}