{"id":82955,"date":"2024-11-14T10:32:43","date_gmt":"2024-11-14T09:32:43","guid":{"rendered":"https:\/\/martehelgetun.no\/?post_type=product&#038;p=82955"},"modified":"2026-04-15T11:26:02","modified_gmt":"2026-04-15T09:26:02","slug":"redesigned-project-39-walnut","status":"publish","type":"product","link":"https:\/\/martehelgetun.no\/en\/product\/redesigned-project-39-walnut\/","title":{"rendered":"Re:Designed Project 39 Walnut"},"content":{"rendered":"<div class=\"et_pb_tab clearfix et_pb_active_content et-pb-active-slide\">\n<div class=\"et_pb_tab_content\">\n<div class=\"flex-shrink-0 flex flex-col relative items-end\">\n<div class=\"pt-0.5 juice:pt-0\">\n<div class=\"et_pb_tab clearfix et_pb_active_content et-pb-active-slide\">\n<div class=\"et_pb_tab_content\">\n<p>Project 39 en stilig og romslig prosjektveske med utrolig plass til tross for den lille st\u00f8rrelsen.\u00a0Vi har lagt til h\u00e5ndtak, frontlomme og crossover til den ikoniske Project 10. Den skr\u00e5 metallglidel\u00e5sen folder ut et romslig rom med mange lommer og detaljer. Denne vesken kommer med et stoffnett.<\/p>\n<p>Laget i v\u00e5r Urban skinnkvalitet &#8211; et malt kuskinn, hvor hver pose behandles i fargefarge f\u00f8r overflaten er ferdigbehandlet, noe som beholder det originale narvm\u00f8nsteret til det r\u00e5 skinnet. Etter at posene er farget p\u00e5f\u00f8res lett voks som etterlater en jevn og myk finish med unike egenskaper.<\/p>\n<p>Kvalitet: 100% skinn<br \/>\nM\u00e5l: H:17 x B:26 x D:12 cm<\/p>\n<\/div>\n<\/div>\n<\/div>\n<\/div>\n<\/div>\n<\/div>\n","protected":false},"excerpt":{"rendered":"<p>Project 39 en stilig og romslig prosjektveske med utrolig plass til tross for den lille st\u00f8rrelsen.\u00a0Vi har lagt til h\u00e5ndtak, frontlomme og crossover til den ikoniske Project 10. Den skr\u00e5 metallglidel\u00e5sen folder ut et romslig rom med mange lommer og detaljer. Denne vesken kommer med et stoffnett. Laget i v\u00e5r Urban skinnkvalitet &#8211; et malt [&hellip;]<\/p>\n","protected":false},"featured_media":88795,"template":"","meta":{"_acf_changed":false,"_relevanssi_hide_post":"","_relevanssi_hide_content":"","_relevanssi_pin_for_all":"","_relevanssi_pin_keywords":"","_relevanssi_unpin_keywords":"","_relevanssi_related_keywords":"","_relevanssi_related_include_ids":"","_relevanssi_related_exclude_ids":"","_relevanssi_related_no_append":"","_relevanssi_related_not_related":"","_relevanssi_related_posts":"","_relevanssi_noindex_reason":""},"product_brand":[],"product_cat":[745,671],"product_tag":[],"class_list":{"0":"post-82955","1":"product","2":"type-product","3":"status-publish","4":"has-post-thumbnail","6":"product_cat-re-designed-project","7":"product_cat-oppbevaring","9":"first","10":"instock","11":"taxable","12":"shipping-taxable","13":"purchasable","14":"product-type-simple"},"acf":[],"_links":{"self":[{"href":"https:\/\/martehelgetun.no\/en\/wp-json\/wp\/v2\/product\/82955","targetHints":{"allow":["GET"]}}],"collection":[{"href":"https:\/\/martehelgetun.no\/en\/wp-json\/wp\/v2\/product"}],"about":[{"href":"https:\/\/martehelgetun.no\/en\/wp-json\/wp\/v2\/types\/product"}],"wp:featuredmedia":[{"embeddable":true,"href":"https:\/\/martehelgetun.no\/en\/wp-json\/wp\/v2\/media\/88795"}],"wp:attachment":[{"href":"https:\/\/martehelgetun.no\/en\/wp-json\/wp\/v2\/media?parent=82955"}],"wp:term":[{"taxonomy":"product_brand","embeddable":true,"href":"https:\/\/martehelgetun.no\/en\/wp-json\/wp\/v2\/product_brand?post=82955"},{"taxonomy":"product_cat","embeddable":true,"href":"https:\/\/martehelgetun.no\/en\/wp-json\/wp\/v2\/product_cat?post=82955"},{"taxonomy":"product_tag","embeddable":true,"href":"https:\/\/martehelgetun.no\/en\/wp-json\/wp\/v2\/product_tag?post=82955"}],"curies":[{"name":"wp","href":"https:\/\/api.w.org\/{rel}","templated":true}]}}