{"id":82870,"date":"2024-11-12T14:08:35","date_gmt":"2024-11-12T13:08:35","guid":{"rendered":"https:\/\/martehelgetun.no\/?post_type=product&#038;p=82870"},"modified":"2026-03-24T16:46:01","modified_gmt":"2026-03-24T15:46:01","slug":"lantern-moon-glory-pinnesett","status":"publish","type":"product","link":"https:\/\/martehelgetun.no\/en\/product\/lantern-moon-glory-pinnesett\/","title":{"rendered":"Lantern Moon GLORY pinnesett"},"content":{"rendered":"<p>Settet som kommer i et nydelig silke-etui inneholder:<br \/>\nUtskiftbare pinnetupper 13 cm i Ibenholt i 8 st\u00f8rrelser: 3 &#8211; 3,5 &#8211;\u00a0 4 &#8211; 4,5 &#8211; 5 &#8211; 5,5 &#8211; 6 og 8 mm<br \/>\n3 dreibare vaiere: 60 -80 og 100cm (m\u00e5l med pinnene p\u00e5)<br \/>\nEndestoppere av tre: 4 stk<br \/>\nStrammeverkt\u00f8y: 2 stk<br \/>\nMark\u00f8rer med silkedusk: 5 stk i ulike farger<\/p>\n","protected":false},"excerpt":{"rendered":"<p>Eksklusivt pinnesett fra Lantern Moon laget av ibenholt. Glory-settet med utbyttbare strikkepinner, 8 par med (13 cm) lange pinnetupper i forskjellige st\u00f8rrelser fra 3 -8 mm. Pinnene kommer i en brodert Khadi silkeveske som holder pinnene trygge og organiserte.<\/p>\n<p>Du f\u00e5r alts\u00e5 et sett med strikkepinner som b\u00e5de f\u00f8les godt i hendene og ser eksklusivt ut. Pinnest\u00f8rrelsen er gravert inn b\u00e5de US og mm.<br \/>\nLantern Moons produkter er h\u00e5ndlaget i India og fair trade.<\/p>\n","protected":false},"featured_media":82894,"template":"","meta":{"_acf_changed":false,"_relevanssi_hide_post":"","_relevanssi_hide_content":"","_relevanssi_pin_for_all":"","_relevanssi_pin_keywords":"","_relevanssi_unpin_keywords":"","_relevanssi_related_keywords":"","_relevanssi_related_include_ids":"","_relevanssi_related_exclude_ids":"","_relevanssi_related_no_append":"","_relevanssi_related_not_related":"","_relevanssi_related_posts":"","_relevanssi_noindex_reason":""},"product_brand":[],"product_cat":[88,790,93],"product_tag":[227,228,229],"class_list":{"0":"post-82870","1":"product","2":"type-product","3":"status-publish","4":"has-post-thumbnail","6":"product_cat-strikkepinner","7":"product_cat-pinnesett-strikkepinner","8":"product_cat-pinnetupper-normal","9":"product_tag-lantern-moon","10":"product_tag-settpinner","11":"product_tag-strompepinner","13":"first","14":"instock","15":"taxable","16":"shipping-taxable","17":"purchasable","18":"product-type-simple"},"acf":[],"_links":{"self":[{"href":"https:\/\/martehelgetun.no\/en\/wp-json\/wp\/v2\/product\/82870","targetHints":{"allow":["GET"]}}],"collection":[{"href":"https:\/\/martehelgetun.no\/en\/wp-json\/wp\/v2\/product"}],"about":[{"href":"https:\/\/martehelgetun.no\/en\/wp-json\/wp\/v2\/types\/product"}],"wp:featuredmedia":[{"embeddable":true,"href":"https:\/\/martehelgetun.no\/en\/wp-json\/wp\/v2\/media\/82894"}],"wp:attachment":[{"href":"https:\/\/martehelgetun.no\/en\/wp-json\/wp\/v2\/media?parent=82870"}],"wp:term":[{"taxonomy":"product_brand","embeddable":true,"href":"https:\/\/martehelgetun.no\/en\/wp-json\/wp\/v2\/product_brand?post=82870"},{"taxonomy":"product_cat","embeddable":true,"href":"https:\/\/martehelgetun.no\/en\/wp-json\/wp\/v2\/product_cat?post=82870"},{"taxonomy":"product_tag","embeddable":true,"href":"https:\/\/martehelgetun.no\/en\/wp-json\/wp\/v2\/product_tag?post=82870"}],"curies":[{"name":"wp","href":"https:\/\/api.w.org\/{rel}","templated":true}]}}