{"id":82747,"date":"2024-11-08T12:29:41","date_gmt":"2024-11-08T11:29:41","guid":{"rendered":"https:\/\/martehelgetun.no\/?post_type=product&#038;p=82747"},"modified":"2025-06-10T13:22:20","modified_gmt":"2025-06-10T11:22:20","slug":"happy-x-mas-genser-lunt-lett","status":"publish","type":"product","link":"https:\/\/martehelgetun.no\/en\/produkt\/happy-x-mas-genser-lunt-lett\/","title":{"rendered":"Happy X-mas Genser &#8211; Lunt + Lett"},"content":{"rendered":"<p><strong>ST\u00d8RRELSER OG M\u00c5L<br \/>\n<\/strong>St\u00f8rrelse: 1 (2) 4 (6) \u00e5r<br \/>\nOvervidde: 55 (62) 70 (77) cm<br \/>\nHel lengde: 28 (32) 36 (40) cm<br \/>\nErmlengde: 20 (23) 26 (29) cm<\/p>\n<p>&nbsp;<\/p>\n<p><strong>GARN OG GARNFORBRUK<br \/>\n<\/strong>Lunt + Lett by Marte Helgetun eller Fargespill Mono + Lett<br \/>\n2 (3) 4 (5) n\u00f8ster Lunt nr. 05 Leire<br \/>\n2 (3) 3 (4) n\u00f8ster Lett nr. 05 Leire<\/p>\n<p>Eller kombinasjonen vist p\u00e5 bildet<br \/>\n1 (1) 2 (2) 150 g n\u00f8ster Fargespill Mono nr. 11 Leire<br \/>\n2 (3) 3 (4) n\u00f8ster Lett nr. 05 Leire<\/p>\n<p><em>(Om du \u00f8nsker \u00e5 strikke med Fargespill Mono + Lett, bestill egen garnpakke som heter Happy X-mas Genser &#8211; Fargespill Mono + Lett)<\/em><\/p>\n<p>Til brodering brukte jeg en liten rest<br \/>\nLunt nr. 01 Kitt og<br \/>\nLunt nr. 20 T\u00e5kerosa til snuten.<\/p>\n<p>&nbsp;<\/p>\n<p><strong>PINNER OG STRIKKEFASTHET<br \/>\n<\/strong>40 og 60 cm lang rundpinne nr. 3,5 og 4<br \/>\nSettpinner nr 3,5 og 4 hvis du ikke bruker magic loop,\u00a0da bruker du en 80 cm 3,5 og 4<br \/>\n22 masker glattstrikk med en tr\u00e5d av hver kvalitet p\u00e5 pinne nr. 4 = 10 cm<\/p>\n","protected":false},"excerpt":{"rendered":"<div class=\"woocommerce-product-details__short-description\">\n<p><span style=\"font-size: large;\">Lag deg en magisk f\u00f8rjulstid med hjemmestrikket genser med et sjarmerende julemotiv. Genseren strikkes ovenfra og ned og motivet broderes p\u00e5 til slutt. Genserne p\u00e5 bildene er strikket med 1 tr\u00e5d Fargespill Mono + 1 tr\u00e5d Lett i farge Leire. <\/span><span style=\"font-size: large;\">Du kan ogs\u00e5 benytte Lunt + Lett og dermed f\u00e5r du\u00a0flere farger \u00e5 velge\u00a0mellom.<\/span><\/p>\n<p>&nbsp;<\/p>\n<p><span style=\"font-size: large;\"> Om du \u00f8nsker \u00e5 benytte orginal farge i Fargespill Mono + Lett, bestill da egen garnpakke som heter Happy X-mas Genser &#8211; Fargespill Mono + Lett. Begge garnpakkene\u00a0innholder samme oppskrift.<\/span><\/p>\n<p>&nbsp;<\/p>\n<p>&nbsp;<\/p>\n<p><strong>Norsk og Engelsk oppskrift.<\/strong> Du f\u00e5r tilgang til alle spr\u00e5k som pdf fil ved kj\u00f8p.<\/p>\n<\/div>\n<div class=\"price-cart-wrapper\"><\/div>\n","protected":false},"featured_media":82737,"template":"","meta":{"_acf_changed":false,"_relevanssi_hide_post":"","_relevanssi_hide_content":"","_relevanssi_pin_for_all":"","_relevanssi_pin_keywords":"","_relevanssi_unpin_keywords":"","_relevanssi_related_keywords":"","_relevanssi_related_include_ids":"","_relevanssi_related_exclude_ids":"","_relevanssi_related_no_append":"","_relevanssi_related_not_related":"","_relevanssi_related_posts":"","_relevanssi_noindex_reason":""},"product_cat":[60,246,76],"product_tag":[128,397,395,37,33,134,399,136,181,400],"class_list":{"0":"post-82747","1":"product","2":"type-product","3":"status-publish","4":"has-post-thumbnail","6":"product_cat-strikkeoppskrifter","7":"product_cat-tullemor-lillebror","8":"product_cat-genser","9":"product_tag-design-by-marte-helgetun","10":"product_tag-happy-hands-x-mas-mini","11":"product_tag-happy-x-mas","12":"product_tag-lett","13":"product_tag-lunt","14":"product_tag-marte-helgetun","15":"product_tag-strikkede-votter-barn","16":"product_tag-strikkeoppskrift","17":"product_tag-votter","18":"product_tag-votter-med-motiv","20":"first","21":"instock","22":"downloadable","23":"taxable","24":"shipping-taxable","25":"purchasable","26":"product-type-mht_bundle"},"acf":[],"_links":{"self":[{"href":"https:\/\/martehelgetun.no\/en\/wp-json\/wp\/v2\/product\/82747","targetHints":{"allow":["GET"]}}],"collection":[{"href":"https:\/\/martehelgetun.no\/en\/wp-json\/wp\/v2\/product"}],"about":[{"href":"https:\/\/martehelgetun.no\/en\/wp-json\/wp\/v2\/types\/product"}],"wp:featuredmedia":[{"embeddable":true,"href":"https:\/\/martehelgetun.no\/en\/wp-json\/wp\/v2\/media\/82737"}],"wp:attachment":[{"href":"https:\/\/martehelgetun.no\/en\/wp-json\/wp\/v2\/media?parent=82747"}],"wp:term":[{"taxonomy":"product_cat","embeddable":true,"href":"https:\/\/martehelgetun.no\/en\/wp-json\/wp\/v2\/product_cat?post=82747"},{"taxonomy":"product_tag","embeddable":true,"href":"https:\/\/martehelgetun.no\/en\/wp-json\/wp\/v2\/product_tag?post=82747"}],"curies":[{"name":"wp","href":"https:\/\/api.w.org\/{rel}","templated":true}]}}