{"id":82732,"date":"2024-11-08T12:08:09","date_gmt":"2024-11-08T11:08:09","guid":{"rendered":"https:\/\/martehelgetun.no\/?post_type=product&#038;p=82732"},"modified":"2025-06-10T13:22:24","modified_gmt":"2025-06-10T11:22:24","slug":"happy-x-mas-genser-fargespill-mono-lett","status":"publish","type":"product","link":"https:\/\/martehelgetun.no\/en\/produkt\/happy-x-mas-genser-fargespill-mono-lett\/","title":{"rendered":"Happy X-mas Genser &#8211; Fargespill Mono + Lett"},"content":{"rendered":"<p><strong>ST\u00d8RRELSER OG M\u00c5L<br \/>\n<\/strong>St\u00f8rrelse: 1 (2) 4 (6) \u00e5r<br \/>\nOvervidde: 55 (62) 70 (77) cm<br \/>\nHel lengde: 28 (32) 36 (40) cm<br \/>\nErmlengde: 20 (23) 26 (29) cm<\/p>\n<p>&nbsp;<\/p>\n<p><strong>GARN OG GARNFORBRUK<br \/>\n<\/strong>Fargespill Mono + Lett eller Lunt + Lett by Marte Helgetun<br \/>\n1 (1) 2 (2) 150 g n\u00f8ster Fargespill Mono nr. 11 Leire<br \/>\n2 (3) 3 (4) n\u00f8ster Lett nr. 05 Leire<\/p>\n<p>Eller<br \/>\n2 (3) 4 (5) n\u00f8ster Lunt nr. 05 Leire<br \/>\n2 (3) 3 (4) n\u00f8ster Lett nr. 05 Leire<br \/>\n<em>(Om du \u00f8nsker \u00e5 strikke med Lunt + Lett, bestill egen garnpakke som heter Happy X-mas Genser &#8211; Lunt + Lett)<\/em><\/p>\n<p>Til brodering brukte jeg en liten rest<br \/>\nLunt nr. 01 Kitt og<br \/>\nLunt nr. 20 T\u00e5kerosa til snuten.<\/p>\n<p>&nbsp;<\/p>\n<p><strong>PINNER OG STRIKKEFASTHET<br \/>\n<\/strong>40 og 60 cm lang rundpinne nr. 3,5 og 4<br \/>\nSettpinner nr 3,5 og 4 hvis du ikke bruker magic loop,\u00a0da bruker du en 80 cm 3,5 og 4<br \/>\n22 masker glattstrikk med en tr\u00e5d av hver kvalitet p\u00e5 pinne nr. 4 = 10 cm<\/p>\n","protected":false},"excerpt":{"rendered":"<div class=\"woocommerce-product-details__short-description\">\n<p><span style=\"font-size: large;\">Lag deg en magisk f\u00f8rjulstid med hjemmestrikket genser med et sjarmerende julemotiv. Genseren strikkes ovenfra og ned og motivet broderes p\u00e5 til slutt. Genserne p\u00e5 bildene er strikket med 1 tr\u00e5d Fargespill Mono + 1 tr\u00e5d Lett.<\/span><\/p>\n<p><span style=\"font-size: large;\">Du kan ogs\u00e5 benytte Lunt + Lett og dermed f\u00e5r du\u00a0flere farger \u00e5 velge\u00a0mellom<i>, <\/i>bestill da egen garnpakke som heter Happy X-mas Genser &#8211; Lunt + Lett. Begge garnpakkene\u00a0innholder samme oppskrift.<\/span><\/p>\n<\/div>\n<div class=\"price-cart-wrapper\">\n<p>&nbsp;<\/p>\n<p>&nbsp;<\/p>\n<p><strong>Norsk og Engelsk oppskrift.<\/strong> Du f\u00e5r tilgang til alle spr\u00e5k som pdf fil ved kj\u00f8p.<\/p>\n<\/div>\n","protected":false},"featured_media":82737,"template":"","meta":{"_acf_changed":false,"_relevanssi_hide_post":"","_relevanssi_hide_content":"","_relevanssi_pin_for_all":"","_relevanssi_pin_keywords":"","_relevanssi_unpin_keywords":"","_relevanssi_related_keywords":"","_relevanssi_related_include_ids":"","_relevanssi_related_exclude_ids":"","_relevanssi_related_no_append":"","_relevanssi_related_not_related":"","_relevanssi_related_posts":"","_relevanssi_noindex_reason":""},"product_cat":[60,246,76],"product_tag":[128,397,395,37,33,134,399,136,181,400],"acf":[],"_links":{"self":[{"href":"https:\/\/martehelgetun.no\/en\/wp-json\/wp\/v2\/product\/82732"}],"collection":[{"href":"https:\/\/martehelgetun.no\/en\/wp-json\/wp\/v2\/product"}],"about":[{"href":"https:\/\/martehelgetun.no\/en\/wp-json\/wp\/v2\/types\/product"}],"wp:featuredmedia":[{"embeddable":true,"href":"https:\/\/martehelgetun.no\/en\/wp-json\/wp\/v2\/media\/82737"}],"wp:attachment":[{"href":"https:\/\/martehelgetun.no\/en\/wp-json\/wp\/v2\/media?parent=82732"}],"wp:term":[{"taxonomy":"product_cat","embeddable":true,"href":"https:\/\/martehelgetun.no\/en\/wp-json\/wp\/v2\/product_cat?post=82732"},{"taxonomy":"product_tag","embeddable":true,"href":"https:\/\/martehelgetun.no\/en\/wp-json\/wp\/v2\/product_tag?post=82732"}],"curies":[{"name":"wp","href":"https:\/\/api.w.org\/{rel}","templated":true}]}}