{"id":82370,"date":"2024-10-30T10:33:10","date_gmt":"2024-10-30T09:33:10","guid":{"rendered":"https:\/\/martehelgetun.no\/?post_type=product&#038;p=82370"},"modified":"2026-01-18T15:27:36","modified_gmt":"2026-01-18T14:27:36","slug":"redesigned-project-36-svart","status":"publish","type":"product","link":"https:\/\/martehelgetun.no\/en\/product\/redesigned-project-36-svart\/","title":{"rendered":"Re:Designed Project 36 Svart"},"content":{"rendered":"<div class=\"et_pb_tab clearfix et_pb_active_content et-pb-active-slide\">\n<div class=\"et_pb_tab_content\">\n<div class=\"flex-shrink-0 flex flex-col relative items-end\">\n<div class=\"pt-0.5 juice:pt-0\">\n<div class=\"et_pb_tab clearfix et_pb_active_content et-pb-active-slide\">\n<div class=\"et_pb_tab_content\">\n<p>Project 36 fra Re:Designed project er en mindre skinnmappe med glidel\u00e5s. Mappen er en perfekt oppbevaringsmulighet for strikkepinner, heklen\u00e5ler, maskemark\u00f8rer, sakser og andre sm\u00e5ting.<\/p>\n<p>Mappen inneholder to ulike rom, som er adskilte av en liten glidel\u00e5slomme.<\/p>\n<p>M\u00e5l:<br \/>\nH\u00f8yde: 6 cm.<br \/>\nBredde: 18 cm.<\/p>\n<\/div>\n<\/div>\n<\/div>\n<\/div>\n<\/div>\n<\/div>\n","protected":false},"excerpt":{"rendered":"<p>Project 36 fra Re:Designed project er en mindre skinnmappe med glidel\u00e5s. Mappen er en perfekt oppbevaringsmulighet for strikkepinner, heklen\u00e5ler, maskemark\u00f8rer, sakser og andre sm\u00e5ting. Mappen inneholder to ulike rom, som er adskilte av en liten glidel\u00e5slomme. M\u00e5l: H\u00f8yde: 6 cm. Bredde: 18 cm.<\/p>\n","protected":false},"featured_media":88869,"template":"","meta":{"_acf_changed":false,"_relevanssi_hide_post":"","_relevanssi_hide_content":"","_relevanssi_pin_for_all":"","_relevanssi_pin_keywords":"","_relevanssi_unpin_keywords":"","_relevanssi_related_keywords":"","_relevanssi_related_include_ids":"","_relevanssi_related_exclude_ids":"","_relevanssi_related_no_append":"","_relevanssi_related_not_related":"","_relevanssi_related_posts":"","_relevanssi_noindex_reason":""},"product_brand":[],"product_cat":[745,671],"product_tag":[],"class_list":{"0":"post-82370","1":"product","2":"type-product","3":"status-publish","4":"has-post-thumbnail","6":"product_cat-re-designed-project","7":"product_cat-oppbevaring","9":"first","10":"instock","11":"taxable","12":"shipping-taxable","13":"purchasable","14":"product-type-simple"},"acf":[],"_links":{"self":[{"href":"https:\/\/martehelgetun.no\/en\/wp-json\/wp\/v2\/product\/82370","targetHints":{"allow":["GET"]}}],"collection":[{"href":"https:\/\/martehelgetun.no\/en\/wp-json\/wp\/v2\/product"}],"about":[{"href":"https:\/\/martehelgetun.no\/en\/wp-json\/wp\/v2\/types\/product"}],"wp:featuredmedia":[{"embeddable":true,"href":"https:\/\/martehelgetun.no\/en\/wp-json\/wp\/v2\/media\/88869"}],"wp:attachment":[{"href":"https:\/\/martehelgetun.no\/en\/wp-json\/wp\/v2\/media?parent=82370"}],"wp:term":[{"taxonomy":"product_brand","embeddable":true,"href":"https:\/\/martehelgetun.no\/en\/wp-json\/wp\/v2\/product_brand?post=82370"},{"taxonomy":"product_cat","embeddable":true,"href":"https:\/\/martehelgetun.no\/en\/wp-json\/wp\/v2\/product_cat?post=82370"},{"taxonomy":"product_tag","embeddable":true,"href":"https:\/\/martehelgetun.no\/en\/wp-json\/wp\/v2\/product_tag?post=82370"}],"curies":[{"name":"wp","href":"https:\/\/api.w.org\/{rel}","templated":true}]}}