{"id":81847,"date":"2024-10-24T15:38:43","date_gmt":"2024-10-24T13:38:43","guid":{"rendered":"https:\/\/martehelgetun.no\/?post_type=product&#038;p=81847"},"modified":"2026-04-09T10:44:44","modified_gmt":"2026-04-09T08:44:44","slug":"cozy-cabin-lue-med-oppbrett","status":"publish","type":"product","link":"https:\/\/martehelgetun.no\/en\/produkt\/cozy-cabin-lue-med-oppbrett\/","title":{"rendered":"Cozy Cabin Lue med oppbrett"},"content":{"rendered":"<p><strong>St\u00f8rrelser og m\u00e5l<br \/>\n<\/strong>St\u00f8rrelser: En st\u00f8rrelse<\/p>\n<p><b>Garn og garnforbruk<br \/>\n<\/b>Lunt + Lett by Marte Helgetun<br \/>\n1 n\u00f8ster Lunt nr. 01 Kitt<br \/>\n1 n\u00f8ste Lett nr. 01 Kitt<br \/>\n1 n\u00f8ste Lunt nr. 06 Skifer<br \/>\n1 n\u00f8ste Lett nr. 16 Svart<br \/>\nLuen strikkes med en tr\u00e5d av hver kvalitet sammen<\/p>\n<p><strong>Tilbeh\u00f8r<br \/>\n<\/strong>1 skinntagg<\/p>\n<div class=\"page\" title=\"Page 4\">\n<div class=\"section\">\n<div class=\"layoutArea\">\n<div class=\"column\">\n<p><strong>Pinner og strikkefasthet<br \/>\n<\/strong>40 cm lang rundpinne nr. 4<br \/>\nsettpinner nr. 4 eller bruk magic loop pa\u030a en lang rundpiunne nr. 4<br \/>\n22 masker glattstrikk pa\u030a pinne nr. 4 = 10 cm.<\/p>\n<\/div>\n<\/div>\n<\/div>\n<\/div>\n","protected":false},"excerpt":{"rendered":"<div class=\"page\" title=\"Page 4\">\n<div class=\"section\">\n<div class=\"layoutArea\">\n<div class=\"column\">\n<p>Luen er som skapt for de litt crispy dagene. Luen har fa\u030att en god oppbrett med det tradisjonelle islenderm\u00f8nsteret slik at den varmer ekstra godt.<\/p>\n<p>&nbsp;<\/p>\n<p>&nbsp;<\/p>\n<p><strong>Norsk og Engelsk oppskrift.<\/strong> Du f\u00e5r tilgang til alle spr\u00e5k som pdf fil ved kj\u00f8p.<\/p>\n<\/div>\n<\/div>\n<\/div>\n<\/div>\n","protected":false},"featured_media":81304,"template":"","meta":{"_acf_changed":false,"_relevanssi_hide_post":"","_relevanssi_hide_content":"","_relevanssi_pin_for_all":"","_relevanssi_pin_keywords":"","_relevanssi_unpin_keywords":"","_relevanssi_related_keywords":"","_relevanssi_related_include_ids":"","_relevanssi_related_exclude_ids":"","_relevanssi_related_no_append":"","_relevanssi_related_not_related":"","_relevanssi_related_posts":"","_relevanssi_noindex_reason":""},"product_cat":[60,401],"product_tag":[788,128,90,37,33,136],"class_list":{"0":"post-81847","1":"product","2":"type-product","3":"status-publish","4":"has-post-thumbnail","6":"product_cat-strikkeoppskrifter","7":"product_cat-lue-panneband","8":"product_tag-cozy-cabin-hals","9":"product_tag-design-by-marte-helgetun","10":"product_tag-happyfeet","11":"product_tag-lett","12":"product_tag-lunt","13":"product_tag-strikkeoppskrift","15":"first","16":"instock","17":"downloadable","18":"taxable","19":"shipping-taxable","20":"purchasable","21":"product-type-mht_bundle"},"acf":[],"_links":{"self":[{"href":"https:\/\/martehelgetun.no\/en\/wp-json\/wp\/v2\/product\/81847","targetHints":{"allow":["GET"]}}],"collection":[{"href":"https:\/\/martehelgetun.no\/en\/wp-json\/wp\/v2\/product"}],"about":[{"href":"https:\/\/martehelgetun.no\/en\/wp-json\/wp\/v2\/types\/product"}],"wp:featuredmedia":[{"embeddable":true,"href":"https:\/\/martehelgetun.no\/en\/wp-json\/wp\/v2\/media\/81304"}],"wp:attachment":[{"href":"https:\/\/martehelgetun.no\/en\/wp-json\/wp\/v2\/media?parent=81847"}],"wp:term":[{"taxonomy":"product_cat","embeddable":true,"href":"https:\/\/martehelgetun.no\/en\/wp-json\/wp\/v2\/product_cat?post=81847"},{"taxonomy":"product_tag","embeddable":true,"href":"https:\/\/martehelgetun.no\/en\/wp-json\/wp\/v2\/product_tag?post=81847"}],"curies":[{"name":"wp","href":"https:\/\/api.w.org\/{rel}","templated":true}]}}