{"id":81834,"date":"2024-10-24T15:20:11","date_gmt":"2024-10-24T13:20:11","guid":{"rendered":"https:\/\/martehelgetun.no\/?post_type=product&#038;p=81834"},"modified":"2026-04-09T11:04:51","modified_gmt":"2026-04-09T09:04:51","slug":"cozy-cabin-hals","status":"publish","type":"product","link":"https:\/\/martehelgetun.no\/en\/product\/cozy-cabin-hals\/","title":{"rendered":"Cozy Cabin Hals"},"content":{"rendered":"<p><strong>St\u00f8rrelser og m\u00e5l<br \/>\n<\/strong>St\u00f8rrelser: En st\u00f8rrelse<\/p>\n<p><b>Garn og garnforbruk<br \/>\n<\/b>Lunt + Lett by Marte Helgetun<br \/>\n2 n\u00f8ster Lunt nr. 01 Kitt<br \/>\n1 n\u00f8ste Lett nr. 01 Kitt<br \/>\n1 n\u00f8ste Lunt nr. 06 Skifer<br \/>\n1 n\u00f8ste Lett nr. 16 Svart<br \/>\nHalsen strikkes med en tr\u00e5d av hver kvalitet sammen<\/p>\n<p><strong>Pinner og strikkefasthet<br \/>\n<\/strong>40 cm lang rundpinne nr. 4<br \/>\n22 masker glattstrikk p\u00e5 pinne nr. 4 = 10 cm.<\/p>\n","protected":false},"excerpt":{"rendered":"<p>En god og varm hals som skapt for de litt crispy dagene. Halsen har f\u00e5tt det<br \/>\nkarakteristiske islenlerm\u00f8nsteret rundt halsen og vil holde deg varm p\u00e5 kalde dager.<\/p>\n<p>&nbsp;<\/p>\n<p>&nbsp;<\/p>\n<p><strong>Norsk og Engelsk oppskrift.<\/strong> Du f\u00e5r tilgang til alle spr\u00e5k som pdf fil ved kj\u00f8p.<\/p>\n","protected":false},"featured_media":80323,"template":"","meta":{"_acf_changed":false,"_relevanssi_hide_post":"","_relevanssi_hide_content":"","_relevanssi_pin_for_all":"","_relevanssi_pin_keywords":"","_relevanssi_unpin_keywords":"","_relevanssi_related_keywords":"","_relevanssi_related_include_ids":"","_relevanssi_related_exclude_ids":"","_relevanssi_related_no_append":"","_relevanssi_related_not_related":"","_relevanssi_related_posts":"","_relevanssi_noindex_reason":""},"product_brand":[],"product_cat":[60,81],"product_tag":[788,128,90,37,33,136],"class_list":{"0":"post-81834","1":"product","2":"type-product","3":"status-publish","4":"has-post-thumbnail","6":"product_cat-strikkeoppskrifter","7":"product_cat-skjerf-sjal-hals","8":"product_tag-cozy-cabin-hals","9":"product_tag-design-by-marte-helgetun","10":"product_tag-happyfeet","11":"product_tag-lett","12":"product_tag-lunt","13":"product_tag-strikkeoppskrift","15":"first","16":"instock","17":"downloadable","18":"taxable","19":"shipping-taxable","20":"purchasable","21":"product-type-mht_bundle"},"acf":[],"_links":{"self":[{"href":"https:\/\/martehelgetun.no\/en\/wp-json\/wp\/v2\/product\/81834","targetHints":{"allow":["GET"]}}],"collection":[{"href":"https:\/\/martehelgetun.no\/en\/wp-json\/wp\/v2\/product"}],"about":[{"href":"https:\/\/martehelgetun.no\/en\/wp-json\/wp\/v2\/types\/product"}],"wp:featuredmedia":[{"embeddable":true,"href":"https:\/\/martehelgetun.no\/en\/wp-json\/wp\/v2\/media\/80323"}],"wp:attachment":[{"href":"https:\/\/martehelgetun.no\/en\/wp-json\/wp\/v2\/media?parent=81834"}],"wp:term":[{"taxonomy":"product_brand","embeddable":true,"href":"https:\/\/martehelgetun.no\/en\/wp-json\/wp\/v2\/product_brand?post=81834"},{"taxonomy":"product_cat","embeddable":true,"href":"https:\/\/martehelgetun.no\/en\/wp-json\/wp\/v2\/product_cat?post=81834"},{"taxonomy":"product_tag","embeddable":true,"href":"https:\/\/martehelgetun.no\/en\/wp-json\/wp\/v2\/product_tag?post=81834"}],"curies":[{"name":"wp","href":"https:\/\/api.w.org\/{rel}","templated":true}]}}