{"id":81350,"date":"2024-10-18T14:29:19","date_gmt":"2024-10-18T12:29:19","guid":{"rendered":"https:\/\/martehelgetun.no\/?post_type=product&#038;p=81350"},"modified":"2026-04-09T11:04:13","modified_gmt":"2026-04-09T09:04:13","slug":"cozy-cabin-lue","status":"publish","type":"product","link":"https:\/\/martehelgetun.no\/en\/produkt\/cozy-cabin-lue\/","title":{"rendered":"Cozy Cabin Lue"},"content":{"rendered":"<p><strong>St\u00f8rrelser og m\u00e5l<\/strong><br \/>\nSt\u00f8rrelser: (skolebarn) dame (herre)<\/p>\n<p>&nbsp;<\/p>\n<p><strong>Garn og garnforbruk<\/strong><b><br \/>\n<\/b>Lunt + Lett by Marte Helgetun<br \/>\n1 n\u00f8ste Lunt nr. 01 Kitt<br \/>\n1 n\u00f8ste Lett nr. 01 Kitt<br \/>\n1 n\u00f8ste Lunt nr. 06 Skifer<br \/>\n1 n\u00f8ste Lett nr. 16 Svart<br \/>\nLua strikkes med en tr\u00e5d av hver kvalitet sammen<\/p>\n<p><strong><br \/>\nPinner og strikkefasthet<br \/>\n<\/strong>40 cm lang rundpinne nr. 3,5 og 4, settpinner nr. 4,<br \/>\neller bruk magic loop p\u00e5 en lang rundpiunne nr. 4<br \/>\n24 masker glattstrikk p\u00e5 pinne nr. 4 = 10 cm.<\/p>\n","protected":false},"excerpt":{"rendered":"<p>Jeg valgte \u00e5 lage to ulike luer til denne serien. Denne har m\u00f8rk kant nede og passer perfekt sammen med buffen.<\/p>\n<p>&nbsp;<\/p>\n<p>&nbsp;<\/p>\n<p><strong>Norsk og Engelsk oppskrift.<\/strong> Du f\u00e5r tilgang til alle spr\u00e5k som pdf fil ved kj\u00f8p.<\/p>\n","protected":false},"featured_media":81302,"template":"","meta":{"_acf_changed":false,"_relevanssi_hide_post":"","_relevanssi_hide_content":"","_relevanssi_pin_for_all":"","_relevanssi_pin_keywords":"","_relevanssi_unpin_keywords":"","_relevanssi_related_keywords":"","_relevanssi_related_include_ids":"","_relevanssi_related_exclude_ids":"","_relevanssi_related_no_append":"","_relevanssi_related_not_related":"","_relevanssi_related_posts":"","_relevanssi_noindex_reason":""},"product_cat":[60,401],"product_tag":[786,128,90,37,33,136],"class_list":{"0":"post-81350","1":"product","2":"type-product","3":"status-publish","4":"has-post-thumbnail","6":"product_cat-strikkeoppskrifter","7":"product_cat-lue-panneband","8":"product_tag-cozy-cabin-buff","9":"product_tag-design-by-marte-helgetun","10":"product_tag-happyfeet","11":"product_tag-lett","12":"product_tag-lunt","13":"product_tag-strikkeoppskrift","15":"first","16":"instock","17":"downloadable","18":"taxable","19":"shipping-taxable","20":"purchasable","21":"product-type-mht_bundle"},"acf":[],"_links":{"self":[{"href":"https:\/\/martehelgetun.no\/en\/wp-json\/wp\/v2\/product\/81350","targetHints":{"allow":["GET"]}}],"collection":[{"href":"https:\/\/martehelgetun.no\/en\/wp-json\/wp\/v2\/product"}],"about":[{"href":"https:\/\/martehelgetun.no\/en\/wp-json\/wp\/v2\/types\/product"}],"wp:featuredmedia":[{"embeddable":true,"href":"https:\/\/martehelgetun.no\/en\/wp-json\/wp\/v2\/media\/81302"}],"wp:attachment":[{"href":"https:\/\/martehelgetun.no\/en\/wp-json\/wp\/v2\/media?parent=81350"}],"wp:term":[{"taxonomy":"product_cat","embeddable":true,"href":"https:\/\/martehelgetun.no\/en\/wp-json\/wp\/v2\/product_cat?post=81350"},{"taxonomy":"product_tag","embeddable":true,"href":"https:\/\/martehelgetun.no\/en\/wp-json\/wp\/v2\/product_tag?post=81350"}],"curies":[{"name":"wp","href":"https:\/\/api.w.org\/{rel}","templated":true}]}}