{"id":80870,"date":"2024-10-14T11:07:12","date_gmt":"2024-10-14T09:07:12","guid":{"rendered":"https:\/\/martehelgetun.no\/?post_type=product&#038;p=80870"},"modified":"2025-06-10T13:22:28","modified_gmt":"2025-06-10T11:22:28","slug":"gomorgengenser-herre","status":"publish","type":"product","link":"https:\/\/martehelgetun.no\/en\/produkt\/gomorgengenser-herre\/","title":{"rendered":"Go&#8217;morgengenser Herre"},"content":{"rendered":"<div class=\"page\" title=\"Page 4\">\n<div class=\"section\">\n<div class=\"layoutArea\">\n<div class=\"column\">\n<p><strong>St\u00f8rrelser<\/strong><b><br \/>\n<\/b>St\u00f8rrelser:<span class=\"Apple-converted-space\">\u00a0 <\/span>S (M) L (XL)<b><span class=\"Apple-converted-space\"><br \/>\n<\/span><\/b>Overvidde: 100 (104) 111 (120) cm<br \/>\nHel lengde: 68 (70) 72 (75) cm<span class=\"Apple-converted-space\"><br \/>\n<\/span>Ermlengde: 52 (53) 54 (55) cm<b><br \/>\n<\/b><\/p>\n<p>&nbsp;<\/p>\n<p><strong>Garn og garnforbruk<br \/>\n<\/strong>Luftig + Lett by Marte Helgetun<br \/>\n5 (5) 5 (6) n\u00f8ster Luftig nr. 16 Svart<br \/>\n5 (5) 5 (6) n\u00f8ster Lett nr. 06 Skifer<br \/>\nDen lyse varianten er strikket i Luftig 02 Lysegr\u00e5 sammen med Lett 01 Kitt<\/p>\n<p>&nbsp;<\/p>\n<p><strong>Tilbeh\u00f8r<br \/>\n<\/strong>3 kokosknapper, ca 18 mm i diameter<b><br \/>\n<\/b><\/p>\n<p>&nbsp;<\/p>\n<p><strong>Pinne og strikkefasthet<\/strong><br \/>\n80 cm rundpinne nr. 5 og 6 og settpinner nr. 5 og 6<span class=\"Apple-converted-space\"><br \/>\n<\/span>18 masker glattstrikk med en tr\u00e5d av hver kvalitet p\u00e5 pinne nr. 6 = 10 cm.<\/p>\n<\/div>\n<\/div>\n<\/div>\n<\/div>\n","protected":false},"excerpt":{"rendered":"<p>Garnkombinasjonen Luftig og Lett, gj\u00f8r denne utrolig behagelig \u00e5 bruke. Tidl\u00f8st design og enkle detaljer gj\u00f8r genseren til en must-have i enhver herregarderobe!<\/p>\n<p>&nbsp;<\/p>\n<p>&nbsp;<\/p>\n<p><strong>Norsk og Engelsk oppskrift.<\/strong> Du f\u00e5r tilgang til alle spr\u00e5k som pdf fil ved kj\u00f8p.<\/p>\n","protected":false},"featured_media":80873,"template":"","meta":{"_acf_changed":false,"_relevanssi_hide_post":"","_relevanssi_hide_content":"","_relevanssi_pin_for_all":"","_relevanssi_pin_keywords":"","_relevanssi_unpin_keywords":"","_relevanssi_related_keywords":"","_relevanssi_related_include_ids":"","_relevanssi_related_exclude_ids":"","_relevanssi_related_no_append":"","_relevanssi_related_not_related":"","_relevanssi_related_posts":"","_relevanssi_noindex_reason":""},"product_cat":[60,76],"product_tag":[128,37,36,134,136,272],"class_list":{"0":"post-80870","1":"product","2":"type-product","3":"status-publish","4":"has-post-thumbnail","6":"product_cat-strikkeoppskrifter","7":"product_cat-genser","8":"product_tag-design-by-marte-helgetun","9":"product_tag-lett","10":"product_tag-luftig","11":"product_tag-marte-helgetun","12":"product_tag-strikkeoppskrift","13":"product_tag-strikket-genser","15":"first","16":"instock","17":"downloadable","18":"taxable","19":"shipping-taxable","20":"purchasable","21":"product-type-mht_bundle"},"acf":[],"_links":{"self":[{"href":"https:\/\/martehelgetun.no\/en\/wp-json\/wp\/v2\/product\/80870","targetHints":{"allow":["GET"]}}],"collection":[{"href":"https:\/\/martehelgetun.no\/en\/wp-json\/wp\/v2\/product"}],"about":[{"href":"https:\/\/martehelgetun.no\/en\/wp-json\/wp\/v2\/types\/product"}],"wp:featuredmedia":[{"embeddable":true,"href":"https:\/\/martehelgetun.no\/en\/wp-json\/wp\/v2\/media\/80873"}],"wp:attachment":[{"href":"https:\/\/martehelgetun.no\/en\/wp-json\/wp\/v2\/media?parent=80870"}],"wp:term":[{"taxonomy":"product_cat","embeddable":true,"href":"https:\/\/martehelgetun.no\/en\/wp-json\/wp\/v2\/product_cat?post=80870"},{"taxonomy":"product_tag","embeddable":true,"href":"https:\/\/martehelgetun.no\/en\/wp-json\/wp\/v2\/product_tag?post=80870"}],"curies":[{"name":"wp","href":"https:\/\/api.w.org\/{rel}","templated":true}]}}