{"id":80498,"date":"2024-10-11T14:48:04","date_gmt":"2024-10-11T12:48:04","guid":{"rendered":"https:\/\/martehelgetun.no\/?post_type=product&#038;p=80498"},"modified":"2026-04-09T11:04:56","modified_gmt":"2026-04-09T09:04:56","slug":"cozy-cabin-panneband","status":"publish","type":"product","link":"https:\/\/martehelgetun.no\/en\/produkt\/cozy-cabin-panneband\/","title":{"rendered":"Cozy Cabin Panneb\u00e5nd"},"content":{"rendered":"<p><strong>St\u00f8rrelser og m\u00e5l<br \/>\n<\/strong>St\u00f8rrelser: (skolebarn) dame (herre)<\/p>\n<p><strong>Garn og garnforbruk<\/strong><b><br \/>\n<\/b>Lunt + Lett by Marte Helgetun<br \/>\n1 n\u00f8ste Lunt nr. 01 Kitt<br \/>\n1 n\u00f8ste Lett nr. 01 Kitt<br \/>\n1 n\u00f8ste Lunt nr. 06 Skifer<br \/>\n1 n\u00f8ste Lett nr. 16 Svart<\/p>\n<p><strong>Tilbeh\u00f8r<\/strong><b><br \/>\n<\/b>1 skinntagg<\/p>\n<p><strong>Pinner og strikkefasthet<br \/>\n<\/strong>40 cm lang rundpinne nr. 4<br \/>\n22 masker srukturstrikk p\u00e5 pinne nr. 4 = 10 cm.<\/p>\n","protected":false},"excerpt":{"rendered":"<p>Panneb\u00e5nd er som skapt for de litt crispy dagene. Fritt inspirert av Islenderen fra Devold som jeg tyvl\u00e5nte av pappa i ten\u00e5rene strikket jeg dette panneb\u00e5ndet. Dette er strikket rundt p\u00e5 en liten rundpinne og ligger dobbelt slik at det varmer ekstra godt over \u00f8rene.<\/p>\n<p>&nbsp;<\/p>\n<p>&nbsp;<\/p>\n<p><strong>Norsk og Engelsk oppskrift.<\/strong> Du f\u00e5r tilgang til alle spr\u00e5k som pdf fil ved kj\u00f8p.<\/p>\n","protected":false},"featured_media":80363,"template":"","meta":{"_acf_changed":false,"_relevanssi_hide_post":"","_relevanssi_hide_content":"","_relevanssi_pin_for_all":"","_relevanssi_pin_keywords":"","_relevanssi_unpin_keywords":"","_relevanssi_related_keywords":"","_relevanssi_related_include_ids":"","_relevanssi_related_exclude_ids":"","_relevanssi_related_no_append":"","_relevanssi_related_not_related":"","_relevanssi_related_posts":"","_relevanssi_noindex_reason":""},"product_cat":[60,735,401],"product_tag":[128,90,152,37,33,136],"class_list":{"0":"post-80498","1":"product","2":"type-product","3":"status-publish","4":"has-post-thumbnail","6":"product_cat-strikkeoppskrifter","7":"product_cat-gratis-oppskrifter","8":"product_cat-lue-panneband","9":"product_tag-design-by-marte-helgetun","10":"product_tag-happyfeet","11":"product_tag-happyfeet-cozy-cabin","12":"product_tag-lett","13":"product_tag-lunt","14":"product_tag-strikkeoppskrift","16":"first","17":"instock","18":"downloadable","19":"taxable","20":"shipping-taxable","21":"purchasable","22":"product-type-mht_bundle"},"acf":[],"_links":{"self":[{"href":"https:\/\/martehelgetun.no\/en\/wp-json\/wp\/v2\/product\/80498","targetHints":{"allow":["GET"]}}],"collection":[{"href":"https:\/\/martehelgetun.no\/en\/wp-json\/wp\/v2\/product"}],"about":[{"href":"https:\/\/martehelgetun.no\/en\/wp-json\/wp\/v2\/types\/product"}],"wp:featuredmedia":[{"embeddable":true,"href":"https:\/\/martehelgetun.no\/en\/wp-json\/wp\/v2\/media\/80363"}],"wp:attachment":[{"href":"https:\/\/martehelgetun.no\/en\/wp-json\/wp\/v2\/media?parent=80498"}],"wp:term":[{"taxonomy":"product_cat","embeddable":true,"href":"https:\/\/martehelgetun.no\/en\/wp-json\/wp\/v2\/product_cat?post=80498"},{"taxonomy":"product_tag","embeddable":true,"href":"https:\/\/martehelgetun.no\/en\/wp-json\/wp\/v2\/product_tag?post=80498"}],"curies":[{"name":"wp","href":"https:\/\/api.w.org\/{rel}","templated":true}]}}