{"id":80281,"date":"2024-10-08T15:09:51","date_gmt":"2024-10-08T13:09:51","guid":{"rendered":"https:\/\/martehelgetun.no\/?post_type=product&#038;p=80281"},"modified":"2025-06-10T13:22:32","modified_gmt":"2025-06-10T11:22:32","slug":"amfi-genseren","status":"publish","type":"product","link":"https:\/\/martehelgetun.no\/en\/product\/amfi-genseren\/","title":{"rendered":"AMFI Genseren"},"content":{"rendered":"<div class=\"page\" title=\"Page 4\">\n<div class=\"section\">\n<div class=\"layoutArea\">\n<div class=\"column\">\n<p><strong>ST\u00d8RRELSER OG MA\u030aL<\/strong><br \/>\nSt\u00f8rrelser: (XS) S (M) L (XL) XXL<br \/>\nOvervidde: (96) 101 (106) 110 (115) 120 cm<br \/>\nHel lengde: (50) 52 (54) 58 (62) 66 cm<\/p>\n<p><strong><br \/>\nGARN OG GARNFORBRUK<\/strong><br \/>\nLuftig + Lett by Marte Helgetun<br \/>\n(4) 5 (5) 5 (6) 6 n\u00f8ster Luftig nr 02 Lysegra\u030a melert (4) 5 (5) 5 (6) 6 n\u00f8ster Lett nr. 01 Kitt<\/p>\n<p><strong><br \/>\nPINNER OG STRIKKEFASTHET<\/strong><br \/>\nRundpinne 80 cm lang nr. 5,5 og 4,5 til vrangbordene 40 cm nr. 4,5 til halskanten<br \/>\nHa gjerne en ekstra pinne eller vaier, slik at det blir lettere for deg a\u030a strikke for- og bakstykkene.<br \/>\n17 masker strukturstrikk pa\u030a pinne nr. 5,5 = 10 cm<\/p>\n<p>&nbsp;<\/p>\n<\/div>\n<\/div>\n<\/div>\n<\/div>\n","protected":false},"excerpt":{"rendered":"<p>Dette er en relansering av AMFI Genseren som jeg designet for kj\u00f8pesenterkjeden AMFI for noen \u00e5r siden. Oppskriften er justert litt og jeg har brukt mitt eget garn Luftig + Lett p\u00e5 denne.<\/p>\n<p>Genseren strikkes ovenfra og ned og du starter med noen fa\u030a masker bak i nakken. Jeg valgte a\u030a strikke genseren fram og tilbake siden strukturen er enklest slik. Dette er en kort genser sa\u030a hvis du \u00f8nsker den lengre ma\u030a du beregne litt mer garn. Jeg har her p\u00e5 meg st\u00f8rrelse L men buker normalt M.<\/p>\n<p>\u00d8nsker du en Oversized versjon? Jeg har ogsa\u030a strikket en oversized versjon av denne, da strikket jeg den en st\u00f8rrelse st\u00f8rre en du bruker og legg til 15 cm til lengden. Ellers f\u00f8lger du oppskriften.<\/p>\n<p>Vest: Jeg har lagt inn en enkel beskrivelse for a\u030a gj\u00f8re denne om til en vest. Na\u030ar du kommer til beskrivelsen av ermene hopper du til neste avsnitt. Ellers f\u00f8lger du oppskriften pa\u030a genser.<\/p>\n<p>&nbsp;<\/p>\n<p>&nbsp;<\/p>\n<p><strong>Norsk og Engelsk oppskrift.<\/strong> Du f\u00e5r tilgang til alle spr\u00e5k som pdf fil ved kj\u00f8p.<\/p>\n","protected":false},"featured_media":80294,"template":"","meta":{"_acf_changed":false,"_relevanssi_hide_post":"","_relevanssi_hide_content":"","_relevanssi_pin_for_all":"","_relevanssi_pin_keywords":"","_relevanssi_unpin_keywords":"","_relevanssi_related_keywords":"","_relevanssi_related_include_ids":"","_relevanssi_related_exclude_ids":"","_relevanssi_related_no_append":"","_relevanssi_related_not_related":"","_relevanssi_related_posts":"","_relevanssi_noindex_reason":""},"product_brand":[],"product_cat":[76,60],"product_tag":[128,37,36,134,136,272],"class_list":{"0":"post-80281","1":"product","2":"type-product","3":"status-publish","4":"has-post-thumbnail","6":"product_cat-genser","7":"product_cat-strikkeoppskrifter","8":"product_tag-design-by-marte-helgetun","9":"product_tag-lett","10":"product_tag-luftig","11":"product_tag-marte-helgetun","12":"product_tag-strikkeoppskrift","13":"product_tag-strikket-genser","15":"first","16":"instock","17":"downloadable","18":"taxable","19":"shipping-taxable","20":"purchasable","21":"product-type-mht_bundle"},"acf":[],"_links":{"self":[{"href":"https:\/\/martehelgetun.no\/en\/wp-json\/wp\/v2\/product\/80281","targetHints":{"allow":["GET"]}}],"collection":[{"href":"https:\/\/martehelgetun.no\/en\/wp-json\/wp\/v2\/product"}],"about":[{"href":"https:\/\/martehelgetun.no\/en\/wp-json\/wp\/v2\/types\/product"}],"wp:featuredmedia":[{"embeddable":true,"href":"https:\/\/martehelgetun.no\/en\/wp-json\/wp\/v2\/media\/80294"}],"wp:attachment":[{"href":"https:\/\/martehelgetun.no\/en\/wp-json\/wp\/v2\/media?parent=80281"}],"wp:term":[{"taxonomy":"product_brand","embeddable":true,"href":"https:\/\/martehelgetun.no\/en\/wp-json\/wp\/v2\/product_brand?post=80281"},{"taxonomy":"product_cat","embeddable":true,"href":"https:\/\/martehelgetun.no\/en\/wp-json\/wp\/v2\/product_cat?post=80281"},{"taxonomy":"product_tag","embeddable":true,"href":"https:\/\/martehelgetun.no\/en\/wp-json\/wp\/v2\/product_tag?post=80281"}],"curies":[{"name":"wp","href":"https:\/\/api.w.org\/{rel}","templated":true}]}}