{"id":80066,"date":"2024-10-05T17:34:57","date_gmt":"2024-10-05T15:34:57","guid":{"rendered":"https:\/\/martehelgetun.no\/?post_type=product&#038;p=80066"},"modified":"2025-06-10T13:52:12","modified_gmt":"2025-06-10T11:52:12","slug":"happyhands-cozy-cabin","status":"publish","type":"product","link":"https:\/\/martehelgetun.no\/en\/produkt\/happyhands-cozy-cabin\/","title":{"rendered":"HappyHands Cozy Cabin"},"content":{"rendered":"<p><strong>St\u00f8rrelser og m\u00e5l<\/strong><br \/>\nSt\u00f8rrelser: dame (herre)<\/p>\n<p><strong>Garn og garnforbruk<\/strong><b><br \/>\n<\/b>Lunt + Lett by Marte Helgetun<br \/>\n1 n\u00f8ste Lunt nr. 01 Kitt<br \/>\n1 n\u00f8ste Lett nr. 01 Kitt<br \/>\n1 n\u00f8ste Lunt nr. 06 Skifer<br \/>\n1 n\u00f8ste Lett nr. 16 Svart<br \/>\nVottene strikkes med en tr\u00e5d av hver kvalitet sammen<\/p>\n<p><strong>Pinner og strikkefasthet<\/strong><b><br \/>\n<\/b>80 cm lang rundpinne nr. 3,5 og 4<br \/>\nBruker du rundpinner med utskiftbare tupper anbefaler vi \u00e5 bruke en tupp nr. 3,5 og en tupp nr. 4<br \/>\n24<b> <\/b>masker glattstrikk med en tr\u00e5d av hver kvalitet p\u00e5 pinne nr. 4 = 10 cm<span class=\"Apple-converted-space\">\u00a0<\/span><\/p>\n","protected":false},"excerpt":{"rendered":"<p>Fritt inspirert av Islenderen fra Devold som jeg tyvl\u00e5nte av pappa i ten\u00e5rene. Basert p\u00e5 mine originale HappyHands, laget jeg denne varianten i samme garnkombinasjon Lunt + Lett som originalen og den har f\u00e5tt den fine klassiske \u201cIslender\u201d avslutningen rundt h\u00e5ndleddet.<\/p>\n<p>&nbsp;<\/p>\n<p>&nbsp;<\/p>\n<p><strong>Norsk og Engelsk oppskrift.<\/strong> Du f\u00e5r tilgang til alle spr\u00e5k som pdf fil ved kj\u00f8p.<\/p>\n","protected":false},"featured_media":80349,"template":"","meta":{"_acf_changed":false,"_relevanssi_hide_post":"","_relevanssi_hide_content":"","_relevanssi_pin_for_all":"","_relevanssi_pin_keywords":"","_relevanssi_unpin_keywords":"","_relevanssi_related_keywords":"","_relevanssi_related_include_ids":"","_relevanssi_related_exclude_ids":"","_relevanssi_related_no_append":"","_relevanssi_related_not_related":"","_relevanssi_related_posts":"","_relevanssi_noindex_reason":""},"product_cat":[60,402],"product_tag":[128,90,152,37,33,136],"acf":[],"_links":{"self":[{"href":"https:\/\/martehelgetun.no\/en\/wp-json\/wp\/v2\/product\/80066"}],"collection":[{"href":"https:\/\/martehelgetun.no\/en\/wp-json\/wp\/v2\/product"}],"about":[{"href":"https:\/\/martehelgetun.no\/en\/wp-json\/wp\/v2\/types\/product"}],"wp:featuredmedia":[{"embeddable":true,"href":"https:\/\/martehelgetun.no\/en\/wp-json\/wp\/v2\/media\/80349"}],"wp:attachment":[{"href":"https:\/\/martehelgetun.no\/en\/wp-json\/wp\/v2\/media?parent=80066"}],"wp:term":[{"taxonomy":"product_cat","embeddable":true,"href":"https:\/\/martehelgetun.no\/en\/wp-json\/wp\/v2\/product_cat?post=80066"},{"taxonomy":"product_tag","embeddable":true,"href":"https:\/\/martehelgetun.no\/en\/wp-json\/wp\/v2\/product_tag?post=80066"}],"curies":[{"name":"wp","href":"https:\/\/api.w.org\/{rel}","templated":true}]}}