{"id":79769,"date":"2024-09-26T11:31:47","date_gmt":"2024-09-26T09:31:47","guid":{"rendered":"https:\/\/martehelgetun.no\/?post_type=product&#038;p=79769"},"modified":"2026-04-15T12:03:07","modified_gmt":"2026-04-15T10:03:07","slug":"forundringspakke-med-knapper","status":"publish","type":"product","link":"https:\/\/martehelgetun.no\/en\/product\/forundringspakke-med-knapper\/","title":{"rendered":"Forundringspakke med knapper"},"content":{"rendered":"","protected":false},"excerpt":{"rendered":"<p>Her g\u00e5r det an \u00e5 gj\u00f8re et skikkelig knappekupp. Dette er en stoooor forundringspakke med mange knapper. En forundringpakke med knapper er ca en liter med diverse knapper som veier rundt 1,3 &#8211; 1,6 kg<\/p>\n","protected":false},"featured_media":79772,"template":"","meta":{"_acf_changed":false,"_relevanssi_hide_post":"","_relevanssi_hide_content":"","_relevanssi_pin_for_all":"","_relevanssi_pin_keywords":"","_relevanssi_unpin_keywords":"","_relevanssi_related_keywords":"","_relevanssi_related_include_ids":"","_relevanssi_related_exclude_ids":"","_relevanssi_related_no_append":"","_relevanssi_related_not_related":"","_relevanssi_related_posts":"","_relevanssi_noindex_reason":""},"product_brand":[],"product_cat":[764,768],"product_tag":[],"class_list":{"0":"post-79769","1":"product","2":"type-product","3":"status-publish","4":"has-post-thumbnail","6":"product_cat-outlet","7":"product_cat-tilbehor","9":"first","10":"instock","11":"taxable","12":"shipping-taxable","13":"purchasable","14":"product-type-simple"},"acf":[],"_links":{"self":[{"href":"https:\/\/martehelgetun.no\/en\/wp-json\/wp\/v2\/product\/79769","targetHints":{"allow":["GET"]}}],"collection":[{"href":"https:\/\/martehelgetun.no\/en\/wp-json\/wp\/v2\/product"}],"about":[{"href":"https:\/\/martehelgetun.no\/en\/wp-json\/wp\/v2\/types\/product"}],"wp:featuredmedia":[{"embeddable":true,"href":"https:\/\/martehelgetun.no\/en\/wp-json\/wp\/v2\/media\/79772"}],"wp:attachment":[{"href":"https:\/\/martehelgetun.no\/en\/wp-json\/wp\/v2\/media?parent=79769"}],"wp:term":[{"taxonomy":"product_brand","embeddable":true,"href":"https:\/\/martehelgetun.no\/en\/wp-json\/wp\/v2\/product_brand?post=79769"},{"taxonomy":"product_cat","embeddable":true,"href":"https:\/\/martehelgetun.no\/en\/wp-json\/wp\/v2\/product_cat?post=79769"},{"taxonomy":"product_tag","embeddable":true,"href":"https:\/\/martehelgetun.no\/en\/wp-json\/wp\/v2\/product_tag?post=79769"}],"curies":[{"name":"wp","href":"https:\/\/api.w.org\/{rel}","templated":true}]}}