{"id":79474,"date":"2024-09-17T15:23:45","date_gmt":"2024-09-17T13:23:45","guid":{"rendered":"https:\/\/martehelgetun.no\/?post_type=product&#038;p=79474"},"modified":"2025-07-30T13:54:28","modified_gmt":"2025-07-30T11:54:28","slug":"redesigned-project-20-bucket-bag-svart","status":"publish","type":"product","link":"https:\/\/martehelgetun.no\/en\/product\/redesigned-project-20-bucket-bag-svart\/","title":{"rendered":"Re:Designed Project 20 Bucket Bag Svart"},"content":{"rendered":"<div class=\"et_pb_tab clearfix et_pb_active_content et-pb-active-slide\">\n<div class=\"et_pb_tab_content\">\n<div class=\"flex-shrink-0 flex flex-col relative items-end\">\n<div class=\"pt-0.5 juice:pt-0\">\n<div class=\"et_pb_tab clearfix et_pb_active_content et-pb-active-slide\">\n<div class=\"et_pb_tab_content\">\n<div class=\"flex-shrink-0 flex flex-col relative items-end\">\n<div class=\"pt-0\">\n<div class=\"gizmo-bot-avatar flex h-8 w-8 items-center justify-center overflow-hidden rounded-full\">\n<p>Denne vesken er en del av Re:Designed sin Project-serie, tilpasset deg som \u00f8nsker \u00e5 ha med deg strikket\u00f8yet etc, s\u00e5 den har i tillegg en liten skinnbeholder i n\u00f8kkelring med plass til m\u00e5leb\u00e5nd. Denne kan selvf\u00f8lgelig tas av om du \u00f8nsker \u00e5 bruke vesken til hverdags, og ikke bare til dine kreative prosjekter.<\/p>\n<p><strong>Om urban kvalitet:<\/strong> Urban kvaliteten er et naturlig farget storfeskinn. F\u00f8r overflaten er fullf\u00f8rt, behandles den med fargestoff for \u00e5 opprettholde det opprinnelige kornm\u00f8nsteret i r\u00e5tt skinn. Kvaliteten er definert av sin naturlige s\u00e5 vel som myke uttrykk og f\u00f8lelse, hvor hver veske er unik med individuelle egenskaper. En lett voks har blitt brukt for \u00e5 forbedre vintage-utseendet til skinnet og etterlater det glatt og mykt. Denne l\u00e6rkvaliteten blir finere og finere over tid, da vesken skaper en naturlig patina i skinnet n\u00e5r den brukes. For \u00e5 \u00f8ke holdbarheten og gj\u00f8re det mer motstandsdyktig mot smuss og vann, kan du valgfritt p\u00e5f\u00f8re RE:DESIGNED skinnbalsam.<\/p>\n<p>Farge: Svart\/Gold<br \/>\nKvalitet: 100 % skinn<br \/>\nH:31 x B:24,5 x D:18 cm<\/p>\n<\/div>\n<\/div>\n<\/div>\n<\/div>\n<\/div>\n<\/div>\n<\/div>\n<\/div>\n<\/div>\n","protected":false},"excerpt":{"rendered":"<div class=\"flex-shrink-0 flex flex-col relative items-end\">\n<div class=\"pt-0.5 juice:pt-0\">\n<div class=\"gizmo-bot-avatar flex h-6 w-6 items-center justify-center overflow-hidden rounded-full juice:h-8 juice:w-8\">\n<div class=\"flex-shrink-0 flex flex-col relative items-end\">\n<div class=\"pt-0\">\n<div class=\"gizmo-bot-avatar flex h-8 w-8 items-center justify-center overflow-hidden rounded-full\">\n<div class=\"relative p-1 rounded-sm flex items-center justify-center bg-token-main-surface-primary text-token-text-primary h-8 w-8\">Ny og superfin veske \u2013 Project 20. Laget for b\u00e5de stil og funksjon, med praktiske lomme og stilige detaljer. Vesken har jujsterbar crossover\/skulderreim. Innvendig glidel\u00e5slomme, et romslig \u00e5pent rom, og en stilig skinnsn\u00f8ring.<\/div>\n<\/div>\n<\/div>\n<\/div>\n<\/div>\n<\/div>\n<\/div>\n","protected":false},"featured_media":88791,"template":"","meta":{"_acf_changed":false,"_relevanssi_hide_post":"","_relevanssi_hide_content":"","_relevanssi_pin_for_all":"","_relevanssi_pin_keywords":"","_relevanssi_unpin_keywords":"","_relevanssi_related_keywords":"","_relevanssi_related_include_ids":"","_relevanssi_related_exclude_ids":"","_relevanssi_related_no_append":"","_relevanssi_related_not_related":"","_relevanssi_related_posts":"","_relevanssi_noindex_reason":""},"product_brand":[],"product_cat":[745,671],"product_tag":[],"class_list":{"0":"post-79474","1":"product","2":"type-product","3":"status-publish","4":"has-post-thumbnail","6":"product_cat-re-designed-project","7":"product_cat-oppbevaring","9":"first","10":"instock","11":"taxable","12":"shipping-taxable","13":"purchasable","14":"product-type-simple"},"acf":[],"_links":{"self":[{"href":"https:\/\/martehelgetun.no\/en\/wp-json\/wp\/v2\/product\/79474","targetHints":{"allow":["GET"]}}],"collection":[{"href":"https:\/\/martehelgetun.no\/en\/wp-json\/wp\/v2\/product"}],"about":[{"href":"https:\/\/martehelgetun.no\/en\/wp-json\/wp\/v2\/types\/product"}],"wp:featuredmedia":[{"embeddable":true,"href":"https:\/\/martehelgetun.no\/en\/wp-json\/wp\/v2\/media\/88791"}],"wp:attachment":[{"href":"https:\/\/martehelgetun.no\/en\/wp-json\/wp\/v2\/media?parent=79474"}],"wp:term":[{"taxonomy":"product_brand","embeddable":true,"href":"https:\/\/martehelgetun.no\/en\/wp-json\/wp\/v2\/product_brand?post=79474"},{"taxonomy":"product_cat","embeddable":true,"href":"https:\/\/martehelgetun.no\/en\/wp-json\/wp\/v2\/product_cat?post=79474"},{"taxonomy":"product_tag","embeddable":true,"href":"https:\/\/martehelgetun.no\/en\/wp-json\/wp\/v2\/product_tag?post=79474"}],"curies":[{"name":"wp","href":"https:\/\/api.w.org\/{rel}","templated":true}]}}