{"id":79441,"date":"2024-09-17T15:05:38","date_gmt":"2024-09-17T13:05:38","guid":{"rendered":"https:\/\/martehelgetun.no\/?post_type=product&#038;p=79441"},"modified":"2024-09-17T15:21:59","modified_gmt":"2024-09-17T13:21:59","slug":"redesigned-project-25-svart","status":"publish","type":"product","link":"https:\/\/martehelgetun.no\/en\/produkt\/redesigned-project-25-svart\/","title":{"rendered":"Re:Designed Project 25 Svart"},"content":{"rendered":"<div class=\"et_pb_tab clearfix et_pb_active_content et-pb-active-slide\">\n<div class=\"et_pb_tab_content\">\n<div class=\"flex-shrink-0 flex flex-col relative items-end\">\n<div class=\"pt-0.5 juice:pt-0\">\n<div class=\"et_pb_tab clearfix et_pb_active_content et-pb-active-slide\">\n<div class=\"et_pb_tab_content\">\n<div class=\"flex-shrink-0 flex flex-col relative items-end\">\n<div>\n<div class=\"pt-0\">\n<div class=\"gizmo-bot-avatar flex h-8 w-8 items-center justify-center overflow-hidden rounded-full\">\u2022 H\u00e5ndlaget<br \/>\n\u2022 Har skulderh\u00e5ndtak og en lang crossbody-reim for allsidige b\u00e6remuligheter<br \/>\n\u2022 Mange lommer (for strikkepinner, garn, m\u00f8nstre og tilbeh\u00f8r)<br \/>\n\u2022 Et romslig hovedrom<br \/>\n\u2022 Omhyggelig designede lommer p\u00e5 innsiden og utsiden<br \/>\n\u2022 Inkluderer en n\u00f8kkelring for oppbevaring av m\u00e5leb\u00e5ndet ditt<br \/>\n\u2022 Inneholder en praktisk stoffnettingpose<\/div>\n<\/div>\n<\/div>\n<\/div>\n<div class=\"group\/conversation-turn relative flex w-full min-w-0 flex-col agent-turn\">\n<div class=\"flex-col gap-1 md:gap-3\">\n<div class=\"flex max-w-full flex-col flex-grow\">\n<div class=\"min-h-[20px] text-message flex w-full flex-col items-end gap-2 whitespace-normal break-words [.text-message+&amp;]:mt-5\" dir=\"auto\" data-message-author-role=\"assistant\" data-message-id=\"3f2a1233-2569-4712-9c12-7ad37c1510ab\">\n<div class=\"flex w-full flex-col gap-1 empty:hidden first:pt-[3px]\">\n<div class=\"markdown prose w-full break-words dark:prose-invert light\">\n<p>Lagret i v\u00e5rt Urban l\u00e6rkvalitet &#8211; en bearbeidet ku-skinn, hvor hver pose blir farget f\u00f8r overflaten blir ferdigstilt, noe som bevarer det opprinnelige kornm\u00f8nsteret til det r\u00e5 skinnet. Etter at posene har blitt farget, p\u00e5f\u00f8res lett voks, som gir en glatt og myk finish med unike trekk.<\/p>\n<\/div>\n<\/div>\n<\/div>\n<\/div>\n<\/div>\n<\/div>\n<p>Farge: Svart\/Gold<br \/>\nKvalitet: 100 % skinn<br \/>\nH:36 x W:29 x D:12 cm<\/p>\n<\/div>\n<\/div>\n<\/div>\n<\/div>\n<\/div>\n<\/div>\n","protected":false},"excerpt":{"rendered":"<div class=\"flex-shrink-0 flex flex-col relative items-end\">\n<div class=\"pt-0.5 juice:pt-0\">\n<div class=\"gizmo-bot-avatar flex h-6 w-6 items-center justify-center overflow-hidden rounded-full juice:h-8 juice:w-8\">\n<div class=\"flex-shrink-0 flex flex-col relative items-end\">\n<div>\n<div class=\"pt-0\">\n<div class=\"gizmo-bot-avatar flex h-8 w-8 items-center justify-center overflow-hidden rounded-full\">\n<div class=\"relative p-1 rounded-sm flex items-center justify-center bg-token-main-surface-primary text-token-text-primary h-8 w-8\">Prosjekt 25 er en stilfull og romslig skinnveske med skulderreim. Denne er like fin og praktisk ogs\u00e5 om du ikke strikker.<\/div>\n<\/div>\n<\/div>\n<\/div>\n<\/div>\n<\/div>\n<\/div>\n<\/div>\n","protected":false},"featured_media":79451,"template":"","meta":{"_acf_changed":false,"_relevanssi_hide_post":"","_relevanssi_hide_content":"","_relevanssi_pin_for_all":"","_relevanssi_pin_keywords":"","_relevanssi_unpin_keywords":"","_relevanssi_related_keywords":"","_relevanssi_related_include_ids":"","_relevanssi_related_exclude_ids":"","_relevanssi_related_no_append":"","_relevanssi_related_not_related":"","_relevanssi_related_posts":"","_relevanssi_noindex_reason":""},"product_cat":[745,671],"product_tag":[],"class_list":{"0":"post-79441","1":"product","2":"type-product","3":"status-publish","4":"has-post-thumbnail","6":"product_cat-re-designed-project","7":"product_cat-oppbevaring","9":"first","10":"instock","11":"taxable","12":"shipping-taxable","13":"purchasable","14":"product-type-simple"},"acf":[],"_links":{"self":[{"href":"https:\/\/martehelgetun.no\/en\/wp-json\/wp\/v2\/product\/79441","targetHints":{"allow":["GET"]}}],"collection":[{"href":"https:\/\/martehelgetun.no\/en\/wp-json\/wp\/v2\/product"}],"about":[{"href":"https:\/\/martehelgetun.no\/en\/wp-json\/wp\/v2\/types\/product"}],"wp:featuredmedia":[{"embeddable":true,"href":"https:\/\/martehelgetun.no\/en\/wp-json\/wp\/v2\/media\/79451"}],"wp:attachment":[{"href":"https:\/\/martehelgetun.no\/en\/wp-json\/wp\/v2\/media?parent=79441"}],"wp:term":[{"taxonomy":"product_cat","embeddable":true,"href":"https:\/\/martehelgetun.no\/en\/wp-json\/wp\/v2\/product_cat?post=79441"},{"taxonomy":"product_tag","embeddable":true,"href":"https:\/\/martehelgetun.no\/en\/wp-json\/wp\/v2\/product_tag?post=79441"}],"curies":[{"name":"wp","href":"https:\/\/api.w.org\/{rel}","templated":true}]}}