{"id":79379,"date":"2024-09-17T14:21:51","date_gmt":"2024-09-17T12:21:51","guid":{"rendered":"https:\/\/martehelgetun.no\/?post_type=product&#038;p=79379"},"modified":"2026-01-06T21:25:45","modified_gmt":"2026-01-06T20:25:45","slug":"redesigned-project-9","status":"publish","type":"product","link":"https:\/\/martehelgetun.no\/en\/product\/redesigned-project-9\/","title":{"rendered":"Re:Designed Project 9 Svart"},"content":{"rendered":"<div class=\"et_pb_tab clearfix et_pb_active_content et-pb-active-slide\">\n<div class=\"et_pb_tab_content\">\n<div class=\"flex-shrink-0 flex flex-col relative items-end\">\n<div class=\"pt-0.5 juice:pt-0\">\n<div class=\"et_pb_tab clearfix et_pb_active_content et-pb-active-slide\">\n<div class=\"et_pb_tab_content\">\n<p>Med denne fine strikkevesken vil du alltid ha muligheten til \u00e5 ha dine kreative prosjekter organisert, og alltid innen rekkevidde.<\/p>\n<p>Vesken inneholder en egen seksjon spesielt dedikert til ditt strikkeutstyr, og sikrer at dine sakser, maskemark\u00f8rer, og strikkepinner alltid er organiserte og lett tilgjengelige. Dette gjennomtenkte designet med lommer og hemper betyr at du aldri igjen vil miste en n\u00e5l. Med Project 9 blir tiden brukt p\u00e5 \u00e5 strikke maksimert, mens tiden brukt p\u00e5 \u00e5 lete etter n\u00f8dvendig utstyr minimeres. Dine strikkeprosjekt vil skinne i all sin prakt, fritt for rot og uorden. Smart design, og lekker og se p\u00e5!<\/p>\n<p>PROSJEKT 9 er laget av Urban-kvalitet, som best\u00e5r av naturlig farget kuskinn. F\u00f8r overflaten blir behandlet med fargestoff, bevarer den det originale m\u00f8nsteret til r\u00e5skinnet. Kvaliteten kjennetegnes av sitt naturlige og myke utseende og f\u00f8lelse, og hvert produkt er unik med individuelle egenskaper. Etter at skinnet er farget, p\u00e5f\u00f8res en lett voks manuelt p\u00e5 overflaten.\u00a0For \u00e5 \u00f8ke holdbarheten til l\u00e6ret og gj\u00f8re det mer motstandsdyktig mot smuss og vann, har du muligheten til \u00e5 valgfritt p\u00e5f\u00f8re RE:DESIGNED skinnbalsam.<\/p>\n<p>Farge: Svart\/Gold<br \/>\nKvalitet: 100 % skinn<br \/>\nH:14 x B:23 x D:12 cm<\/p>\n<\/div>\n<\/div>\n<\/div>\n<\/div>\n<\/div>\n<\/div>\n","protected":false},"excerpt":{"rendered":"<div class=\"flex-shrink-0 flex flex-col relative items-end\">\n<div class=\"pt-0.5 juice:pt-0\">\n<div class=\"gizmo-bot-avatar flex h-6 w-6 items-center justify-center overflow-hidden rounded-full juice:h-8 juice:w-8\">\n<p>Project 9 er en superfin mellomstor veske\/mappe i skinn designet for garnelskere og strikkeentusiaster som setter pris p\u00e5 eleganse kombinert med funksjonalitet. Denne skinnvesken er perfekt til \u00e5 oppbevare og beskytte dine strikkeprosjekter, og en fryd for \u00f8yet \u00e5 dra frem. Ser du etter en lik, men hakket st\u00f8rre mappe, sjekk ut Project 10. Perfekt gave til en som er glad i \u00e5 strikke!<\/p>\n<\/div>\n<\/div>\n<\/div>\n","protected":false},"featured_media":79385,"template":"","meta":{"_acf_changed":false,"_relevanssi_hide_post":"","_relevanssi_hide_content":"","_relevanssi_pin_for_all":"","_relevanssi_pin_keywords":"","_relevanssi_unpin_keywords":"","_relevanssi_related_keywords":"","_relevanssi_related_include_ids":"","_relevanssi_related_exclude_ids":"","_relevanssi_related_no_append":"","_relevanssi_related_not_related":"","_relevanssi_related_posts":"","_relevanssi_noindex_reason":""},"product_brand":[],"product_cat":[745,671],"product_tag":[],"class_list":{"0":"post-79379","1":"product","2":"type-product","3":"status-publish","4":"has-post-thumbnail","6":"product_cat-re-designed-project","7":"product_cat-oppbevaring","9":"first","10":"instock","11":"taxable","12":"shipping-taxable","13":"purchasable","14":"product-type-simple"},"acf":[],"_links":{"self":[{"href":"https:\/\/martehelgetun.no\/en\/wp-json\/wp\/v2\/product\/79379","targetHints":{"allow":["GET"]}}],"collection":[{"href":"https:\/\/martehelgetun.no\/en\/wp-json\/wp\/v2\/product"}],"about":[{"href":"https:\/\/martehelgetun.no\/en\/wp-json\/wp\/v2\/types\/product"}],"wp:featuredmedia":[{"embeddable":true,"href":"https:\/\/martehelgetun.no\/en\/wp-json\/wp\/v2\/media\/79385"}],"wp:attachment":[{"href":"https:\/\/martehelgetun.no\/en\/wp-json\/wp\/v2\/media?parent=79379"}],"wp:term":[{"taxonomy":"product_brand","embeddable":true,"href":"https:\/\/martehelgetun.no\/en\/wp-json\/wp\/v2\/product_brand?post=79379"},{"taxonomy":"product_cat","embeddable":true,"href":"https:\/\/martehelgetun.no\/en\/wp-json\/wp\/v2\/product_cat?post=79379"},{"taxonomy":"product_tag","embeddable":true,"href":"https:\/\/martehelgetun.no\/en\/wp-json\/wp\/v2\/product_tag?post=79379"}],"curies":[{"name":"wp","href":"https:\/\/api.w.org\/{rel}","templated":true}]}}