{"id":79131,"date":"2024-09-09T15:06:29","date_gmt":"2024-09-09T13:06:29","guid":{"rendered":"https:\/\/martehelgetun.no\/?post_type=product&#038;p=79131"},"modified":"2025-06-10T13:22:35","modified_gmt":"2025-06-10T11:22:35","slug":"lett-a-like-patent-genser-med-4-farger","status":"publish","type":"product","link":"https:\/\/martehelgetun.no\/en\/product\/lett-a-like-patent-genser-med-4-farger\/","title":{"rendered":"Lett \u00e5 Like Patent Genser &#8211; med 4 farger"},"content":{"rendered":"<p><strong>St\u00f8rrelser og m\u00e5l<br \/>\n<\/strong><b><\/b>St\u00f8rrelser: (XS) S (M) L (XL) XXL<br \/>\nOvervidde: (92) 100 (108) 116 (124) 132 og er veldig t\u00f8yelig<br \/>\nHel lengde:<span class=\"Apple-converted-space\">\u00a0 <\/span>(50) 52 (54) 56 (58) 60 cm m\u00e5lt fra oppleggskanten midt bak.<br \/>\nErme: ca (38) 39 (40) 41 (42) 43 cm<\/p>\n<p>&nbsp;<\/p>\n<p><strong>Garn og garnforbruk<\/strong><b><br \/>\n<\/b>Lett x 4 by Marte Helgetun<br \/>\nGenser med fire tr\u00e5der samtidig:<span class=\"Apple-converted-space\"><br \/>\n<\/span>Farge nr 1: (3) 3 (3) 4 (4) 4 n\u00f8ster nr. 16 Svart<br \/>\nFarge nr 2: (3) 3 (3) 4 (4) 4 n\u00f8ster nr. 13 Bj\u00f8rneb\u00e6r<br \/>\nFarge nr 3: (3) 3 (3) 4 (4) 4 n\u00f8ster nr. 12 Nype<br \/>\nFarge nr 4: (3) 3 (3) 4 (4) 4 n\u00f8ster nr. 06 Skifer<\/p>\n<p>Ensfarget genser 4 like tr\u00e5der samtidig:<br \/>\nTotalt (10) 12 (12) 14 (14) 16 n\u00f8ster<\/p>\n<p>&nbsp;<\/p>\n<p><strong>Pinner og strikkefasthet<br \/>\n<\/strong>80 cm rundpinne nr. 7 gjerne 2 stk<br \/>\n10 masker patentstrikk p\u00e5 pinne nr. 7 med 4 tr\u00e5der Lett = 10 cm i bredden<\/p>\n","protected":false},"excerpt":{"rendered":"<p>Lett er et utrolig deilig og fint garn i mohair og silke. Denne genseren passet perfekt inn i Lett \u00e5 like serien v\u00e5r. Jeg starter med noen f\u00e5 masker bak i nakken og strikket meg nedover i patentstrikk og syr sammen under ermene. Genseren har en krage som g\u00e5r litt oppover i nakken slik at den varmer litt ekstra.<\/p>\n<p>&nbsp;<\/p>\n<p>&nbsp;<\/p>\n<p><strong>Norsk og Engelsk oppskrift.<\/strong> Du f\u00e5r tilgang til alle spr\u00e5k som pdf fil ved kj\u00f8p.<\/p>\n","protected":false},"featured_media":79136,"template":"","meta":{"_acf_changed":false,"_relevanssi_hide_post":"","_relevanssi_hide_content":"","_relevanssi_pin_for_all":"","_relevanssi_pin_keywords":"","_relevanssi_unpin_keywords":"","_relevanssi_related_keywords":"","_relevanssi_related_include_ids":"","_relevanssi_related_exclude_ids":"","_relevanssi_related_no_append":"","_relevanssi_related_not_related":"","_relevanssi_related_posts":"","_relevanssi_noindex_reason":""},"product_brand":[],"product_cat":[60,76],"product_tag":[128,37,281,134,776,136],"class_list":{"0":"post-79131","1":"product","2":"type-product","3":"status-publish","4":"has-post-thumbnail","6":"product_cat-strikkeoppskrifter","7":"product_cat-genser","8":"product_tag-design-by-marte-helgetun","9":"product_tag-lett","10":"product_tag-lett-a-like","11":"product_tag-marte-helgetun","12":"product_tag-patentstrikk","13":"product_tag-strikkeoppskrift","15":"first","16":"instock","17":"downloadable","18":"taxable","19":"shipping-taxable","20":"purchasable","21":"product-type-mht_bundle"},"acf":[],"_links":{"self":[{"href":"https:\/\/martehelgetun.no\/en\/wp-json\/wp\/v2\/product\/79131","targetHints":{"allow":["GET"]}}],"collection":[{"href":"https:\/\/martehelgetun.no\/en\/wp-json\/wp\/v2\/product"}],"about":[{"href":"https:\/\/martehelgetun.no\/en\/wp-json\/wp\/v2\/types\/product"}],"wp:featuredmedia":[{"embeddable":true,"href":"https:\/\/martehelgetun.no\/en\/wp-json\/wp\/v2\/media\/79136"}],"wp:attachment":[{"href":"https:\/\/martehelgetun.no\/en\/wp-json\/wp\/v2\/media?parent=79131"}],"wp:term":[{"taxonomy":"product_brand","embeddable":true,"href":"https:\/\/martehelgetun.no\/en\/wp-json\/wp\/v2\/product_brand?post=79131"},{"taxonomy":"product_cat","embeddable":true,"href":"https:\/\/martehelgetun.no\/en\/wp-json\/wp\/v2\/product_cat?post=79131"},{"taxonomy":"product_tag","embeddable":true,"href":"https:\/\/martehelgetun.no\/en\/wp-json\/wp\/v2\/product_tag?post=79131"}],"curies":[{"name":"wp","href":"https:\/\/api.w.org\/{rel}","templated":true}]}}