{"id":78227,"date":"2024-08-14T14:37:07","date_gmt":"2024-08-14T12:37:07","guid":{"rendered":"https:\/\/martehelgetun.no\/?post_type=product&#038;p=78227"},"modified":"2025-06-10T13:06:38","modified_gmt":"2025-06-10T11:06:38","slug":"tulletights","status":"publish","type":"product","link":"https:\/\/martehelgetun.no\/en\/produkt\/tulletights\/","title":{"rendered":"Tulletights"},"content":{"rendered":"<p><strong>ST\u00d8RRELSER OG M\u00c5L<\/strong><\/p>\n<p>St\u00f8rrelse: 1 (2) 4 (6) \u00e5r<\/p>\n<p>Vidde: 40 (45) 50 (55) cm<\/p>\n<p>Hel lengde: ca 44 (52) 59 (67) cm<\/p>\n<p>&nbsp;<\/p>\n<p><strong>GARN OG GARNFORBRUK<\/strong><\/p>\n<p>Lunt + Lett by Marte Helgetun<\/p>\n<p>2 (2) 3 (4) n\u00f8ster Lunt nr. 06 Skifer<\/p>\n<p>2 (2) 3 (3) n\u00f8ster Lett nr. 06 Skifer<\/p>\n<p>Buksa strikkes med 1 tr\u00e5d Lunt og\u00a01 tr\u00e5d Lett sammen<\/p>\n<p>&nbsp;<\/p>\n<p><strong>TILBEH\u00d8R<\/strong><\/p>\n<p>Knapphullstrikk til livet<\/p>\n<p>&nbsp;<\/p>\n<p><strong>PINNER OG STRIKKEFASTHET<\/strong><\/p>\n<p>40 og 80 cm rundpinne nr. 4<\/p>\n<p>Settpinner nr. 4 hvis du ikke strikker\u00a0magic loop<\/p>\n<p>80 cm rundpinne nr. 3,5 eller settpinner til\u00a0vrangborden nede<\/p>\n<p>21 masker glattstrikk med en tr\u00e5d av hver\u00a0kvalitet p\u00e5 pinne nr. 4 = 10 cm<\/p>\n","protected":false},"excerpt":{"rendered":"<p>Denne tightsen er som skapt for \u00e5 leke i. Dette er en smal modell som passer fint under utekl\u00e6rne.\u00a0Ribbestrikken p\u00e5 innsiden av beina gir den en veldig god passform, og den er like fin b\u00e5de til Tullemor og\u00a0Lillebror.\u00a0Tightsen strikkes rundt i ett stykke. Du starter i livet og strikker deg nedover.<\/p>\n<p>&nbsp;<\/p>\n<p>&nbsp;<\/p>\n<p><strong>Norsk og Engelsk oppskrift.<\/strong> Du f\u00e5r tilgang til alle spr\u00e5k som pdf fil ved kj\u00f8p.<\/p>\n","protected":false},"featured_media":78166,"template":"","meta":{"_acf_changed":false,"_relevanssi_hide_post":"","_relevanssi_hide_content":"","_relevanssi_pin_for_all":"","_relevanssi_pin_keywords":"","_relevanssi_unpin_keywords":"","_relevanssi_related_keywords":"","_relevanssi_related_include_ids":"","_relevanssi_related_exclude_ids":"","_relevanssi_related_no_append":"","_relevanssi_related_not_related":"","_relevanssi_related_posts":"","_relevanssi_noindex_reason":""},"product_cat":[60,246,202],"product_tag":[118,90],"class_list":{"0":"post-78227","1":"product","2":"type-product","3":"status-publish","4":"has-post-thumbnail","6":"product_cat-strikkeoppskrifter","7":"product_cat-tullemor-lillebror","8":"product_cat-bukser","9":"product_tag-ankelsokker","10":"product_tag-happyfeet","12":"first","13":"instock","14":"downloadable","15":"taxable","16":"shipping-taxable","17":"purchasable","18":"product-type-mht_bundle"},"acf":[],"_links":{"self":[{"href":"https:\/\/martehelgetun.no\/en\/wp-json\/wp\/v2\/product\/78227","targetHints":{"allow":["GET"]}}],"collection":[{"href":"https:\/\/martehelgetun.no\/en\/wp-json\/wp\/v2\/product"}],"about":[{"href":"https:\/\/martehelgetun.no\/en\/wp-json\/wp\/v2\/types\/product"}],"wp:featuredmedia":[{"embeddable":true,"href":"https:\/\/martehelgetun.no\/en\/wp-json\/wp\/v2\/media\/78166"}],"wp:attachment":[{"href":"https:\/\/martehelgetun.no\/en\/wp-json\/wp\/v2\/media?parent=78227"}],"wp:term":[{"taxonomy":"product_cat","embeddable":true,"href":"https:\/\/martehelgetun.no\/en\/wp-json\/wp\/v2\/product_cat?post=78227"},{"taxonomy":"product_tag","embeddable":true,"href":"https:\/\/martehelgetun.no\/en\/wp-json\/wp\/v2\/product_tag?post=78227"}],"curies":[{"name":"wp","href":"https:\/\/api.w.org\/{rel}","templated":true}]}}