{"id":78221,"date":"2024-08-14T14:23:25","date_gmt":"2024-08-14T12:23:25","guid":{"rendered":"https:\/\/martehelgetun.no\/?post_type=product&#038;p=78221"},"modified":"2025-06-10T13:22:49","modified_gmt":"2025-06-10T11:22:49","slug":"pandagenser-med-hette","status":"publish","type":"product","link":"https:\/\/martehelgetun.no\/en\/produkt\/pandagenser-med-hette\/","title":{"rendered":"Pandagenser med hette"},"content":{"rendered":"<p><strong>ST\u00d8RRELSER OG M\u00c5L<br \/>\n<\/strong>St\u00f8rrelse: 1 (2) 4 (6) \u00e5r<br \/>\nOvervidde: 53 (60) 68 (76) cm<br \/>\nHel lengde: 30 (34) 38 (42) cm<br \/>\nErme: ca 20 (24) 28 (32) cm<\/p>\n<p>&nbsp;<\/p>\n<p><strong>GARN OG GARNFORBRUK<br \/>\n<\/strong>Lunt + Lett by Marte Helgetun<br \/>\nGenser uten hette:<br \/>\n2 (3) 4 (5) n\u00f8ster Lunt nr. 20 T\u00e5kerosa<br \/>\n2 (3) 3 (4) n\u00f8ster Lett nr 20 T\u00e5kerosa<\/p>\n<p>Genser med hette:<br \/>\n3 (4) 5 (6) n\u00f8ster Lunt nr. 03 Sand<br \/>\n3 (3) 4 (5) n\u00f8ster Lett nr. 01 Kitt<br \/>\nGenserne strikkes med 1 tr\u00e5d Lunt\u00a0og 1 tr\u00e5d Lett sammen<br \/>\nTil brodering brukte jeg en liten rest\u00a0Lunt nr. 01 Kitt og Lunt nr. 06 Skifer.<\/p>\n<p>&nbsp;<\/p>\n<p><strong>TILBEH\u00d8R<br \/>\n<\/strong>2 sotede treknapper ca 15 mm<\/p>\n<p>&nbsp;<\/p>\n<p><strong>PINNER OG STRIKKEFASTHET<br \/>\n<\/strong>Rundpinne 60 cm lang nr. 4 og 3,5<br \/>\nsettpinner nr 4 og 3,5<br \/>\n21 masker glattstrikk med en tr\u00e5d av\u00a0hver kvalitet p\u00e5 pinne nr. 4 = 10 cm<\/p>\n<p>&nbsp;<\/p>\n<p><strong>KORRIGERING<\/strong><br \/>\nUnder halskanten p\u00e5 pandagenseren har det sneket seg inn en feil for meg i de f\u00f8rste heftene vi sendte ut.<br \/>\nDette har blitt rettet opp p\u00e5 alle nye hefter og singeloppskrifter.<br \/>\nDet skal st\u00e5:<br \/>\n1. pinne fra vrangen slik: 1 rett, 1 vridd vrang ut pinnen.<br \/>\n2. pinne fra retten slik: vridd rett over rett og vrang over vrang.<\/p>\n","protected":false},"excerpt":{"rendered":"<p>Da jeg skulle bli mor for f\u00f8rste gang kj\u00f8pte jeg inn den f\u00f8rste kosebamsen allerede mens junior var i magen, og det var en liten panda. Det er nok derfor jeg er litt svak for pandaer og syns dette passet ekstra godt som motiv.<\/p>\n<p>Jeg har laget to ulike versjoner av denne genseren i samme oppskrift, en med og en uten hette.\u00a0Dette er et motiv som fungerer like godt p\u00e5 rosa og lysebl\u00e5 eller som n\u00f8ytral sandfarget slik som hettegenseren. Du strikker p\u00e5 ermene og halskanten\/hetten underveis. Slik slipper du \u00e5 sitte\u00a0med monteringsarbeid til slutt.<\/p>\n<p>&nbsp;<\/p>\n<p>&nbsp;<\/p>\n<p><strong>Norsk og Engelsk oppskrift.<\/strong> Du f\u00e5r tilgang til alle spr\u00e5k som pdf fil ved kj\u00f8p.<\/p>\n","protected":false},"featured_media":78174,"template":"","meta":{"_acf_changed":false,"_relevanssi_hide_post":"","_relevanssi_hide_content":"","_relevanssi_pin_for_all":"","_relevanssi_pin_keywords":"","_relevanssi_unpin_keywords":"","_relevanssi_related_keywords":"","_relevanssi_related_include_ids":"","_relevanssi_related_exclude_ids":"","_relevanssi_related_no_append":"","_relevanssi_related_not_related":"","_relevanssi_related_posts":"","_relevanssi_noindex_reason":""},"product_cat":[60,246,76],"product_tag":[118,90],"class_list":{"0":"post-78221","1":"product","2":"type-product","3":"status-publish","4":"has-post-thumbnail","6":"product_cat-strikkeoppskrifter","7":"product_cat-tullemor-lillebror","8":"product_cat-genser","9":"product_tag-ankelsokker","10":"product_tag-happyfeet","12":"first","13":"instock","14":"downloadable","15":"taxable","16":"shipping-taxable","17":"purchasable","18":"product-type-mht_bundle"},"acf":[],"_links":{"self":[{"href":"https:\/\/martehelgetun.no\/en\/wp-json\/wp\/v2\/product\/78221","targetHints":{"allow":["GET"]}}],"collection":[{"href":"https:\/\/martehelgetun.no\/en\/wp-json\/wp\/v2\/product"}],"about":[{"href":"https:\/\/martehelgetun.no\/en\/wp-json\/wp\/v2\/types\/product"}],"wp:featuredmedia":[{"embeddable":true,"href":"https:\/\/martehelgetun.no\/en\/wp-json\/wp\/v2\/media\/78174"}],"wp:attachment":[{"href":"https:\/\/martehelgetun.no\/en\/wp-json\/wp\/v2\/media?parent=78221"}],"wp:term":[{"taxonomy":"product_cat","embeddable":true,"href":"https:\/\/martehelgetun.no\/en\/wp-json\/wp\/v2\/product_cat?post=78221"},{"taxonomy":"product_tag","embeddable":true,"href":"https:\/\/martehelgetun.no\/en\/wp-json\/wp\/v2\/product_tag?post=78221"}],"curies":[{"name":"wp","href":"https:\/\/api.w.org\/{rel}","templated":true}]}}