{"id":78218,"date":"2024-08-14T14:19:55","date_gmt":"2024-08-14T12:19:55","guid":{"rendered":"https:\/\/martehelgetun.no\/?post_type=product&#038;p=78218"},"modified":"2025-06-10T13:39:28","modified_gmt":"2025-06-10T11:39:28","slug":"pandalue","status":"publish","type":"product","link":"https:\/\/martehelgetun.no\/en\/produkt\/pandalue\/","title":{"rendered":"Pandalue"},"content":{"rendered":"<p><strong>ST\u00d8RRELSER OG M\u00c5L<\/strong><\/p>\n<p>1-3 (4-6) 8-10 \u00e5r<\/p>\n<p>&nbsp;<\/p>\n<p><strong>GARN OG GARNFORBRUK<\/strong><\/p>\n<p>1 n\u00f8ste Lett nr.01 Kitt<\/p>\n<p>1 n\u00f8ste Lunt nr. 03 Sand<\/p>\n<p>Luen strikkes med 1 tr\u00e5d Lunt og 1 tr\u00e5d\u00a0Lett sammen<\/p>\n<p>Til brodering brukte jeg en liten rest<\/p>\n<p>Lunt nr. 01 Kitt og Lunt nr. 06 Skifer.<\/p>\n<p>&nbsp;<\/p>\n<p><strong>PINNER OG STRIKKEFASTHET<\/strong><\/p>\n<p>Rundpinne 40 cm lang nr. 4 og 3,5<\/p>\n<p>21 masker glattstrikk med en tr\u00e5d av hver<\/p>\n<p>kvalitet p\u00e5 pinne nr. 4 = 10 cm<\/p>\n","protected":false},"excerpt":{"rendered":"<p>Da jeg skulle bli mor for f\u00f8rste gang kj\u00f8pte jeg inn den f\u00f8rste kosebamsen allerede mens junior var i magen, og det var en liten panda. Det er nok derfor jeg er litt svak for pandaer og syns dette passet ekstra godt som motiv.\u00a0Her har du en lue som sitter godt p\u00e5 hodet. Du velger selv om du vil strikke den ribbestrikkede\u00a0kanten nede p\u00e5 luen lengre bak. Begge alternativer er beskrevet i oppskriften.<\/p>\n<p>&nbsp;<\/p>\n<p>&nbsp;<\/p>\n<p><strong>Norsk og Engelsk oppskrift.<\/strong> Du f\u00e5r tilgang til alle spr\u00e5k som pdf fil ved kj\u00f8p.<\/p>\n","protected":false},"featured_media":78198,"template":"","meta":{"_acf_changed":false,"_relevanssi_hide_post":"","_relevanssi_hide_content":"","_relevanssi_pin_for_all":"","_relevanssi_pin_keywords":"","_relevanssi_unpin_keywords":"","_relevanssi_related_keywords":"","_relevanssi_related_include_ids":"","_relevanssi_related_exclude_ids":"","_relevanssi_related_no_append":"","_relevanssi_related_not_related":"","_relevanssi_related_posts":"","_relevanssi_noindex_reason":""},"product_cat":[60,246,401],"product_tag":[118,90],"class_list":{"0":"post-78218","1":"product","2":"type-product","3":"status-publish","4":"has-post-thumbnail","6":"product_cat-strikkeoppskrifter","7":"product_cat-tullemor-lillebror","8":"product_cat-lue-panneband","9":"product_tag-ankelsokker","10":"product_tag-happyfeet","12":"first","13":"instock","14":"downloadable","15":"taxable","16":"shipping-taxable","17":"purchasable","18":"product-type-mht_bundle"},"acf":[],"_links":{"self":[{"href":"https:\/\/martehelgetun.no\/en\/wp-json\/wp\/v2\/product\/78218","targetHints":{"allow":["GET"]}}],"collection":[{"href":"https:\/\/martehelgetun.no\/en\/wp-json\/wp\/v2\/product"}],"about":[{"href":"https:\/\/martehelgetun.no\/en\/wp-json\/wp\/v2\/types\/product"}],"wp:featuredmedia":[{"embeddable":true,"href":"https:\/\/martehelgetun.no\/en\/wp-json\/wp\/v2\/media\/78198"}],"wp:attachment":[{"href":"https:\/\/martehelgetun.no\/en\/wp-json\/wp\/v2\/media?parent=78218"}],"wp:term":[{"taxonomy":"product_cat","embeddable":true,"href":"https:\/\/martehelgetun.no\/en\/wp-json\/wp\/v2\/product_cat?post=78218"},{"taxonomy":"product_tag","embeddable":true,"href":"https:\/\/martehelgetun.no\/en\/wp-json\/wp\/v2\/product_tag?post=78218"}],"curies":[{"name":"wp","href":"https:\/\/api.w.org\/{rel}","templated":true}]}}