{"id":78217,"date":"2024-08-14T14:15:25","date_gmt":"2024-08-14T12:15:25","guid":{"rendered":"https:\/\/martehelgetun.no\/?post_type=product&#038;p=78217"},"modified":"2025-06-10T13:52:08","modified_gmt":"2025-06-10T11:52:08","slug":"happyhands-panda-mini","status":"publish","type":"product","link":"https:\/\/martehelgetun.no\/en\/produkt\/happyhands-panda-mini\/","title":{"rendered":"HappyHands Panda &#8211; MINI"},"content":{"rendered":"<p><strong>ST\u00d8RRELSER OG M\u00c5L<\/strong><\/p>\n<p>St\u00f8rrelser: 1 (2) 4 (6) 8 (10) 12 (14) \u00e5r<\/p>\n<p><strong><br \/>\nGARN OG GARNFORBRUK<\/strong><\/p>\n<p>Lunt + Lett by Marte Helgetun<\/p>\n<p>1 n\u00f8ste Lunt nr. 03 Sand<\/p>\n<p>1 n\u00f8ste Lett nr. 01 Kitt<\/p>\n<p>Til brodering brukte jeg en liten rest<\/p>\n<p>Lunt nr. 01 Kitt og Lunt nr. 06 Skifer.<\/p>\n<p><strong><br \/>\nPINNER OG STRIKKEFASTHET<\/strong><\/p>\n<p>80 cm lang rundpinne nr. 4 og 3,5<\/p>\n<p>Bruker du rundpinner med utskiftbare tupper anbefaler vi \u00e5 bruke en<\/p>\n<p>tupp nr. 4 og en tupp nr. 3,5<\/p>\n<p>24 masker glattstrikk med en tr\u00e5d av hver kvalitet p\u00e5 pinne nr. 4 = 10 cm<\/p>\n","protected":false},"excerpt":{"rendered":"<p>Da jeg skulle bli mor for f\u00f8rste gang kj\u00f8pte jeg inn den f\u00f8rste kosebamsen allerede mens junior var i magen, og det var en liten panda. Det er nok derfor jeg er litt svak for pandaer og syns dette passet ekstra godt som motiv. Disse vottene strikkes fra fingertuppene og opp og du f\u00e5r pr\u00f8vd deg p\u00e5 morsomme teknikker som tyrkisk opplegg og magic loop.<\/p>\n<p>&nbsp;<\/p>\n<p>&nbsp;<\/p>\n<p><strong>Norsk og Engelsk oppskrift.<\/strong> Du f\u00e5r tilgang til alle spr\u00e5k som pdf fil ved kj\u00f8p.<\/p>\n","protected":false},"featured_media":78200,"template":"","meta":{"_acf_changed":false,"_relevanssi_hide_post":"","_relevanssi_hide_content":"","_relevanssi_pin_for_all":"","_relevanssi_pin_keywords":"","_relevanssi_unpin_keywords":"","_relevanssi_related_keywords":"","_relevanssi_related_include_ids":"","_relevanssi_related_exclude_ids":"","_relevanssi_related_no_append":"","_relevanssi_related_not_related":"","_relevanssi_related_posts":"","_relevanssi_noindex_reason":""},"product_cat":[60,246,402],"product_tag":[118,90],"class_list":{"0":"post-78217","1":"product","2":"type-product","3":"status-publish","4":"has-post-thumbnail","6":"product_cat-strikkeoppskrifter","7":"product_cat-tullemor-lillebror","8":"product_cat-votter","9":"product_tag-ankelsokker","10":"product_tag-happyfeet","12":"first","13":"instock","14":"downloadable","15":"taxable","16":"shipping-taxable","17":"purchasable","18":"product-type-mht_bundle"},"acf":[],"_links":{"self":[{"href":"https:\/\/martehelgetun.no\/en\/wp-json\/wp\/v2\/product\/78217","targetHints":{"allow":["GET"]}}],"collection":[{"href":"https:\/\/martehelgetun.no\/en\/wp-json\/wp\/v2\/product"}],"about":[{"href":"https:\/\/martehelgetun.no\/en\/wp-json\/wp\/v2\/types\/product"}],"wp:featuredmedia":[{"embeddable":true,"href":"https:\/\/martehelgetun.no\/en\/wp-json\/wp\/v2\/media\/78200"}],"wp:attachment":[{"href":"https:\/\/martehelgetun.no\/en\/wp-json\/wp\/v2\/media?parent=78217"}],"wp:term":[{"taxonomy":"product_cat","embeddable":true,"href":"https:\/\/martehelgetun.no\/en\/wp-json\/wp\/v2\/product_cat?post=78217"},{"taxonomy":"product_tag","embeddable":true,"href":"https:\/\/martehelgetun.no\/en\/wp-json\/wp\/v2\/product_tag?post=78217"}],"curies":[{"name":"wp","href":"https:\/\/api.w.org\/{rel}","templated":true}]}}