{"id":78135,"date":"2024-08-14T14:03:07","date_gmt":"2024-08-14T12:03:07","guid":{"rendered":"https:\/\/martehelgetun.no\/?post_type=product&#038;p=78135"},"modified":"2024-09-10T09:53:34","modified_gmt":"2024-09-10T07:53:34","slug":"hefte-panda","status":"publish","type":"product","link":"https:\/\/martehelgetun.no\/en\/produkt\/hefte-panda\/","title":{"rendered":"HEFTE &#8211; Panda"},"content":{"rendered":"<p>Du velger selv om du vil ha heftet tilsendt pr post eller som pdf fil p\u00e5 epost n\u00e5r du kommer til kassen.<br \/>\nMaterialpakkene kj\u00f8per du enklest under hver enkelt oppskrift, se relaterte produkter nederst p\u00e5 siden.<br \/>\nOm du har kj\u00f8pt heftet og \u00f8nsker \u00e5 kj\u00f8pe garn til et eller flere plagg i heftet, kan du velge &#8220;Garnpakke uten oppskrift&#8221; ved aktuelt produkt.<\/p>\n<p>&nbsp;<\/p>\n<p><strong>KORRIGERING<\/strong><br \/>\nUnder halskanten p\u00e5 pandagenseren har det sneket seg inn en feil for meg i de f\u00f8rste heftene vi sendte ut.<br \/>\nDette har blitt rettet opp p\u00e5 alle nye hefter og singeloppskrifter.<br \/>\nDet skal st\u00e5:<br \/>\n1. pinne fra vrangen slik: 1 rett, 1 vridd vrang ut pinnen.<br \/>\n2. pinne fra retten slik: vridd rett over rett og vrang over vrang.<\/p>\n","protected":false},"excerpt":{"rendered":"<p>Da jeg skulle bli mor for f\u00f8rste gang kj\u00f8pte jeg inn den f\u00f8rste kosebamsen allerede mens junior var i magen,\u00a0og det var en liten panda. Det er nok derfor jeg er litt svak for pandaer og syns dette passet ekstra godt p\u00e5\u00a0et par HappyFeet mini. Dette var starten p\u00e5 pandaserien og n\u00e5 har vi samlet hele fem oppskrifter med pandamotiv i et hefte til dere.<\/p>\n<p>I dette Pandaheftet finner du Pandagenser med eller uten hette, HappyFeet Panda, HappyHands Panda, Pandalue og Tulletights<\/p>\n","protected":false},"featured_media":78152,"template":"","meta":{"_acf_changed":false,"_relevanssi_hide_post":"","_relevanssi_hide_content":"","_relevanssi_pin_for_all":"","_relevanssi_pin_keywords":"","_relevanssi_unpin_keywords":"","_relevanssi_related_keywords":"","_relevanssi_related_include_ids":"","_relevanssi_related_exclude_ids":"","_relevanssi_related_no_append":"","_relevanssi_related_not_related":"","_relevanssi_related_posts":"","_relevanssi_noindex_reason":""},"product_cat":[60,312],"product_tag":[],"class_list":{"0":"post-78135","1":"product","2":"type-product","3":"status-publish","4":"has-post-thumbnail","6":"product_cat-strikkeoppskrifter","7":"product_cat-boker-hefter","9":"first","10":"instock","11":"downloadable","12":"taxable","13":"shipping-taxable","14":"purchasable","15":"product-type-simple"},"acf":[],"_links":{"self":[{"href":"https:\/\/martehelgetun.no\/en\/wp-json\/wp\/v2\/product\/78135","targetHints":{"allow":["GET"]}}],"collection":[{"href":"https:\/\/martehelgetun.no\/en\/wp-json\/wp\/v2\/product"}],"about":[{"href":"https:\/\/martehelgetun.no\/en\/wp-json\/wp\/v2\/types\/product"}],"wp:featuredmedia":[{"embeddable":true,"href":"https:\/\/martehelgetun.no\/en\/wp-json\/wp\/v2\/media\/78152"}],"wp:attachment":[{"href":"https:\/\/martehelgetun.no\/en\/wp-json\/wp\/v2\/media?parent=78135"}],"wp:term":[{"taxonomy":"product_cat","embeddable":true,"href":"https:\/\/martehelgetun.no\/en\/wp-json\/wp\/v2\/product_cat?post=78135"},{"taxonomy":"product_tag","embeddable":true,"href":"https:\/\/martehelgetun.no\/en\/wp-json\/wp\/v2\/product_tag?post=78135"}],"curies":[{"name":"wp","href":"https:\/\/api.w.org\/{rel}","templated":true}]}}