{"id":77924,"date":"2024-08-08T13:05:48","date_gmt":"2024-08-08T11:05:48","guid":{"rendered":"https:\/\/martehelgetun.no\/?post_type=product&#038;p=77924"},"modified":"2025-06-10T13:30:34","modified_gmt":"2025-06-10T11:30:34","slug":"lett-a-like-patent-jakke-med-2-farger","status":"publish","type":"product","link":"https:\/\/martehelgetun.no\/en\/product\/lett-a-like-patent-jakke-med-2-farger\/","title":{"rendered":"Lett \u00e5 Like Patent Jakke &#8211; med 2 farger"},"content":{"rendered":"<p><strong>ST\u00d8RRELSER OG M\u00c5L<\/strong><\/p>\n<p>St\u00f8rrelser: (XS) S (M) L (XL) XXL<\/p>\n<p>Overvidde: (92) 100 (108) 116 (124) 132 og er veldig t\u00f8yelig<\/p>\n<p>Hel lengde: (50) 52 (54) 56 (58) 60 cm m\u00e5lt fra oppleggskanten midt bak.<\/p>\n<p>Erme: ca (38) 39 (40) 41 (42) 43 cm<\/p>\n<p>&nbsp;<\/p>\n<p><strong>GARN OG GARNFORBRUK<\/strong><\/p>\n<p>Lett x 4 by Marte Helgetun<\/p>\n<p>Jakke med to tr\u00e5der av to farger samtidig:<\/p>\n<p>Farge nr 1: (6) 6 (6) 7 (7) 8 n\u00f8ster nr. 01 Kitt<\/p>\n<p>Farge nr 2: (6) 6 (6) 7 (7) 8 n\u00f8ster nr. 17 Sand<\/p>\n<p>Ensfarget jakke 4 like tr\u00e5der samtidig:<\/p>\n<p>Totalt (10) 12 (12) 14 (14) 16 n\u00f8ster<\/p>\n<p>&nbsp;<\/p>\n<p><strong>PINNER OG STRIKKEFASTHET<\/strong><\/p>\n<p>80 cm rundpinne nr. 7 gjerne 2 stk<\/p>\n<p>10 masker patentstrikk p\u00e5 pinne nr. 7 med 4 tr\u00e5der Lett = 10 cm i bredden<\/p>\n","protected":false},"excerpt":{"rendered":"<p>Lett er et utrolig deilig og fint garn i mohair og silke. Denne jakken passet perfekt inn sammen\u00a0med bestselgerene i Lett \u00e5 like serien v\u00e5r. Jeg startet med noen f\u00e5 masker bak i nakken og\u00a0strikket meg nedover o patentstrikk. Jakken har en krage som g\u00e5r litt oppover i nakken slik at\u00a0den varmer litt ekstra.<\/p>\n<p>&nbsp;<\/p>\n<p>&nbsp;<\/p>\n<p><strong>Norsk og Engelsk oppskrift.<\/strong> Du f\u00e5r tilgang til alle spr\u00e5k som pdf fil ved kj\u00f8p.<\/p>\n","protected":false},"featured_media":77935,"template":"","meta":{"_acf_changed":false,"_relevanssi_hide_post":"","_relevanssi_hide_content":"","_relevanssi_pin_for_all":"","_relevanssi_pin_keywords":"","_relevanssi_unpin_keywords":"","_relevanssi_related_keywords":"","_relevanssi_related_include_ids":"","_relevanssi_related_exclude_ids":"","_relevanssi_related_no_append":"","_relevanssi_related_not_related":"","_relevanssi_related_posts":"","_relevanssi_noindex_reason":""},"product_brand":[],"product_cat":[208,60],"product_tag":[128,211,37,281,289,134,776,136],"class_list":{"0":"post-77924","1":"product","2":"type-product","3":"status-publish","4":"has-post-thumbnail","6":"product_cat-jakke","7":"product_cat-strikkeoppskrifter","8":"product_tag-design-by-marte-helgetun","9":"product_tag-jakke","10":"product_tag-lett","11":"product_tag-lett-a-like","12":"product_tag-lett-a-like-jakke","13":"product_tag-marte-helgetun","14":"product_tag-patentstrikk","15":"product_tag-strikkeoppskrift","17":"first","18":"instock","19":"downloadable","20":"taxable","21":"shipping-taxable","22":"purchasable","23":"product-type-mht_bundle"},"acf":[],"_links":{"self":[{"href":"https:\/\/martehelgetun.no\/en\/wp-json\/wp\/v2\/product\/77924","targetHints":{"allow":["GET"]}}],"collection":[{"href":"https:\/\/martehelgetun.no\/en\/wp-json\/wp\/v2\/product"}],"about":[{"href":"https:\/\/martehelgetun.no\/en\/wp-json\/wp\/v2\/types\/product"}],"wp:featuredmedia":[{"embeddable":true,"href":"https:\/\/martehelgetun.no\/en\/wp-json\/wp\/v2\/media\/77935"}],"wp:attachment":[{"href":"https:\/\/martehelgetun.no\/en\/wp-json\/wp\/v2\/media?parent=77924"}],"wp:term":[{"taxonomy":"product_brand","embeddable":true,"href":"https:\/\/martehelgetun.no\/en\/wp-json\/wp\/v2\/product_brand?post=77924"},{"taxonomy":"product_cat","embeddable":true,"href":"https:\/\/martehelgetun.no\/en\/wp-json\/wp\/v2\/product_cat?post=77924"},{"taxonomy":"product_tag","embeddable":true,"href":"https:\/\/martehelgetun.no\/en\/wp-json\/wp\/v2\/product_tag?post=77924"}],"curies":[{"name":"wp","href":"https:\/\/api.w.org\/{rel}","templated":true}]}}