{"id":77918,"date":"2024-08-08T11:11:29","date_gmt":"2024-08-08T09:11:29","guid":{"rendered":"https:\/\/martehelgetun.no\/?post_type=product&#038;p=77918"},"modified":"2025-05-13T11:32:30","modified_gmt":"2025-05-13T09:32:30","slug":"mh-rustikk-limited-edition-timotei","status":"publish","type":"product","link":"https:\/\/martehelgetun.no\/en\/product\/mh-rustikk-limited-edition-timotei\/","title":{"rendered":"MH Rustikk Limited Edition &#8211; Timotei"},"content":{"rendered":"<div id=\"EditorContentContainer\" class=\"EditorContentContainer \">\n<p>50% merinoull, 20% alpakka og 30% viskose<\/p>\n<p><span class=\"label\">L\u00d8PELENGDE:<\/span> <span class=\"value\">Ca. 175 meter Pr. 50 g<br \/>\n<\/span><span class=\"label\">VEILEDENDE PINNER:<\/span>\u00a0Pinne nr.<span class=\"value\">\u00a04<br \/>\n<\/span><span class=\"label\">STRIKKEFASTHET:<\/span> <span class=\"value\">22-24 = 10 cm<\/span><span class=\"value\"><br \/>\n<\/span><\/p>\n<p>Garnet er produsert i Italia<\/p>\n<p>Begrenset antall.<\/p>\n<p>V\u00e6r oppmerksom p\u00e5 at ulike skjermer og telefoner vil gjengi fargene p\u00e5 n\u00f8stene ulikt.<\/p>\n<p>&nbsp;<\/p>\n<\/div>\n","protected":false},"excerpt":{"rendered":"<p>Dette myke tweedgarnet best\u00e5r av merinoull, alpakka og viskose og gir lette, men varme plagg og kan benyttes b\u00e5de til st\u00f8rre plagg og tilbeh\u00f8r. Dette garnet kommer i 6 farger i begrenset antall.<\/p>\n","protected":false},"featured_media":77905,"template":"","meta":{"_acf_changed":false,"_relevanssi_hide_post":"","_relevanssi_hide_content":"","_relevanssi_pin_for_all":"","_relevanssi_pin_keywords":"","_relevanssi_unpin_keywords":"","_relevanssi_related_keywords":"","_relevanssi_related_include_ids":"","_relevanssi_related_exclude_ids":"","_relevanssi_related_no_append":"","_relevanssi_related_not_related":"","_relevanssi_related_posts":"","_relevanssi_noindex_reason":""},"product_brand":[],"product_cat":[820,764],"product_tag":[25,754,755],"class_list":{"0":"post-77918","1":"product","2":"type-product","3":"status-publish","4":"has-post-thumbnail","6":"product_cat-garn-outlet","7":"product_cat-outlet","8":"product_tag-garn","9":"product_tag-kasjmir","10":"product_tag-ull","12":"first","13":"instock","14":"sale","15":"taxable","16":"shipping-taxable","17":"purchasable","18":"product-type-simple"},"acf":[],"_links":{"self":[{"href":"https:\/\/martehelgetun.no\/en\/wp-json\/wp\/v2\/product\/77918","targetHints":{"allow":["GET"]}}],"collection":[{"href":"https:\/\/martehelgetun.no\/en\/wp-json\/wp\/v2\/product"}],"about":[{"href":"https:\/\/martehelgetun.no\/en\/wp-json\/wp\/v2\/types\/product"}],"wp:featuredmedia":[{"embeddable":true,"href":"https:\/\/martehelgetun.no\/en\/wp-json\/wp\/v2\/media\/77905"}],"wp:attachment":[{"href":"https:\/\/martehelgetun.no\/en\/wp-json\/wp\/v2\/media?parent=77918"}],"wp:term":[{"taxonomy":"product_brand","embeddable":true,"href":"https:\/\/martehelgetun.no\/en\/wp-json\/wp\/v2\/product_brand?post=77918"},{"taxonomy":"product_cat","embeddable":true,"href":"https:\/\/martehelgetun.no\/en\/wp-json\/wp\/v2\/product_cat?post=77918"},{"taxonomy":"product_tag","embeddable":true,"href":"https:\/\/martehelgetun.no\/en\/wp-json\/wp\/v2\/product_tag?post=77918"}],"curies":[{"name":"wp","href":"https:\/\/api.w.org\/{rel}","templated":true}]}}