{"id":77502,"date":"2024-07-25T14:50:13","date_gmt":"2024-07-25T12:50:13","guid":{"rendered":"https:\/\/martehelgetun.no\/?post_type=product&#038;p=77502"},"modified":"2026-04-22T13:24:25","modified_gmt":"2026-04-22T11:24:25","slug":"en-klem-av-mohair","status":"publish","type":"product","link":"https:\/\/martehelgetun.no\/en\/product\/en-klem-av-mohair\/","title":{"rendered":"En klem av Mohair"},"content":{"rendered":"<p><strong>ST\u00d8RRELSER OG M\u00c5L<br \/>\n<\/strong>St\u00f8rrelser: S\/M (L\/XL)<\/p>\n<p><strong>GARN OG GARNFORBRUK<br \/>\n<\/strong>Lett x3 by Marte Helgetun<br \/>\n4 (6) n\u00f8ster Lett nr. 04 Cappuccino<br \/>\nDet er akkurat med garn p\u00e5 denne modellen s\u00e5 det kan v\u00e6re lurt \u00e5 ta med et ekstra n\u00f8ste hvis du er i tvil.<\/p>\n<p><strong>PINNER OG STRIKKEFASTHET<br \/>\n<\/strong>60-80 cm lang rundpinne nr. 4,5<br \/>\nB\u00e5de patenten og vrangborden strikkes p\u00e5 samme pinnetykkelse.<br \/>\n16 masker patentstrikk med 3 tr\u00e5der Lett p\u00e5 pinne nr. 4,5 = 10 cm<\/p>\n","protected":false},"excerpt":{"rendered":"<p>Det som beskriver denne skuldervarmeren best er at den kjennes ut som en god\u00a0og myk klem, som om du skulle hatt en genser hengende rundt skuldrene. Du\u00a0kan bruke denne begge veier, enten som en skuldervarmer eller som en lun hals\u00a0med skjerf som du knyter foran.\u00a0En mykere klem skal du lete lenge etter.<\/p>\n<p>&nbsp;<\/p>\n<p>Det er akkurat med garn p\u00e5 denne modellen s\u00e5 det kan v\u00e6re lurt \u00e5 ta med et ekstra n\u00f8ste hvis du er i tvil.<\/p>\n<p><strong>Norsk, Engelsk og Tysk oppskrift.<\/strong> Du f\u00e5r tilgang til alle spr\u00e5k som pdf fil ved kj\u00f8p.<\/p>\n<hr \/>\n<p data-start=\"0\" data-end=\"332\">The best way to describe this shoulder warmer is that it feels like a soft, comforting hug \u2013 as if you had a sweater gently resting around your shoulders. You can wear it both ways: either as a shoulder warmer or as a cozy neck piece with a scarf that you tie in the front. You\u2019ll have to look far and wide to find a softer \u201chug.\u201d<\/p>\n<p data-start=\"334\" data-end=\"428\">This design uses just enough yarn, so it may be wise to get an extra skein if you\u2019re unsure.<\/p>\n<p data-start=\"334\" data-end=\"428\">\n<p data-start=\"430\" data-end=\"547\" data-is-last-node=\"\" data-is-only-node=\"\"><strong>Norwegian, English, and German pattern included.<\/strong> You will receive access to all languages as PDF files upon purchase.<\/p>\n","protected":false},"featured_media":77527,"template":"","meta":{"_acf_changed":false,"_relevanssi_hide_post":"","_relevanssi_hide_content":"","_relevanssi_pin_for_all":"","_relevanssi_pin_keywords":"","_relevanssi_unpin_keywords":"","_relevanssi_related_keywords":"","_relevanssi_related_include_ids":"","_relevanssi_related_exclude_ids":"","_relevanssi_related_no_append":"","_relevanssi_related_not_related":"","_relevanssi_related_posts":"","_relevanssi_noindex_reason":""},"product_brand":[],"product_cat":[60,81,734],"product_tag":[128,773,83,37,134,40,194,188,136],"class_list":{"0":"post-77502","1":"product","2":"type-product","3":"status-publish","4":"has-post-thumbnail","6":"product_cat-strikkeoppskrifter","7":"product_cat-skjerf-sjal-hals","8":"product_cat-sommerstrikk","9":"product_tag-design-by-marte-helgetun","10":"product_tag-en-klem-av-mohair","11":"product_tag-hals","12":"product_tag-lett","13":"product_tag-marte-helgetun","14":"product_tag-silkmohair","15":"product_tag-skjerf","16":"product_tag-skuldervarmer","17":"product_tag-strikkeoppskrift","19":"first","20":"instock","21":"downloadable","22":"taxable","23":"shipping-taxable","24":"purchasable","25":"product-type-mht_bundle"},"acf":[],"_links":{"self":[{"href":"https:\/\/martehelgetun.no\/en\/wp-json\/wp\/v2\/product\/77502","targetHints":{"allow":["GET"]}}],"collection":[{"href":"https:\/\/martehelgetun.no\/en\/wp-json\/wp\/v2\/product"}],"about":[{"href":"https:\/\/martehelgetun.no\/en\/wp-json\/wp\/v2\/types\/product"}],"wp:featuredmedia":[{"embeddable":true,"href":"https:\/\/martehelgetun.no\/en\/wp-json\/wp\/v2\/media\/77527"}],"wp:attachment":[{"href":"https:\/\/martehelgetun.no\/en\/wp-json\/wp\/v2\/media?parent=77502"}],"wp:term":[{"taxonomy":"product_brand","embeddable":true,"href":"https:\/\/martehelgetun.no\/en\/wp-json\/wp\/v2\/product_brand?post=77502"},{"taxonomy":"product_cat","embeddable":true,"href":"https:\/\/martehelgetun.no\/en\/wp-json\/wp\/v2\/product_cat?post=77502"},{"taxonomy":"product_tag","embeddable":true,"href":"https:\/\/martehelgetun.no\/en\/wp-json\/wp\/v2\/product_tag?post=77502"}],"curies":[{"name":"wp","href":"https:\/\/api.w.org\/{rel}","templated":true}]}}