{"id":77471,"date":"2024-07-23T13:37:42","date_gmt":"2024-07-23T11:37:42","guid":{"rendered":"https:\/\/martehelgetun.no\/?post_type=product&#038;p=77471"},"modified":"2025-08-05T16:34:50","modified_gmt":"2025-08-05T14:34:50","slug":"handkrem-magnolia-paere","status":"publish","type":"product","link":"https:\/\/martehelgetun.no\/en\/product\/handkrem-magnolia-paere\/","title":{"rendered":"H\u00e5ndkrem &#8211; Magnolia &#038; P\u00e6re"},"content":{"rendered":"<p>Duft: Vakre blomster. En blomsterbukett av dufter med magnolia og p\u00e6re som hoveddufter. Liljekonvall danner hjertet av blomstene i duften p\u00e5 en base av musk, amber og patchouli.<\/p>\n<p>Toppnoter: Magnolia, P\u00e6re<br \/>\nHjertenoter: Orkide, Fresia, Rose, Liljekonvall<br \/>\nBasenoter: Amber, Patchouli<\/p>\n<p>\u2022 75ml<br \/>\n\u2022 Resirkulerbar aluminium tube<br \/>\n\u2022 Resirkulerbar gaveeske<br \/>\n\u2022 Made in England<br \/>\n\u2022 Beriket med bivoks<\/p>\n","protected":false},"excerpt":{"rendered":"<p>Denne lekre h\u00e5ndkremen kommer i metalltube, er rik p\u00e5 eteriske oljer og har en fantastisk duft. Den beskytter og bevarer huden din. Inneholder sheasm\u00f8r, noe som ekstra n\u00e6ring til huden, samtidig som den trekker lett inn i huden.<\/p>\n<p>Den perfekte h\u00e5ndkremen for oss som strikker.<\/p>\n","protected":false},"featured_media":87925,"template":"","meta":{"_acf_changed":false,"_relevanssi_hide_post":"","_relevanssi_hide_content":"","_relevanssi_pin_for_all":"","_relevanssi_pin_keywords":"","_relevanssi_unpin_keywords":"","_relevanssi_related_keywords":"","_relevanssi_related_include_ids":"","_relevanssi_related_exclude_ids":"","_relevanssi_related_no_append":"","_relevanssi_related_not_related":"","_relevanssi_related_posts":"","_relevanssi_noindex_reason":""},"product_brand":[],"product_cat":[772],"product_tag":[],"class_list":{"0":"post-77471","1":"product","2":"type-product","3":"status-publish","4":"has-post-thumbnail","6":"product_cat-the-english-soap-company","8":"first","9":"instock","10":"taxable","11":"shipping-taxable","12":"purchasable","13":"product-type-simple"},"acf":[],"_links":{"self":[{"href":"https:\/\/martehelgetun.no\/en\/wp-json\/wp\/v2\/product\/77471","targetHints":{"allow":["GET"]}}],"collection":[{"href":"https:\/\/martehelgetun.no\/en\/wp-json\/wp\/v2\/product"}],"about":[{"href":"https:\/\/martehelgetun.no\/en\/wp-json\/wp\/v2\/types\/product"}],"wp:featuredmedia":[{"embeddable":true,"href":"https:\/\/martehelgetun.no\/en\/wp-json\/wp\/v2\/media\/87925"}],"wp:attachment":[{"href":"https:\/\/martehelgetun.no\/en\/wp-json\/wp\/v2\/media?parent=77471"}],"wp:term":[{"taxonomy":"product_brand","embeddable":true,"href":"https:\/\/martehelgetun.no\/en\/wp-json\/wp\/v2\/product_brand?post=77471"},{"taxonomy":"product_cat","embeddable":true,"href":"https:\/\/martehelgetun.no\/en\/wp-json\/wp\/v2\/product_cat?post=77471"},{"taxonomy":"product_tag","embeddable":true,"href":"https:\/\/martehelgetun.no\/en\/wp-json\/wp\/v2\/product_tag?post=77471"}],"curies":[{"name":"wp","href":"https:\/\/api.w.org\/{rel}","templated":true}]}}