{"id":77469,"date":"2024-07-23T13:34:19","date_gmt":"2024-07-23T11:34:19","guid":{"rendered":"https:\/\/martehelgetun.no\/?post_type=product&#038;p=77469"},"modified":"2025-08-05T16:35:49","modified_gmt":"2025-08-05T14:35:49","slug":"handsape-flytende-magnolia-paere","status":"publish","type":"product","link":"https:\/\/martehelgetun.no\/en\/product\/handsape-flytende-magnolia-paere\/","title":{"rendered":"H\u00e5nds\u00e5pe flytende &#8211; Magnolia &#038; P\u00e6re"},"content":{"rendered":"<p>En helt herlig middelhavsduft. En vakker balanse mellom sitrus og krydder, og et blomsterhjerte av lilje, pion, jasmin og nellik supplert med en rik base av rav, sandeltre og musk. Rett og slett helt skj\u00f8nn!<\/p>\n<p>Toppnoter: Magnolia, P\u00e6re<br \/>\nHjertenoter: Orkide, Fresia, Rose, Liljekonvall<br \/>\nBasenoter: Amber, Patchouli<\/p>\n<p>\u2022 500ml<br \/>\n\u2022 Uten SLS og parabener<br \/>\n\u2022 Med Aloe Vera og Vit E<br \/>\n\u2022 Produsert i England<br \/>\n\u2022 Veganvennlig<br \/>\n\u2022 100% resirkulerbar PCR flaske<\/p>\n","protected":false},"excerpt":{"rendered":"<p>En vakker luksuri\u00f8s flytende s\u00e5pe inspirert av alle de vakre plantene og blomstene hos KEW Garden i London. S\u00e5pene er beriket med Aloe Vera og Vit E for \u00e5 gi ekstra n\u00e6ring til huden slik at den ikke t\u00f8rker ut. Selvsagt uten SLS og parabener. Kommer i resirkulerte PCR flasker som ogs\u00e5 er resirkulerbare etter bruk.<\/p>\n","protected":false},"featured_media":77464,"template":"","meta":{"_acf_changed":false,"_relevanssi_hide_post":"","_relevanssi_hide_content":"","_relevanssi_pin_for_all":"","_relevanssi_pin_keywords":"","_relevanssi_unpin_keywords":"","_relevanssi_related_keywords":"","_relevanssi_related_include_ids":"","_relevanssi_related_exclude_ids":"","_relevanssi_related_no_append":"","_relevanssi_related_not_related":"","_relevanssi_related_posts":"","_relevanssi_noindex_reason":""},"product_brand":[],"product_cat":[772],"product_tag":[],"class_list":{"0":"post-77469","1":"product","2":"type-product","3":"status-publish","4":"has-post-thumbnail","6":"product_cat-the-english-soap-company","8":"first","9":"instock","10":"taxable","11":"shipping-taxable","12":"purchasable","13":"product-type-simple"},"acf":[],"_links":{"self":[{"href":"https:\/\/martehelgetun.no\/en\/wp-json\/wp\/v2\/product\/77469","targetHints":{"allow":["GET"]}}],"collection":[{"href":"https:\/\/martehelgetun.no\/en\/wp-json\/wp\/v2\/product"}],"about":[{"href":"https:\/\/martehelgetun.no\/en\/wp-json\/wp\/v2\/types\/product"}],"wp:featuredmedia":[{"embeddable":true,"href":"https:\/\/martehelgetun.no\/en\/wp-json\/wp\/v2\/media\/77464"}],"wp:attachment":[{"href":"https:\/\/martehelgetun.no\/en\/wp-json\/wp\/v2\/media?parent=77469"}],"wp:term":[{"taxonomy":"product_brand","embeddable":true,"href":"https:\/\/martehelgetun.no\/en\/wp-json\/wp\/v2\/product_brand?post=77469"},{"taxonomy":"product_cat","embeddable":true,"href":"https:\/\/martehelgetun.no\/en\/wp-json\/wp\/v2\/product_cat?post=77469"},{"taxonomy":"product_tag","embeddable":true,"href":"https:\/\/martehelgetun.no\/en\/wp-json\/wp\/v2\/product_tag?post=77469"}],"curies":[{"name":"wp","href":"https:\/\/api.w.org\/{rel}","templated":true}]}}