{"id":77449,"date":"2024-07-23T12:47:54","date_gmt":"2024-07-23T10:47:54","guid":{"rendered":"https:\/\/martehelgetun.no\/?post_type=product&#038;p=77449"},"modified":"2026-01-29T23:19:01","modified_gmt":"2026-01-29T22:19:01","slug":"pa-stell-antistatisk-spray","status":"publish","type":"product","link":"https:\/\/martehelgetun.no\/en\/product\/pa-stell-antistatisk-spray\/","title":{"rendered":"P\u00e5 stell Antistatisk spray"},"content":{"rendered":"<p class=\"wp-block-heading\"><strong>Anbefalt bruk:<\/strong><\/p>\n<p>Spray et jevnt lag med en avstand p\u00e5 20-30cm.<\/p>\n<p class=\"wp-block-spacer\" aria-hidden=\"true\">\n<p class=\"wp-block-heading\"><strong>Hvorfor blir kl\u00e6r statisk elektriske?<\/strong><\/p>\n<p>Kl\u00e6r, spesielt de laget av syntetiske materialer som polyester, nylon og akryl, blir ofte statisk elektriske. Dette merkes ved at kl\u00e6rne klistrer seg til hverandre, du f\u00e5r st\u00f8t n\u00e5r du tar p\u00e5 dem, og de tiltrekker seg mye st\u00f8v og h\u00e5r. Statisk elektrisitet oppst\u00e5r n\u00e5r materialer kommer i kontakt og skilles, noe som gj\u00f8r at elektroner overf\u00f8res og skaper en elektrisk ladning. T\u00f8rre forhold, som om vinteren n\u00e5r luftfuktigheten er lav, kan forverre dette problemet.<\/p>\n<p>&nbsp;<\/p>\n<p>P\u00e5 Stell sin antistatiske spray\u00a0er den ideelle l\u00f8sningen for \u00e5 eliminere statisk elektrisitet p\u00e5 kl\u00e6r. Denne vannbaserte sprayen er laget av naturlige ingredienser, fri for skadelige kjemikalier, og er trygg for b\u00e5de deg og milj\u00f8et. Sprayen eliminerer ikke bare statisk elektrisitet, men mykgj\u00f8r ogs\u00e5 kl\u00e6rne, noe som gj\u00f8r dem myke og behagelige \u00e5 ha p\u00e5. Med P\u00e5 Stell sin antistatiske spray kan du nyte kl\u00e6r uten irriterende statisk ladning, p\u00e5 en trygg og milj\u00f8vennlig m\u00e5te.<\/p>\n","protected":false},"excerpt":{"rendered":"<div class=\"elementor-element elementor-element-74e9ce8a elementor-widget elementor-widget-heading\" data-id=\"74e9ce8a\" data-element_type=\"widget\" data-widget_type=\"heading.default\">\n<div class=\"elementor-widget-container\">\n<div class=\"elementor-element elementor-element-74e9ce8a elementor-widget elementor-widget-heading\" data-id=\"74e9ce8a\" data-element_type=\"widget\" data-widget_type=\"heading.default\">\n<div class=\"elementor-widget-container\">\n<p class=\"elementor-heading-title elementor-size-default\">Fjerner og hindrer statisk elektrisitet p\u00e5 tekstiler<br \/>\nVannbasert formula uten skadelige gasser. Med en mykgj\u00f8rende effekt.<\/p>\n<\/div>\n<\/div>\n<\/div>\n<\/div>\n","protected":false},"featured_media":77450,"template":"","meta":{"_acf_changed":false,"_relevanssi_hide_post":"","_relevanssi_hide_content":"","_relevanssi_pin_for_all":"","_relevanssi_pin_keywords":"","_relevanssi_unpin_keywords":"","_relevanssi_related_keywords":"","_relevanssi_related_include_ids":"","_relevanssi_related_exclude_ids":"","_relevanssi_related_no_append":"","_relevanssi_related_not_related":"","_relevanssi_related_posts":"","_relevanssi_noindex_reason":""},"product_brand":[],"product_cat":[771],"product_tag":[],"class_list":{"0":"post-77449","1":"product","2":"type-product","3":"status-publish","4":"has-post-thumbnail","6":"product_cat-pa-stell","8":"first","9":"instock","10":"taxable","11":"shipping-taxable","12":"purchasable","13":"product-type-simple"},"acf":[],"_links":{"self":[{"href":"https:\/\/martehelgetun.no\/en\/wp-json\/wp\/v2\/product\/77449","targetHints":{"allow":["GET"]}}],"collection":[{"href":"https:\/\/martehelgetun.no\/en\/wp-json\/wp\/v2\/product"}],"about":[{"href":"https:\/\/martehelgetun.no\/en\/wp-json\/wp\/v2\/types\/product"}],"wp:featuredmedia":[{"embeddable":true,"href":"https:\/\/martehelgetun.no\/en\/wp-json\/wp\/v2\/media\/77450"}],"wp:attachment":[{"href":"https:\/\/martehelgetun.no\/en\/wp-json\/wp\/v2\/media?parent=77449"}],"wp:term":[{"taxonomy":"product_brand","embeddable":true,"href":"https:\/\/martehelgetun.no\/en\/wp-json\/wp\/v2\/product_brand?post=77449"},{"taxonomy":"product_cat","embeddable":true,"href":"https:\/\/martehelgetun.no\/en\/wp-json\/wp\/v2\/product_cat?post=77449"},{"taxonomy":"product_tag","embeddable":true,"href":"https:\/\/martehelgetun.no\/en\/wp-json\/wp\/v2\/product_tag?post=77449"}],"curies":[{"name":"wp","href":"https:\/\/api.w.org\/{rel}","templated":true}]}}