{"id":77446,"date":"2024-07-23T12:45:13","date_gmt":"2024-07-23T10:45:13","guid":{"rendered":"https:\/\/martehelgetun.no\/?post_type=product&#038;p=77446"},"modified":"2025-08-05T16:37:55","modified_gmt":"2025-08-05T14:37:55","slug":"pa-stell-universalspray","status":"publish","type":"product","link":"https:\/\/martehelgetun.no\/en\/product\/pa-stell-universalspray\/","title":{"rendered":"P\u00e5 stell Universalspray"},"content":{"rendered":"<p class=\"wp-block-heading\">Slik bruker du Universalsprayen:<br \/>\nSpray p\u00e5 alle flater med en avstand p\u00e5 20-30cm og t\u00f8rk av med en v\u00e5t klut eller svamp. Nyt den naturlig friske duften av sitron uten f\u00f8lelsen av \u00e5 puste inn skadelige kjemikalier underveis! Godt for deg og godt for hjemmet.<\/p>\n","protected":false},"excerpt":{"rendered":"<div class=\"elementor-element elementor-element-74e9ce8a elementor-widget elementor-widget-heading\" data-id=\"74e9ce8a\" data-element_type=\"widget\" data-widget_type=\"heading.default\">\n<div class=\"elementor-widget-container\">\n<p class=\"elementor-heading-title elementor-size-default\">Naturlig rengj\u00f8ringsspray til hjemmet<\/p>\n<\/div>\n<\/div>\n<div class=\"elementor-element elementor-element-6813e35a elementor-widget elementor-widget-text-editor\" data-id=\"6813e35a\" data-element_type=\"widget\" data-widget_type=\"text-editor.default\">\n<div class=\"elementor-widget-container\">\n<p class=\"elementor-text-editor elementor-clearfix\">Rengj\u00f8r alle overflater, kj\u00f8kken, bad og glass. Med en naturlig mild duft av sitron! Med en antibakteriell effekt.<\/p>\n<\/div>\n<\/div>\n","protected":false},"featured_media":77447,"template":"","meta":{"_acf_changed":false,"_relevanssi_hide_post":"","_relevanssi_hide_content":"","_relevanssi_pin_for_all":"","_relevanssi_pin_keywords":"","_relevanssi_unpin_keywords":"","_relevanssi_related_keywords":"","_relevanssi_related_include_ids":"","_relevanssi_related_exclude_ids":"","_relevanssi_related_no_append":"","_relevanssi_related_not_related":"","_relevanssi_related_posts":"","_relevanssi_noindex_reason":""},"product_brand":[],"product_cat":[771],"product_tag":[],"class_list":{"0":"post-77446","1":"product","2":"type-product","3":"status-publish","4":"has-post-thumbnail","6":"product_cat-pa-stell","8":"first","9":"instock","10":"taxable","11":"shipping-taxable","12":"purchasable","13":"product-type-simple"},"acf":[],"_links":{"self":[{"href":"https:\/\/martehelgetun.no\/en\/wp-json\/wp\/v2\/product\/77446","targetHints":{"allow":["GET"]}}],"collection":[{"href":"https:\/\/martehelgetun.no\/en\/wp-json\/wp\/v2\/product"}],"about":[{"href":"https:\/\/martehelgetun.no\/en\/wp-json\/wp\/v2\/types\/product"}],"wp:featuredmedia":[{"embeddable":true,"href":"https:\/\/martehelgetun.no\/en\/wp-json\/wp\/v2\/media\/77447"}],"wp:attachment":[{"href":"https:\/\/martehelgetun.no\/en\/wp-json\/wp\/v2\/media?parent=77446"}],"wp:term":[{"taxonomy":"product_brand","embeddable":true,"href":"https:\/\/martehelgetun.no\/en\/wp-json\/wp\/v2\/product_brand?post=77446"},{"taxonomy":"product_cat","embeddable":true,"href":"https:\/\/martehelgetun.no\/en\/wp-json\/wp\/v2\/product_cat?post=77446"},{"taxonomy":"product_tag","embeddable":true,"href":"https:\/\/martehelgetun.no\/en\/wp-json\/wp\/v2\/product_tag?post=77446"}],"curies":[{"name":"wp","href":"https:\/\/api.w.org\/{rel}","templated":true}]}}