{"id":77436,"date":"2024-07-23T12:34:46","date_gmt":"2024-07-23T10:34:46","guid":{"rendered":"https:\/\/martehelgetun.no\/?post_type=product&#038;p=77436"},"modified":"2025-12-04T22:37:03","modified_gmt":"2025-12-04T21:37:03","slug":"pa-stell-sitronrens-skum","status":"publish","type":"product","link":"https:\/\/martehelgetun.no\/en\/product\/pa-stell-sitronrens-skum\/","title":{"rendered":"P\u00e5 stell Sitronrens skum"},"content":{"rendered":"<p class=\"wp-block-heading\">Slik bruker du Sitronrens:<\/p>\n<ol>\n<li>Spray litt skum p\u00e5 flekken<\/li>\n<li>Gni inn skummet<\/li>\n<li>Skyll eller t\u00f8rk straks av med en ren og v\u00e5t klut til all s\u00e5pe er borte<\/li>\n<li>Gjenta om n\u00f8dvendig<\/li>\n<\/ol>\n<p><em>Er du usikker p\u00e5 om plagget er fargeekte?<br \/>\nTest f\u00f8rst p\u00e5 et lite synlig sted.<\/em><\/p>\n","protected":false},"excerpt":{"rendered":"<p>Hurtig-flekkfjerner<br \/>\nFor tekstiler som ikke t\u00e5ler eller trenger maskinvask. Bruk den p\u00e5 alt fra sko og pent\u00f8y til m\u00f8bler og teppe.<\/p>\n","protected":false},"featured_media":77437,"template":"","meta":{"_acf_changed":false,"_relevanssi_hide_post":"","_relevanssi_hide_content":"","_relevanssi_pin_for_all":"","_relevanssi_pin_keywords":"","_relevanssi_unpin_keywords":"","_relevanssi_related_keywords":"","_relevanssi_related_include_ids":"","_relevanssi_related_exclude_ids":"","_relevanssi_related_no_append":"","_relevanssi_related_not_related":"","_relevanssi_related_posts":"","_relevanssi_noindex_reason":""},"product_brand":[],"product_cat":[771],"product_tag":[],"class_list":{"0":"post-77436","1":"product","2":"type-product","3":"status-publish","4":"has-post-thumbnail","6":"product_cat-pa-stell","8":"first","9":"instock","10":"taxable","11":"shipping-taxable","12":"purchasable","13":"product-type-simple"},"acf":[],"_links":{"self":[{"href":"https:\/\/martehelgetun.no\/en\/wp-json\/wp\/v2\/product\/77436","targetHints":{"allow":["GET"]}}],"collection":[{"href":"https:\/\/martehelgetun.no\/en\/wp-json\/wp\/v2\/product"}],"about":[{"href":"https:\/\/martehelgetun.no\/en\/wp-json\/wp\/v2\/types\/product"}],"wp:featuredmedia":[{"embeddable":true,"href":"https:\/\/martehelgetun.no\/en\/wp-json\/wp\/v2\/media\/77437"}],"wp:attachment":[{"href":"https:\/\/martehelgetun.no\/en\/wp-json\/wp\/v2\/media?parent=77436"}],"wp:term":[{"taxonomy":"product_brand","embeddable":true,"href":"https:\/\/martehelgetun.no\/en\/wp-json\/wp\/v2\/product_brand?post=77436"},{"taxonomy":"product_cat","embeddable":true,"href":"https:\/\/martehelgetun.no\/en\/wp-json\/wp\/v2\/product_cat?post=77436"},{"taxonomy":"product_tag","embeddable":true,"href":"https:\/\/martehelgetun.no\/en\/wp-json\/wp\/v2\/product_tag?post=77436"}],"curies":[{"name":"wp","href":"https:\/\/api.w.org\/{rel}","templated":true}]}}