{"id":77432,"date":"2024-07-23T12:32:57","date_gmt":"2024-07-23T10:32:57","guid":{"rendered":"https:\/\/martehelgetun.no\/?post_type=product&#038;p=77432"},"modified":"2026-04-22T21:42:27","modified_gmt":"2026-04-22T19:42:27","slug":"pa-stell-sitronsape-stick","status":"publish","type":"product","link":"https:\/\/martehelgetun.no\/en\/product\/pa-stell-sitronsape-stick\/","title":{"rendered":"P\u00e5 stell Sitrons\u00e5pe Stick"},"content":{"rendered":"<p class=\"wp-block-heading\">Slik bruker du Sitrons\u00e5pen:<\/p>\n<ol>\n<li>Legg plagget i s\u00e5 varmt vann som det t\u00e5ler og gni med s\u00e5pen.<\/li>\n<li>La virke i s\u00e5pevannet dersom flekken ikke g\u00e5r vekk med en gang. (alt fra en halvtime til over natten.<\/li>\n<li>Skyll eller vask maskinen.<\/li>\n<\/ol>\n<p><em>Er du usikker p\u00e5 om plagget er fargeekte?<br \/>\nTest f\u00f8rst p\u00e5 et lite synlig sted.<\/em><\/p>\n","protected":false},"excerpt":{"rendered":"<p>Den originale flekkfjerners\u00e5pen som stick.\u00a0Flekkfjerner\u2019n du blir avhengig av! Bruk den p\u00e5 alle typer tekstiler \u2013 med en naturlig duft av sitron! Enkel \u00e5 holde i h\u00e5nden<\/p>\n","protected":false},"featured_media":77433,"template":"","meta":{"_acf_changed":false,"_relevanssi_hide_post":"","_relevanssi_hide_content":"","_relevanssi_pin_for_all":"","_relevanssi_pin_keywords":"","_relevanssi_unpin_keywords":"","_relevanssi_related_keywords":"","_relevanssi_related_include_ids":"","_relevanssi_related_exclude_ids":"","_relevanssi_related_no_append":"","_relevanssi_related_not_related":"","_relevanssi_related_posts":"","_relevanssi_noindex_reason":""},"product_brand":[],"product_cat":[771],"product_tag":[],"class_list":{"0":"post-77432","1":"product","2":"type-product","3":"status-publish","4":"has-post-thumbnail","6":"product_cat-pa-stell","8":"first","9":"instock","10":"taxable","11":"shipping-taxable","12":"purchasable","13":"product-type-simple"},"acf":[],"_links":{"self":[{"href":"https:\/\/martehelgetun.no\/en\/wp-json\/wp\/v2\/product\/77432","targetHints":{"allow":["GET"]}}],"collection":[{"href":"https:\/\/martehelgetun.no\/en\/wp-json\/wp\/v2\/product"}],"about":[{"href":"https:\/\/martehelgetun.no\/en\/wp-json\/wp\/v2\/types\/product"}],"wp:featuredmedia":[{"embeddable":true,"href":"https:\/\/martehelgetun.no\/en\/wp-json\/wp\/v2\/media\/77433"}],"wp:attachment":[{"href":"https:\/\/martehelgetun.no\/en\/wp-json\/wp\/v2\/media?parent=77432"}],"wp:term":[{"taxonomy":"product_brand","embeddable":true,"href":"https:\/\/martehelgetun.no\/en\/wp-json\/wp\/v2\/product_brand?post=77432"},{"taxonomy":"product_cat","embeddable":true,"href":"https:\/\/martehelgetun.no\/en\/wp-json\/wp\/v2\/product_cat?post=77432"},{"taxonomy":"product_tag","embeddable":true,"href":"https:\/\/martehelgetun.no\/en\/wp-json\/wp\/v2\/product_tag?post=77432"}],"curies":[{"name":"wp","href":"https:\/\/api.w.org\/{rel}","templated":true}]}}