{"id":77075,"date":"2024-07-04T15:58:23","date_gmt":"2024-07-04T13:58:23","guid":{"rendered":"https:\/\/martehelgetun.no\/?post_type=product&#038;p=77075"},"modified":"2026-03-05T22:00:37","modified_gmt":"2026-03-05T21:00:37","slug":"cubics-tupper-normal-lengde-8-mm","status":"publish","type":"product","link":"https:\/\/martehelgetun.no\/en\/produkt\/cubics-tupper-normal-lengde-8-mm\/","title":{"rendered":"Cubics Tupper (normal lengde) &#8211; 8 mm"},"content":{"rendered":"<p>Cubics er overraskende enkle \u00e5 arbeide med. Det er en lett, sterk\u00a0og fleksibel pinne i laminert bj\u00f8rk. En polert treoverflate fungerer utmekeret med alle typer garn. Unik og ergonomisk form gir god komfort for h\u00e5nden. \u00a0Dersom du synes store pinnerst\u00f8rrelser kan v\u00e6re litt strevsomt \u00e5 holde rundt, er Cubics et hyggelig bekjentskap.<\/p>\n","protected":false},"excerpt":{"rendered":"<div id=\"description\" class=\"tab-pane fade show active px-3\" role=\"tabpanel\">\n<div class=\"row\">\n<div class=\"col\">\n<div class=\"product attribute overview\">\n<div class=\"value\">\n<p>Cubics l\u00f8se tupper til \u00e5 sette p\u00e5 en vaier. \u00a0Firkantede pinner er fine til de som har reumatiske plager i hendene. anbefalt til vaiere fra 60 mm og oppover.<br \/>\nCubics passer ogs\u00e5 til v\u00e5re popul\u00e6re Swirl-vaiere fra Lantern Moon<\/p>\n<p>&nbsp;<\/p>\n<\/div>\n<\/div>\n<\/div>\n<\/div>\n<\/div>\n","protected":false},"featured_media":77062,"template":"","meta":{"_acf_changed":false,"_relevanssi_hide_post":"","_relevanssi_hide_content":"","_relevanssi_pin_for_all":"","_relevanssi_pin_keywords":"","_relevanssi_unpin_keywords":"","_relevanssi_related_keywords":"","_relevanssi_related_include_ids":"","_relevanssi_related_exclude_ids":"","_relevanssi_related_no_append":"","_relevanssi_related_not_related":"","_relevanssi_related_posts":"","_relevanssi_noindex_reason":""},"product_cat":[764,765],"product_tag":[],"acf":[],"_links":{"self":[{"href":"https:\/\/martehelgetun.no\/en\/wp-json\/wp\/v2\/product\/77075"}],"collection":[{"href":"https:\/\/martehelgetun.no\/en\/wp-json\/wp\/v2\/product"}],"about":[{"href":"https:\/\/martehelgetun.no\/en\/wp-json\/wp\/v2\/types\/product"}],"wp:featuredmedia":[{"embeddable":true,"href":"https:\/\/martehelgetun.no\/en\/wp-json\/wp\/v2\/media\/77062"}],"wp:attachment":[{"href":"https:\/\/martehelgetun.no\/en\/wp-json\/wp\/v2\/media?parent=77075"}],"wp:term":[{"taxonomy":"product_cat","embeddable":true,"href":"https:\/\/martehelgetun.no\/en\/wp-json\/wp\/v2\/product_cat?post=77075"},{"taxonomy":"product_tag","embeddable":true,"href":"https:\/\/martehelgetun.no\/en\/wp-json\/wp\/v2\/product_tag?post=77075"}],"curies":[{"name":"wp","href":"https:\/\/api.w.org\/{rel}","templated":true}]}}