{"id":76989,"date":"2024-07-02T13:01:52","date_gmt":"2024-07-02T11:01:52","guid":{"rendered":"https:\/\/martehelgetun.no\/?post_type=product&#038;p=76989"},"modified":"2025-07-04T16:31:02","modified_gmt":"2025-07-04T14:31:02","slug":"redesigned-project-2-walnut","status":"publish","type":"product","link":"https:\/\/martehelgetun.no\/en\/produkt\/redesigned-project-2-walnut\/","title":{"rendered":"Re:Designed Project 2 Walnut"},"content":{"rendered":"<div class=\"et_pb_tab clearfix et_pb_active_content et-pb-active-slide\">\n<div class=\"et_pb_tab_content\">\n<div class=\"flex-shrink-0 flex flex-col relative items-end\">\n<div class=\"pt-0.5 juice:pt-0\">\n<div class=\"et_pb_tab clearfix et_pb_active_content et-pb-active-slide\">\n<div class=\"et_pb_tab_content\">\n<p>PROSJEKT 2 er konstruert med v\u00e5r Urban-kvalitet, som best\u00e5r av naturlig farget kuskinn. F\u00f8r overflaten behandles med fargestoff for \u00e5 bevare det originale m\u00f8nsteret til r\u00e5skinnet. Kvaliteten defineres av sitt naturlige og myke utseende og f\u00f8lelse, hvor hver veske er unik med individuelle egenskaper. Etter at l\u00e6ret er farget, p\u00e5f\u00f8res en lett voks manuelt p\u00e5 overflaten. For \u00e5 \u00f8ke holdbarheten til l\u00e6ret og gj\u00f8re det mer motstandsdyktig mot smuss og vann, har du muligheten til \u00e5 valgfritt p\u00e5f\u00f8re RE:DESIGNED skinnbalsam.<\/p>\n<p>Farge: Walnut\/Gold<br \/>\nKvalitet: 100 % skinn<br \/>\nH:23 x W:22 x D:15 cm<\/p>\n<\/div>\n<\/div>\n<\/div>\n<\/div>\n<\/div>\n<\/div>\n","protected":false},"excerpt":{"rendered":"<div class=\"flex-shrink-0 flex flex-col relative items-end\">\n<div class=\"pt-0.5 juice:pt-0\">\n<div class=\"gizmo-bot-avatar flex h-6 w-6 items-center justify-center overflow-hidden rounded-full juice:h-8 juice:w-8\">\n<p>Praktisk crossoverveske i 100% mykt skinn fra det danske merket RE:DESIGNED. Det medf\u00f8lger en avtagbar, regulerbar skulderreim og vesken lukkes med glidel\u00e5s. Innvendig er det 6 lommer hvor du kan sortere alt av strikketilbeh\u00f8r du trenger \u00e5 ta med deg. Vesken har lekre detaljer i gull.<\/p>\n<p>Praktisk, allsidig veske som er perfekt for \u00e5 ta med seg et strikkeprosjekt eller to p\u00e5 tur.<\/p>\n<\/div>\n<\/div>\n<\/div>\n","protected":false},"featured_media":76966,"template":"","meta":{"_acf_changed":false,"_relevanssi_hide_post":"","_relevanssi_hide_content":"","_relevanssi_pin_for_all":"","_relevanssi_pin_keywords":"","_relevanssi_unpin_keywords":"","_relevanssi_related_keywords":"","_relevanssi_related_include_ids":"","_relevanssi_related_exclude_ids":"","_relevanssi_related_no_append":"","_relevanssi_related_not_related":"","_relevanssi_related_posts":"","_relevanssi_noindex_reason":""},"product_cat":[745,671],"product_tag":[],"class_list":{"0":"post-76989","1":"product","2":"type-product","3":"status-publish","4":"has-post-thumbnail","6":"product_cat-re-designed-project","7":"product_cat-oppbevaring","9":"first","10":"instock","11":"taxable","12":"shipping-taxable","13":"purchasable","14":"product-type-simple"},"acf":[],"_links":{"self":[{"href":"https:\/\/martehelgetun.no\/en\/wp-json\/wp\/v2\/product\/76989","targetHints":{"allow":["GET"]}}],"collection":[{"href":"https:\/\/martehelgetun.no\/en\/wp-json\/wp\/v2\/product"}],"about":[{"href":"https:\/\/martehelgetun.no\/en\/wp-json\/wp\/v2\/types\/product"}],"wp:featuredmedia":[{"embeddable":true,"href":"https:\/\/martehelgetun.no\/en\/wp-json\/wp\/v2\/media\/76966"}],"wp:attachment":[{"href":"https:\/\/martehelgetun.no\/en\/wp-json\/wp\/v2\/media?parent=76989"}],"wp:term":[{"taxonomy":"product_cat","embeddable":true,"href":"https:\/\/martehelgetun.no\/en\/wp-json\/wp\/v2\/product_cat?post=76989"},{"taxonomy":"product_tag","embeddable":true,"href":"https:\/\/martehelgetun.no\/en\/wp-json\/wp\/v2\/product_tag?post=76989"}],"curies":[{"name":"wp","href":"https:\/\/api.w.org\/{rel}","templated":true}]}}