{"id":76839,"date":"2024-06-28T12:30:05","date_gmt":"2024-06-28T10:30:05","guid":{"rendered":"https:\/\/martehelgetun.no\/?post_type=product&#038;p=76839"},"modified":"2026-04-22T15:23:27","modified_gmt":"2026-04-22T13:23:27","slug":"alvebarntopp-i-line-barnehagebarn","status":"publish","type":"product","link":"https:\/\/martehelgetun.no\/en\/product\/alvebarntopp-i-line-barnehagebarn\/","title":{"rendered":"Alvebarntopp i Line &#8211; Barnehagebarn"},"content":{"rendered":"<p><strong>St\u00f8rrelser og m\u00e5l<\/strong><b><br \/>\n<\/b>St\u00f8rrelser: 1 (2) 4 (6) \u00e5r<br \/>\nOvervidde: 58 (60) 67 (69) cm<br \/>\nHel lengde: 36 (40) 44 (48) cm<\/p>\n<p>&nbsp;<\/p>\n<p><strong>Garn og garnforbruk<\/strong><br \/>\nLine fra Sandnes Garn<br \/>\n2 (3) 3 (4) n\u00f8ster nr. 3511 Pudderrosa<\/p>\n<p>&nbsp;<\/p>\n<p><strong>Tilbeh\u00f8r<\/strong><b><br \/>\n<\/b>1 liten kokosknapp 15 mm<\/p>\n<p><strong><br \/>\nPinne og strikkefasthet<\/strong><br \/>\n60 cm rundpinne 3,5 og 4<br \/>\nen pinne nr. 3 til I-cord avfellingen<br \/>\n22 masker glattstrikk p\u00e5 pinne nr. 4 = 10 cm<\/p>\n","protected":false},"excerpt":{"rendered":"<p>Den fine sommeralven v\u00e5r fortjente \u00e5 komme i barnest\u00f8rrelser. Her starter du i halsen og strikker nedover. Alt av \u00f8kinger til skulder foreg\u00e5r i hullm\u00f8nseret noe som gj\u00f8r denne toppen skikkelig g\u00f8y \u00e5 strikke.<\/p>\n<p>&nbsp;<\/p>\n<p>&nbsp;<\/p>\n<p><strong>Norsk og Engelsk oppskrift.<\/strong> Du f\u00e5r tilgang til alle spr\u00e5k som pdf fil ved kj\u00f8p.<\/p>\n<hr \/>\n<p data-start=\"0\" data-end=\"224\">Our lovely summer elf deserved to come in children\u2019s sizes. You start at the neckline and work downward. All the increases for the shoulders are incorporated into the eyelet pattern, making this top especially fun to knit.<\/p>\n<p data-start=\"226\" data-end=\"334\" data-is-last-node=\"\" data-is-only-node=\"\"><strong>Norwegian and English pattern included.<\/strong> You will receive access to all languages as PDF files upon purchase.<\/p>\n","protected":false},"featured_media":76842,"template":"","meta":{"_acf_changed":false,"_relevanssi_hide_post":"","_relevanssi_hide_content":"","_relevanssi_pin_for_all":"","_relevanssi_pin_keywords":"","_relevanssi_unpin_keywords":"","_relevanssi_related_keywords":"","_relevanssi_related_include_ids":"","_relevanssi_related_exclude_ids":"","_relevanssi_related_no_append":"","_relevanssi_related_not_related":"","_relevanssi_related_posts":"","_relevanssi_noindex_reason":""},"product_brand":[],"product_cat":[734,60,279,246],"product_tag":[762,128,441,442,43,134,763,136,460],"class_list":{"0":"post-76839","1":"product","2":"type-product","3":"status-publish","4":"has-post-thumbnail","6":"product_cat-sommerstrikk","7":"product_cat-strikkeoppskrifter","8":"product_cat-topp","9":"product_cat-tullemor-lillebror","10":"product_tag-alvebarnkjole","11":"product_tag-design-by-marte-helgetun","12":"product_tag-kjole-barn","13":"product_tag-kjole-barnehagebarn","14":"product_tag-line","15":"product_tag-marte-helgetun","16":"product_tag-sommeralvkjole","17":"product_tag-strikkeoppskrift","18":"product_tag-tullemor-og-lillebror","20":"first","21":"instock","22":"downloadable","23":"taxable","24":"shipping-taxable","25":"purchasable","26":"product-type-mht_bundle"},"acf":[],"_links":{"self":[{"href":"https:\/\/martehelgetun.no\/en\/wp-json\/wp\/v2\/product\/76839","targetHints":{"allow":["GET"]}}],"collection":[{"href":"https:\/\/martehelgetun.no\/en\/wp-json\/wp\/v2\/product"}],"about":[{"href":"https:\/\/martehelgetun.no\/en\/wp-json\/wp\/v2\/types\/product"}],"wp:featuredmedia":[{"embeddable":true,"href":"https:\/\/martehelgetun.no\/en\/wp-json\/wp\/v2\/media\/76842"}],"wp:attachment":[{"href":"https:\/\/martehelgetun.no\/en\/wp-json\/wp\/v2\/media?parent=76839"}],"wp:term":[{"taxonomy":"product_brand","embeddable":true,"href":"https:\/\/martehelgetun.no\/en\/wp-json\/wp\/v2\/product_brand?post=76839"},{"taxonomy":"product_cat","embeddable":true,"href":"https:\/\/martehelgetun.no\/en\/wp-json\/wp\/v2\/product_cat?post=76839"},{"taxonomy":"product_tag","embeddable":true,"href":"https:\/\/martehelgetun.no\/en\/wp-json\/wp\/v2\/product_tag?post=76839"}],"curies":[{"name":"wp","href":"https:\/\/api.w.org\/{rel}","templated":true}]}}