{"id":76443,"date":"2024-06-12T12:25:39","date_gmt":"2024-06-12T10:25:39","guid":{"rendered":"https:\/\/martehelgetun.no\/?post_type=product&#038;p=76443"},"modified":"2025-06-10T13:30:30","modified_gmt":"2025-06-10T11:30:30","slug":"roverjakke-barnehagebarn","status":"publish","type":"product","link":"https:\/\/martehelgetun.no\/en\/produkt\/roverjakke-barnehagebarn\/","title":{"rendered":"R\u00f8verjakke &#8211; Barnehagebarn"},"content":{"rendered":"<div class=\"page\" title=\"Page 4\">\n<div class=\"section\">\n<div class=\"layoutArea\">\n<div class=\"column\">\n<p><strong>ST\u00d8RRELSER OG MA\u030aL<\/strong><br \/>\nSt\u00f8rrelser: 1 (2) 4 (6) a\u030ar Overvidde: 54 (61) 67 (75) cm Hel lengde: 26 (30) 34 (38) cm Ermlengde: 20 (22) 26 (30) cm<\/p>\n<p>&nbsp;<\/p>\n<p><strong>GARN OG GARNFORBRUK<\/strong><br \/>\nLunt + Lett by Marte Helgetun<br \/>\n2 (2) 3 (3) n\u00f8ster Lunt nr. 06 Skifer<br \/>\n2 (2) 2 (3) n\u00f8ster Lett nr. 06 Skifer<br \/>\nJakken strikkes med en tra\u030ad av hver kvalitet.<\/p>\n<p>&nbsp;<\/p>\n<p><strong>TILBEH\u00d8R<\/strong><br \/>\n6 (7) 8 (9) sma\u030a treknapper 15 mm<\/p>\n<p>&nbsp;<\/p>\n<p><strong>PINNER OG STRIKKEFASTHET<\/strong><br \/>\n60 cm rundpinne nr. 3,5 og 4<br \/>\nSettpinner nr. 3,5 og 4<br \/>\n22 masker strukturstrikk med en tra\u030ad av hver kvalitet pa\u030a pinne nr. 4 = 10 cm<\/p>\n<\/div>\n<\/div>\n<\/div>\n<\/div>\n","protected":false},"excerpt":{"rendered":"<div class=\"page\" title=\"Page 4\">\n<div class=\"section\">\n<div class=\"layoutArea\">\n<div class=\"column\">\n<p>En enkel strukturstrikket jakke er alltid kjekt. Her har vi brukt samme strukturen som pa\u030a va\u030are Happy Feet Summer Vibes, noe som gj\u00f8r det ekstra fint a\u030a bruke sammen. Denne jakken passer like godt til gutt som til jente, og strikkes ovenfra og ned slik at du enkelt kan pr\u00f8ve pa\u030a underveis for a\u030a tilpasse lengden til barnet.<\/p>\n<p>&nbsp;<\/p>\n<p>&nbsp;<\/p>\n<p><strong>Norsk og Engelsk oppskrift.<\/strong> Du f\u00e5r tilgang til alle spr\u00e5k som pdf fil ved kj\u00f8p.<\/p>\n<\/div>\n<\/div>\n<\/div>\n<\/div>\n","protected":false},"featured_media":76408,"template":"","meta":{"_acf_changed":false,"_relevanssi_hide_post":"","_relevanssi_hide_content":"","_relevanssi_pin_for_all":"","_relevanssi_pin_keywords":"","_relevanssi_unpin_keywords":"","_relevanssi_related_keywords":"","_relevanssi_related_include_ids":"","_relevanssi_related_exclude_ids":"","_relevanssi_related_no_append":"","_relevanssi_related_not_related":"","_relevanssi_related_posts":"","_relevanssi_noindex_reason":""},"product_cat":[60,246,208],"product_tag":[128,211,454,471,37,33,134,759,136,460],"class_list":{"0":"post-76443","1":"product","2":"type-product","3":"status-publish","4":"has-post-thumbnail","6":"product_cat-strikkeoppskrifter","7":"product_cat-tullemor-lillebror","8":"product_cat-jakke","9":"product_tag-design-by-marte-helgetun","10":"product_tag-jakke","11":"product_tag-jakke-barn","12":"product_tag-jakke-barnehage","13":"product_tag-lett","14":"product_tag-lunt","15":"product_tag-marte-helgetun","16":"product_tag-roverjakke","17":"product_tag-strikkeoppskrift","18":"product_tag-tullemor-og-lillebror","20":"first","21":"instock","22":"downloadable","23":"taxable","24":"shipping-taxable","25":"purchasable","26":"product-type-mht_bundle"},"acf":[],"_links":{"self":[{"href":"https:\/\/martehelgetun.no\/en\/wp-json\/wp\/v2\/product\/76443","targetHints":{"allow":["GET"]}}],"collection":[{"href":"https:\/\/martehelgetun.no\/en\/wp-json\/wp\/v2\/product"}],"about":[{"href":"https:\/\/martehelgetun.no\/en\/wp-json\/wp\/v2\/types\/product"}],"wp:featuredmedia":[{"embeddable":true,"href":"https:\/\/martehelgetun.no\/en\/wp-json\/wp\/v2\/media\/76408"}],"wp:attachment":[{"href":"https:\/\/martehelgetun.no\/en\/wp-json\/wp\/v2\/media?parent=76443"}],"wp:term":[{"taxonomy":"product_cat","embeddable":true,"href":"https:\/\/martehelgetun.no\/en\/wp-json\/wp\/v2\/product_cat?post=76443"},{"taxonomy":"product_tag","embeddable":true,"href":"https:\/\/martehelgetun.no\/en\/wp-json\/wp\/v2\/product_tag?post=76443"}],"curies":[{"name":"wp","href":"https:\/\/api.w.org\/{rel}","templated":true}]}}