{"id":76438,"date":"2024-06-12T12:11:16","date_gmt":"2024-06-12T10:11:16","guid":{"rendered":"https:\/\/martehelgetun.no\/?post_type=product&#038;p=76438"},"modified":"2025-06-10T13:39:24","modified_gmt":"2025-06-10T11:39:24","slug":"rovercaps","status":"publish","type":"product","link":"https:\/\/martehelgetun.no\/en\/produkt\/rovercaps\/","title":{"rendered":"R\u00f8vercaps"},"content":{"rendered":"<div class=\"page\" title=\"Page 4\">\n<div class=\"section\">\n<div class=\"layoutArea\">\n<div class=\"column\">\n<p><strong>ST\u00d8RRELSER OG MA\u030aL<br \/>\n<\/strong>St\u00f8rrelser: 0,5-1 a\u030ar (1-3 a\u030ar) 3-6 a\u030ar Hodeomkrets: ca 40 (43) 46 cm<\/p>\n<p>&nbsp;<\/p>\n<p><strong>GARN OG GARNFORBRUK<br \/>\n<\/strong>Lunt + Lett by Marte Helgetun<br \/>\n1 n\u00f8ste Lunt nr. 06 skifer<br \/>\n1 n\u00f8ste Lett nr. 06 skifer<br \/>\nCapsen strikkes med en tra\u030ad av hver kvalitet<\/p>\n<p>&nbsp;<\/p>\n<p><strong>TILBEH\u00d8R<\/strong><br \/>\n1 sotet treknapp 18 mm i diameter<br \/>\nLiten luebrem ca 14 cm<\/p>\n<p>&nbsp;<\/p>\n<p><strong>PINNER OG STRIKKEFASTHET<\/strong><br \/>\n40 cm rundpinne og settpinner nr. 4<br \/>\n23 masker strukturstrikk med en tra\u030ad av hver kvalitet pa\u030a pinne nr. 4 = 10 cm<\/p>\n<\/div>\n<\/div>\n<\/div>\n<\/div>\n","protected":false},"excerpt":{"rendered":"<div class=\"page\" title=\"Page 4\">\n<div class=\"section\">\n<div class=\"layoutArea\">\n<div class=\"column\">\n<p>Det finnes vel knapt noe mer sjarmerende enn sma\u030a barn med hjemmestrikkede luer. R\u00f8vercapsen er strikket i samme struktur som r\u00f8verjakken. Perfekt til fint\u00f8yet.<\/p>\n<p>&nbsp;<\/p>\n<p>&nbsp;<\/p>\n<p><strong>Norsk og Engelsk oppskrift.<\/strong> Du f\u00e5r tilgang til alle spr\u00e5k som pdf fil ved kj\u00f8p.<\/p>\n<\/div>\n<\/div>\n<\/div>\n<\/div>\n","protected":false},"featured_media":76394,"template":"","meta":{"_acf_changed":false,"_relevanssi_hide_post":"","_relevanssi_hide_content":"","_relevanssi_pin_for_all":"","_relevanssi_pin_keywords":"","_relevanssi_unpin_keywords":"","_relevanssi_related_keywords":"","_relevanssi_related_include_ids":"","_relevanssi_related_exclude_ids":"","_relevanssi_related_no_append":"","_relevanssi_related_not_related":"","_relevanssi_related_posts":"","_relevanssi_noindex_reason":""},"product_cat":[60,246,401],"product_tag":[128,37,33,134,757,758,136,460],"class_list":{"0":"post-76438","1":"product","2":"type-product","3":"status-publish","4":"has-post-thumbnail","6":"product_cat-strikkeoppskrifter","7":"product_cat-tullemor-lillebror","8":"product_cat-lue-panneband","9":"product_tag-design-by-marte-helgetun","10":"product_tag-lett","11":"product_tag-lunt","12":"product_tag-marte-helgetun","13":"product_tag-rovercaps","14":"product_tag-strikkecaps","15":"product_tag-strikkeoppskrift","16":"product_tag-tullemor-og-lillebror","18":"first","19":"instock","20":"downloadable","21":"taxable","22":"shipping-taxable","23":"purchasable","24":"product-type-mht_bundle"},"acf":[],"_links":{"self":[{"href":"https:\/\/martehelgetun.no\/en\/wp-json\/wp\/v2\/product\/76438","targetHints":{"allow":["GET"]}}],"collection":[{"href":"https:\/\/martehelgetun.no\/en\/wp-json\/wp\/v2\/product"}],"about":[{"href":"https:\/\/martehelgetun.no\/en\/wp-json\/wp\/v2\/types\/product"}],"wp:featuredmedia":[{"embeddable":true,"href":"https:\/\/martehelgetun.no\/en\/wp-json\/wp\/v2\/media\/76394"}],"wp:attachment":[{"href":"https:\/\/martehelgetun.no\/en\/wp-json\/wp\/v2\/media?parent=76438"}],"wp:term":[{"taxonomy":"product_cat","embeddable":true,"href":"https:\/\/martehelgetun.no\/en\/wp-json\/wp\/v2\/product_cat?post=76438"},{"taxonomy":"product_tag","embeddable":true,"href":"https:\/\/martehelgetun.no\/en\/wp-json\/wp\/v2\/product_tag?post=76438"}],"curies":[{"name":"wp","href":"https:\/\/api.w.org\/{rel}","templated":true}]}}