{"id":75887,"date":"2024-05-24T11:31:32","date_gmt":"2024-05-24T09:31:32","guid":{"rendered":"https:\/\/martehelgetun.no\/?post_type=product&#038;p=75887"},"modified":"2024-12-30T12:12:34","modified_gmt":"2024-12-30T11:12:34","slug":"redesigned-project-12-svart","status":"publish","type":"product","link":"https:\/\/martehelgetun.no\/en\/product\/redesigned-project-12-svart\/","title":{"rendered":"Re:Designed Project 12 Svart"},"content":{"rendered":"<div class=\"et_pb_tab clearfix et_pb_active_content et-pb-active-slide\">\n<div class=\"et_pb_tab_content\">\n<div class=\"flex-shrink-0 flex flex-col relative items-end\">\n<div class=\"pt-0.5 juice:pt-0\">\n<div class=\"et_pb_tab clearfix et_pb_active_content et-pb-active-slide\">\n<div class=\"et_pb_tab_content\">\n<p>PROSJEKT 12 er konstruert med v\u00e5r Urban-kvalitet, som best\u00e5r av naturlig farget kuskinn. F\u00f8r overflaten behandles med fargestoff for \u00e5 bevare det originale m\u00f8nsteret til r\u00e5skinnet. Kvaliteten defineres av sitt naturlige og myke utseende og f\u00f8lelse, hvor hver veske er unik med individuelle egenskaper. Etter at l\u00e6ret er farget, p\u00e5f\u00f8res en lett voks manuelt p\u00e5 overflaten. For \u00e5 \u00f8ke holdbarheten til l\u00e6ret og gj\u00f8re det mer motstandsdyktig mot smuss og vann, har du muligheten til \u00e5 valgfritt p\u00e5f\u00f8re RE:DESIGNED skinnbalsam.<\/p>\n<p>Farge: Black\/Gold<br \/>\nKvalitet: 100 % skinn<br \/>\nM\u00e5l: H:8 x B:29 (\u00f8verst) x D:8 cm<\/p>\n<\/div>\n<\/div>\n<\/div>\n<\/div>\n<\/div>\n<\/div>\n","protected":false},"excerpt":{"rendered":"<div class=\"flex-shrink-0 flex flex-col relative items-end\">\n<div class=\"pt-0.5 juice:pt-0\">\n<div class=\"gizmo-bot-avatar flex h-6 w-6 items-center justify-center overflow-hidden rounded-full juice:h-8 juice:w-8\">Project 12 er en trekantet skinnpennal designet for oppbevaring av strikkepinner og heklen\u00e5ler, komplett med en gyllen YKK-glidel\u00e5s. Den er ideell for lange strikkepinner opptil 21 cm, maskemerker, saks, heklen\u00e5ler og andre sm\u00e5ting.<\/div>\n<\/div>\n<\/div>\n","protected":false},"featured_media":75873,"template":"","meta":{"_acf_changed":false,"_relevanssi_hide_post":"","_relevanssi_hide_content":"","_relevanssi_pin_for_all":"","_relevanssi_pin_keywords":"","_relevanssi_unpin_keywords":"","_relevanssi_related_keywords":"","_relevanssi_related_include_ids":"","_relevanssi_related_exclude_ids":"","_relevanssi_related_no_append":"","_relevanssi_related_not_related":"","_relevanssi_related_posts":"","_relevanssi_noindex_reason":""},"product_brand":[],"product_cat":[745,671],"product_tag":[],"class_list":{"0":"post-75887","1":"product","2":"type-product","3":"status-publish","4":"has-post-thumbnail","6":"product_cat-re-designed-project","7":"product_cat-oppbevaring","9":"first","10":"instock","11":"taxable","12":"shipping-taxable","13":"purchasable","14":"product-type-simple"},"acf":[],"_links":{"self":[{"href":"https:\/\/martehelgetun.no\/en\/wp-json\/wp\/v2\/product\/75887","targetHints":{"allow":["GET"]}}],"collection":[{"href":"https:\/\/martehelgetun.no\/en\/wp-json\/wp\/v2\/product"}],"about":[{"href":"https:\/\/martehelgetun.no\/en\/wp-json\/wp\/v2\/types\/product"}],"wp:featuredmedia":[{"embeddable":true,"href":"https:\/\/martehelgetun.no\/en\/wp-json\/wp\/v2\/media\/75873"}],"wp:attachment":[{"href":"https:\/\/martehelgetun.no\/en\/wp-json\/wp\/v2\/media?parent=75887"}],"wp:term":[{"taxonomy":"product_brand","embeddable":true,"href":"https:\/\/martehelgetun.no\/en\/wp-json\/wp\/v2\/product_brand?post=75887"},{"taxonomy":"product_cat","embeddable":true,"href":"https:\/\/martehelgetun.no\/en\/wp-json\/wp\/v2\/product_cat?post=75887"},{"taxonomy":"product_tag","embeddable":true,"href":"https:\/\/martehelgetun.no\/en\/wp-json\/wp\/v2\/product_tag?post=75887"}],"curies":[{"name":"wp","href":"https:\/\/api.w.org\/{rel}","templated":true}]}}